{"id":14798,"date":"2024-02-23T11:46:44","date_gmt":"2024-02-23T09:46:44","guid":{"rendered":"https:\/\/gmundner-lodge.com\/imprint\/"},"modified":"2024-11-06T09:39:58","modified_gmt":"2024-11-06T07:39:58","slug":"imprint","status":"publish","type":"page","link":"https:\/\/gmundner-lodge.com\/fr\/imprint\/","title":{"rendered":"Imprint"},"content":{"rendered":"\t\t<div data-elementor-type=\"wp-page\" data-elementor-id=\"14798\" class=\"elementor elementor-14798 elementor-14772\" data-elementor-post-type=\"page\">\n\t\t\t\t\t\t<section class=\"elementor-section elementor-top-section elementor-element elementor-element-4fff631 elementor-section-full_width elementor-section-height-min-height elementor-section-items-stretch elementor-section-height-default\" data-id=\"4fff631\" data-element_type=\"section\" data-e-type=\"section\">\n\t\t\t\t\t\t<div class=\"elementor-container elementor-column-gap-default\">\n\t\t\t\t\t<div class=\"elementor-column elementor-col-50 elementor-top-column elementor-element elementor-element-6515316\" data-id=\"6515316\" data-element_type=\"column\" data-e-type=\"column\" data-settings=\"{&quot;background_background&quot;:&quot;classic&quot;}\">\n\t\t\t<div class=\"elementor-widget-wrap elementor-element-populated\">\n\t\t\t\t\t\t<div class=\"elementor-element elementor-element-8d1e221 elementor-hidden-mobile elementor-widget elementor-widget-spacer\" data-id=\"8d1e221\" data-element_type=\"widget\" data-e-type=\"widget\" data-widget_type=\"spacer.default\">\n\t\t\t\t<div class=\"elementor-widget-container\">\n\t\t\t\t\t\t\t<div class=\"elementor-spacer\">\n\t\t\t<div class=\"elementor-spacer-inner\"><\/div>\n\t\t<\/div>\n\t\t\t\t\t\t<\/div>\n\t\t\t\t<\/div>\n\t\t\t\t\t<\/div>\n\t\t<\/div>\n\t\t\t\t<div class=\"elementor-column elementor-col-50 elementor-top-column elementor-element elementor-element-bbfa584\" data-id=\"bbfa584\" data-element_type=\"column\" data-e-type=\"column\">\n\t\t\t<div class=\"elementor-widget-wrap elementor-element-populated\">\n\t\t\t\t\t\t<div class=\"elementor-element elementor-element-94fb8ca elementor-widget elementor-widget-theme-site-logo elementor-widget-image\" data-id=\"94fb8ca\" data-element_type=\"widget\" data-e-type=\"widget\" data-widget_type=\"theme-site-logo.default\">\n\t\t\t\t<div class=\"elementor-widget-container\">\n\t\t\t\t\t\t\t\t\t\t\t<a href=\"https:\/\/gmundner-lodge.com\/fr\/\">\n\t\t\t<img decoding=\"async\" width=\"90\" height=\"51\" src=\"https:\/\/gmundner-lodge.com\/wp-content\/uploads\/2021\/11\/Gmundner-Lodge-Logo-1.svg\" class=\"attachment-full size-full wp-image-7710\" alt=\"Gmundner Lodge Logo\" title=\"\">\t\t\t\t<\/a>\n\t\t\t\t\t\t\t\t\t\t\t<\/div>\n\t\t\t\t<\/div>\n\t\t\t\t<div class=\"elementor-element elementor-element-17415e9 elementor-widget elementor-widget-text-editor\" data-id=\"17415e9\" data-element_type=\"widget\" data-e-type=\"widget\" data-widget_type=\"text-editor.default\">\n\t\t\t\t<div class=\"elementor-widget-container\">\n\t\t\t\t\t\t\t\t\t<h1>Mentions l\u00e9gales<\/h1>\t\t\t\t\t\t\t\t<\/div>\n\t\t\t\t<\/div>\n\t\t\t\t<div class=\"elementor-element elementor-element-28a620b elementor-widget elementor-widget-text-editor\" data-id=\"28a620b\" data-element_type=\"widget\" data-e-type=\"widget\" data-widget_type=\"text-editor.default\">\n\t\t\t\t<div class=\"elementor-widget-container\">\n\t\t\t\t\t\t\t\t\t<p>Propri\u00e9taire du m\u00e9dia<\/p><p>Gmundner Lodge (Pty) Ltd<br \/>Adresse postale :<br \/>PO Box 39<br \/>Windhoek<br \/>Namibia<\/p><p>Adresse professionnelle :<br \/>84 Farm Waldburg<br \/>Windhoek District<br \/>Namibia<\/p><p>T\u00e9l\u00e9phone: +264818030749<br \/>E-mail : marketing@gmundner-lodge.com<\/p><p>\u00a0<\/p><p>Beyond Digitalagentur GmbH<br \/>M\u00fchlbachweg 2<br \/>5301 Eugendorf<br \/>T\u00e9l\u00e9phone : +43 662 \/ 93 16 26\u00a0<br \/>Courriel : hello@beyonddigital.at<br \/>Web : beyonddigital.at<\/p><p>Droits d&rsquo;auteur :<\/p><p>Tous les textes, donn\u00e9es et images. Tous droits r\u00e9serv\u00e9s.<\/p><p>Photo Credits:<br \/>Patricia Parinejad<br \/>BAZZOKA Creative<br \/>Moritz Ott<\/p><p>Les liens propres aux sites externes ne sont que des indications vers ces sites. L&rsquo;\u00e9diteur ne s&rsquo;identifie pas au contenu des pages li\u00e9es et d\u00e9cline toute responsabilit\u00e9 \u00e0 cet \u00e9gard.<\/p>\t\t\t\t\t\t\t\t<\/div>\n\t\t\t\t<\/div>\n\t\t\t\t<div class=\"elementor-element elementor-element-ad258ef elementor-widget elementor-widget-heading\" data-id=\"ad258ef\" data-element_type=\"widget\" data-e-type=\"widget\" data-widget_type=\"heading.default\">\n\t\t\t\t<div class=\"elementor-widget-container\">\n\t\t\t\t\t<p class=\"elementor-heading-title elementor-size-default\"><a href=\"https:\/\/gmundner-lodge.com\/\">Return to Homepage<\/a><\/p>\t\t\t\t<\/div>\n\t\t\t\t<\/div>\n\t\t\t\t\t<\/div>\n\t\t<\/div>\n\t\t\t\t\t<\/div>\n\t\t<\/section>\n\t\t\t\t<\/div>\n\t\t","protected":false},"excerpt":{"rendered":"<p>Mentions l\u00e9gales Propri\u00e9taire du m\u00e9dia Gmundner Lodge (Pty) LtdAdresse postale :PO Box 39WindhoekNamibia Adresse professionnelle :84 Farm WaldburgWindhoek DistrictNamibia T\u00e9l\u00e9phone: +264818030749E-mail : marketing@gmundner-lodge.com \u00a0 Beyond Digitalagentur GmbHM\u00fchlbachweg 25301 EugendorfT\u00e9l\u00e9phone : +43 662 \/ 93 16 26\u00a0Courriel : hello@beyonddigital.atWeb : beyonddigital.at Droits d&rsquo;auteur : Tous les textes, donn\u00e9es et images. Tous droits r\u00e9serv\u00e9s. Photo Credits:Patricia ParinejadBAZZOKA [&hellip;]<\/p>\n","protected":false},"author":5,"featured_media":0,"parent":0,"menu_order":0,"comment_status":"closed","ping_status":"closed","template":"","meta":{"inline_featured_image":false,"footnotes":""},"class_list":["post-14798","page","type-page","status-publish","hentry"],"_links":{"self":[{"href":"https:\/\/gmundner-lodge.com\/fr\/wp-json\/wp\/v2\/pages\/14798","targetHints":{"allow":["GET"]}}],"collection":[{"href":"https:\/\/gmundner-lodge.com\/fr\/wp-json\/wp\/v2\/pages"}],"about":[{"href":"https:\/\/gmundner-lodge.com\/fr\/wp-json\/wp\/v2\/types\/page"}],"author":[{"embeddable":true,"href":"https:\/\/gmundner-lodge.com\/fr\/wp-json\/wp\/v2\/users\/5"}],"replies":[{"embeddable":true,"href":"https:\/\/gmundner-lodge.com\/fr\/wp-json\/wp\/v2\/comments?post=14798"}],"version-history":[{"count":0,"href":"https:\/\/gmundner-lodge.com\/fr\/wp-json\/wp\/v2\/pages\/14798\/revisions"}],"wp:attachment":[{"href":"https:\/\/gmundner-lodge.com\/fr\/wp-json\/wp\/v2\/media?parent=14798"}],"curies":[{"name":"wp","href":"https:\/\/api.w.org\/{rel}","templated":true}]}}