{"id":10502,"date":"2022-08-07T03:50:04","date_gmt":"2022-08-07T01:50:04","guid":{"rendered":"https:\/\/gmundner-lodge.com\/social-responsibility\/"},"modified":"2024-05-23T15:07:11","modified_gmt":"2024-05-23T13:07:11","slug":"social-responsibility","status":"publish","type":"page","link":"https:\/\/gmundner-lodge.com\/fr\/social-responsibility\/","title":{"rendered":"Social Responsibility"},"content":{"rendered":"\t\t<div data-elementor-type=\"wp-page\" data-elementor-id=\"10502\" class=\"elementor elementor-10502 elementor-3964\" data-elementor-post-type=\"page\">\n\t\t\t\t\t\t<section class=\"elementor-section elementor-top-section elementor-element elementor-element-9d1cb66 elementor-section-full_width elementor-section-height-min-height elementor-section-items-stretch elementor-hidden-mobile elementor-section-height-default\" data-id=\"9d1cb66\" data-element_type=\"section\" data-e-type=\"section\" data-settings=\"{&quot;motion_fx_motion_fx_scrolling&quot;:&quot;yes&quot;,&quot;background_background&quot;:&quot;video&quot;,&quot;background_video_link&quot;:&quot;https:\\\/\\\/youtu.be\\\/NgSTRaOGHgk&quot;,&quot;background_video_start&quot;:6,&quot;background_play_on_mobile&quot;:&quot;yes&quot;,&quot;motion_fx_devices&quot;:[&quot;desktop&quot;,&quot;tablet&quot;,&quot;mobile&quot;]}\">\n\t\t\t\t\t\t\t\t<div class=\"elementor-background-video-container\">\n\t\t\t\t\t\t\t\t\t\t\t\t\t<div class=\"elementor-background-video-embed\" role=\"presentation\"><\/div>\n\t\t\t\t\t\t\t\t\t\t\t\t<\/div>\n\t\t\t\t\t\t\t\t<div class=\"elementor-container elementor-column-gap-default\">\n\t\t\t\t\t<div class=\"elementor-column elementor-col-100 elementor-top-column elementor-element elementor-element-d95b68a\" data-id=\"d95b68a\" data-element_type=\"column\" data-e-type=\"column\" data-settings=\"{&quot;motion_fx_motion_fx_scrolling&quot;:&quot;yes&quot;,&quot;motion_fx_range&quot;:&quot;page&quot;,&quot;motion_fx_devices&quot;:[&quot;desktop&quot;,&quot;tablet&quot;,&quot;mobile&quot;]}\">\n\t\t\t<div class=\"elementor-widget-wrap elementor-element-populated\">\n\t\t\t\t\t\t<div class=\"elementor-element elementor-element-c1d6bd2 elementor-widget__width-auto elementor-widget elementor-widget-qi_addons_for_elementor_button\" data-id=\"c1d6bd2\" data-element_type=\"widget\" data-e-type=\"widget\" data-widget_type=\"qi_addons_for_elementor_button.default\">\n\t\t\t\t<div class=\"elementor-widget-container\">\n\t\t\t\t\t<a class=\"qodef-shortcode qodef-m qodef-qi-button qodef-html--link qodef-layout--outlined qodef-type--inner-border qodef-hover--reveal qodef--reveal-horizontal qodef-icon--left qodef-hover--icon-move-horizontal-short qodef-inner-border-hover--draw q-draw-one-point\" href=\"https:\/\/vimeo.com\/manage\/videos\/741519538\/bbdb587d60\" target=\"_blank\" rel=\"noopener\">\n\t<span class=\"qodef-m-text\">Watch full video<\/span>\n\t\t<div class=\"qodef-m-inner-border\">\n\t\t\t\t\t<span class=\"qodef-m-border-top\"><\/span>\n\t\t\t<span class=\"qodef-m-border-right\"><\/span>\n\t\t\t<span class=\"qodef-m-border-bottom\"><\/span>\n\t\t\t<span class=\"qodef-m-border-left\"><\/span>\n\t\t\t\t<\/div>\n\t\t\t<div class=\"qodef-m-inner-border qodef-m-inner-border-copy\">\n\t\t\t<span class=\"qodef-m-border-top\"><\/span>\n\t\t\t<span class=\"qodef-m-border-right\"><\/span>\n\t\t\t<span class=\"qodef-m-border-bottom\"><\/span>\n\t\t\t<span class=\"qodef-m-border-left\"><\/span>\n\t\t<\/div>\n\t\t<\/a>\n\t\t\t\t<\/div>\n\t\t\t\t<\/div>\n\t\t\t\t\t<\/div>\n\t\t<\/div>\n\t\t\t\t\t<\/div>\n\t\t<\/section>\n\t\t\t\t<section class=\"elementor-section elementor-top-section elementor-element elementor-element-2b6db142 elementor-section-full_width elementor-section-height-min-height elementor-section-items-stretch elementor-section-height-default\" data-id=\"2b6db142\" data-element_type=\"section\" data-e-type=\"section\">\n\t\t\t\t\t\t<div class=\"elementor-container elementor-column-gap-default\">\n\t\t\t\t\t<div class=\"elementor-column elementor-col-50 elementor-top-column elementor-element elementor-element-146140a7\" data-id=\"146140a7\" data-element_type=\"column\" data-e-type=\"column\">\n\t\t\t<div class=\"elementor-widget-wrap elementor-element-populated\">\n\t\t\t\t\t\t<div class=\"elementor-element elementor-element-70955100 elementor-widget elementor-widget-heading\" data-id=\"70955100\" data-element_type=\"widget\" data-e-type=\"widget\" data-widget_type=\"heading.default\">\n\t\t\t\t<div class=\"elementor-widget-container\">\n\t\t\t\t\t<h1 class=\"elementor-heading-title elementor-size-default\">PROJETS DE RESPONSABILIT\u00c9 SOCIALE<\/h1>\t\t\t\t<\/div>\n\t\t\t\t<\/div>\n\t\t\t\t\t<\/div>\n\t\t<\/div>\n\t\t\t\t<div class=\"elementor-column elementor-col-50 elementor-top-column elementor-element elementor-element-2002aaf2\" data-id=\"2002aaf2\" data-element_type=\"column\" data-e-type=\"column\">\n\t\t\t<div class=\"elementor-widget-wrap elementor-element-populated\">\n\t\t\t\t\t\t<div class=\"elementor-element elementor-element-31741aea elementor-widget elementor-widget-text-editor\" data-id=\"31741aea\" data-element_type=\"widget\" data-e-type=\"widget\" data-widget_type=\"text-editor.default\">\n\t\t\t\t<div class=\"elementor-widget-container\">\n\t\t\t\t\t\t\t\t\t<h2 class=\"ql-block\" data-block-id=\"block-92e442d5-c54d-43f4-a78e-f59821e5b869\">Gmundner Lodge souhaite apporter sa contribution aux communaut\u00e9s locales, c&rsquo;est pourquoi nous soutenons ces projets.<\/h2>\t\t\t\t\t\t\t\t<\/div>\n\t\t\t\t<\/div>\n\t\t\t\t\t<\/div>\n\t\t<\/div>\n\t\t\t\t\t<\/div>\n\t\t<\/section>\n\t\t\t\t<section class=\"elementor-section elementor-top-section elementor-element elementor-element-1a10637 elementor-section-full_width animated-slow elementor-reverse-mobile elementor-section-height-default elementor-section-height-default elementor-invisible\" data-id=\"1a10637\" data-element_type=\"section\" data-e-type=\"section\" data-settings=\"{&quot;animation&quot;:&quot;fadeInUp&quot;}\">\n\t\t\t\t\t\t<div class=\"elementor-container elementor-column-gap-default\">\n\t\t\t\t\t<div class=\"elementor-column elementor-col-50 elementor-top-column elementor-element elementor-element-cb55fad\" data-id=\"cb55fad\" data-element_type=\"column\" data-e-type=\"column\" data-settings=\"{&quot;background_background&quot;:&quot;classic&quot;,&quot;background_motion_fx_motion_fx_scrolling&quot;:&quot;yes&quot;,&quot;background_motion_fx_translateY_effect&quot;:&quot;yes&quot;,&quot;background_motion_fx_translateY_direction&quot;:&quot;negative&quot;,&quot;background_motion_fx_translateY_speed&quot;:{&quot;unit&quot;:&quot;px&quot;,&quot;size&quot;:4,&quot;sizes&quot;:[]},&quot;background_motion_fx_translateY_affectedRange&quot;:{&quot;unit&quot;:&quot;%&quot;,&quot;size&quot;:&quot;&quot;,&quot;sizes&quot;:{&quot;start&quot;:0,&quot;end&quot;:100}},&quot;background_motion_fx_devices&quot;:[&quot;desktop&quot;,&quot;tablet&quot;,&quot;mobile&quot;]}\">\n\t\t\t<div class=\"elementor-widget-wrap elementor-element-populated\">\n\t\t\t\t\t\t<div class=\"elementor-element elementor-element-e016675 elementor-widget-divider--view-line_text elementor-widget-divider--element-align-right elementor-widget elementor-widget-divider\" data-id=\"e016675\" data-element_type=\"widget\" data-e-type=\"widget\" data-widget_type=\"divider.default\">\n\t\t\t\t<div class=\"elementor-widget-container\">\n\t\t\t\t\t\t\t<div class=\"elementor-divider\">\n\t\t\t<span class=\"elementor-divider-separator\">\n\t\t\t\t\t\t\t<span class=\"elementor-divider__text elementor-divider__element\">\n\t\t\t\tRESPONSABILIT\u00c9 SOCIALE\t\t\t\t<\/span>\n\t\t\t\t\t\t<\/span>\n\t\t<\/div>\n\t\t\t\t\t\t<\/div>\n\t\t\t\t<\/div>\n\t\t\t\t\t<\/div>\n\t\t<\/div>\n\t\t\t\t<div class=\"elementor-column elementor-col-50 elementor-top-column elementor-element elementor-element-7cde34a\" data-id=\"7cde34a\" data-element_type=\"column\" data-e-type=\"column\" data-settings=\"{&quot;background_background&quot;:&quot;classic&quot;,&quot;background_motion_fx_motion_fx_scrolling&quot;:&quot;yes&quot;,&quot;background_motion_fx_translateY_effect&quot;:&quot;yes&quot;,&quot;background_motion_fx_translateY_direction&quot;:&quot;negative&quot;,&quot;background_motion_fx_translateY_speed&quot;:{&quot;unit&quot;:&quot;px&quot;,&quot;size&quot;:4,&quot;sizes&quot;:[]},&quot;background_motion_fx_translateY_affectedRange&quot;:{&quot;unit&quot;:&quot;%&quot;,&quot;size&quot;:&quot;&quot;,&quot;sizes&quot;:{&quot;start&quot;:0,&quot;end&quot;:100}},&quot;background_motion_fx_devices&quot;:[&quot;desktop&quot;,&quot;tablet&quot;,&quot;mobile&quot;]}\">\n\t\t\t<div class=\"elementor-widget-wrap elementor-element-populated\">\n\t\t\t\t\t\t<div class=\"elementor-element elementor-element-ba35863 elementor-widget elementor-widget-heading\" data-id=\"ba35863\" data-element_type=\"widget\" data-e-type=\"widget\" data-widget_type=\"heading.default\">\n\t\t\t\t<div class=\"elementor-widget-container\">\n\t\t\t\t\t<h2 class=\"elementor-heading-title elementor-size-default\">PROJET SAN ART &amp; AID<\/h2>\t\t\t\t<\/div>\n\t\t\t\t<\/div>\n\t\t\t\t<div class=\"elementor-element elementor-element-488dd7e elementor-widget elementor-widget-text-editor\" data-id=\"488dd7e\" data-element_type=\"widget\" data-e-type=\"widget\" data-widget_type=\"text-editor.default\">\n\t\t\t\t<div class=\"elementor-widget-container\">\n\t\t\t\t\t\t\t\t\t<div data-block-id=\"block-389d7b92-4d82-4e85-8440-c612c5892f53\">Le Gmundner Lodge allie harmonieusement l&rsquo;engagement social, l&rsquo;art et la tradition. En collaboration avec des artistes San locaux des villages du Kalahari de Donkerbos et Drimiopsis, Gmundner Keramik a cr\u00e9\u00e9 une collection unique inspir\u00e9e par le riche patrimoine artistique des San, groupes ethniques indig\u00e8nes d&rsquo;Afrique australe.<\/div>\t\t\t\t\t\t\t\t<\/div>\n\t\t\t\t<\/div>\n\t\t\t\t<div class=\"elementor-element elementor-element-97ef68f elementor-widget elementor-widget-text-editor\" data-id=\"97ef68f\" data-element_type=\"widget\" data-e-type=\"widget\" data-widget_type=\"text-editor.default\">\n\t\t\t\t<div class=\"elementor-widget-container\">\n\t\t\t\t\t\t\t\t\t<div class=\"ql-block\" data-block-id=\"block-11b3a645-a7b4-4965-83fc-51eaa2abf76d\">Lors de l&rsquo;ouverture du Gmundner Lodge, nous nous sommes associ\u00e9s aux San de Namibie dans le cadre d&rsquo;un projet social visant \u00e0 mettre en valeur l&rsquo;artisanat traditionnel des San et \u00e0 soutenir leur communaut\u00e9.<\/div><div data-block-id=\"block-11b3a645-a7b4-4965-83fc-51eaa2abf76d\">\u00a0<\/div><div data-block-id=\"block-11b3a645-a7b4-4965-83fc-51eaa2abf76d\">\u00c0 l&rsquo;aide de mat\u00e9riaux fournis par Gmundner, un groupe d&rsquo;artisans San talentueux a peint du papier et des c\u00e9ramiques avec une vari\u00e9t\u00e9 de motifs, de plantes, d&rsquo;oiseaux et d&rsquo;animaux, que nous avons ensuite achet\u00e9s directement aux artisans pour les vendre dans le cadre de la collaboration artistique Gmundner Ceramics. Au-del\u00e0 du soutien financier apport\u00e9 \u00e0 cette communaut\u00e9, Gmundner Lodge a fait don de nourriture et de produits d&rsquo;hygi\u00e8ne sur une p\u00e9riode de deux mois afin de compl\u00e9ter leurs moyens de subsistance pendant une saison de faibles r\u00e9coltes.<\/div><div data-block-id=\"block-11b3a645-a7b4-4965-83fc-51eaa2abf76d\">\u00a0<\/div><div data-block-id=\"block-11b3a645-a7b4-4965-83fc-51eaa2abf76d\">Trois ateliers organis\u00e9s en collaboration avec la communaut\u00e9 San ont \u00e9t\u00e9 couronn\u00e9s de succ\u00e8s. Le soutien \u00e0 la communaut\u00e9 San est une initiative sociale permanente li\u00e9e \u00e0 Gmundner Keramik et \u00e0 notre acad\u00e9mie de c\u00e9ramique en Autriche.<\/div><div data-block-id=\"block-11b3a645-a7b4-4965-83fc-51eaa2abf76d\">\u00a0<\/div><div data-block-id=\"block-11b3a645-a7b4-4965-83fc-51eaa2abf76d\">Ce partenariat permet non seulement aux San de gagner leur vie de mani\u00e8re durable, mais il renforce \u00e9galement les efforts artistiques de Gmundner Keramik. L&rsquo;\u00e9dition SAN qui en r\u00e9sulte refl\u00e8te la beaut\u00e9 et la diversit\u00e9 de la Namibie et offre aux clients du Gmundner Lodge une touche d&rsquo;ambiance africaine chez eux. Ce projet va au-del\u00e0 de l&rsquo;offre d&rsquo;un h\u00e9bergement luxueux dans la nature namibienne ; il sert de plateforme d&rsquo;\u00e9change culturel et d&rsquo;engagement social, en soutenant la communaut\u00e9 locale tout en pr\u00e9servant les traditions artistiques.<\/div>\t\t\t\t\t\t\t\t<\/div>\n\t\t\t\t<\/div>\n\t\t\t\t<div class=\"elementor-element elementor-element-86a1af4 elementor-widget elementor-widget-gallery\" data-id=\"86a1af4\" data-element_type=\"widget\" data-e-type=\"widget\" data-settings=\"{&quot;gallery_layout&quot;:&quot;justified&quot;,&quot;gap&quot;:{&quot;unit&quot;:&quot;px&quot;,&quot;size&quot;:5,&quot;sizes&quot;:[]},&quot;gap_mobile&quot;:{&quot;unit&quot;:&quot;px&quot;,&quot;size&quot;:5,&quot;sizes&quot;:[]},&quot;image_hover_animation&quot;:&quot;move-contained-top&quot;,&quot;content_hover_animation&quot;:&quot;enter-from-top&quot;,&quot;content_sequenced_animation&quot;:&quot;yes&quot;,&quot;ideal_row_height_mobile&quot;:{&quot;unit&quot;:&quot;px&quot;,&quot;size&quot;:130,&quot;sizes&quot;:[]},&quot;lazyload&quot;:&quot;yes&quot;,&quot;ideal_row_height&quot;:{&quot;unit&quot;:&quot;px&quot;,&quot;size&quot;:200,&quot;sizes&quot;:[]},&quot;ideal_row_height_tablet&quot;:{&quot;unit&quot;:&quot;px&quot;,&quot;size&quot;:150,&quot;sizes&quot;:[]},&quot;gap_tablet&quot;:{&quot;unit&quot;:&quot;px&quot;,&quot;size&quot;:10,&quot;sizes&quot;:[]},&quot;link_to&quot;:&quot;file&quot;}\" data-widget_type=\"gallery.default\">\n\t\t\t\t<div class=\"elementor-widget-container\">\n\t\t\t\t\t\t\t<div class=\"elementor-gallery__container\">\n\t\t\t\t\t\t\t<a class=\"e-gallery-item elementor-gallery-item elementor-animated-content\" href=\"https:\/\/gmundner-lodge.com\/wp-content\/uploads\/\u00a9-Gmundner-LodgeTaryn-Germishuizen_Outreach_12.jpg\" data-elementor-open-lightbox=\"yes\" data-elementor-lightbox-slideshow=\"86a1af4\" data-e-action-hash=\"#elementor-action%3Aaction%3Dlightbox%26settings%3DeyJpZCI6MTUzNzUsInVybCI6Imh0dHBzOlwvXC9nbXVuZG5lci1sb2RnZS5jb21cL3dwLWNvbnRlbnRcL3VwbG9hZHNcL1x1MDBhOS1HbXVuZG5lci1Mb2RnZVRhcnluLUdlcm1pc2h1aXplbl9PdXRyZWFjaF8xMi5qcGciLCJzbGlkZXNob3ciOiI4NmExYWY0In0%3D\">\n\t\t\t\t\t<div class=\"e-gallery-image elementor-gallery-item__image\" data-thumbnail=\"https:\/\/gmundner-lodge.com\/wp-content\/uploads\/\u00a9-Gmundner-LodgeTaryn-Germishuizen_Outreach_12-768x512.jpg\" data-width=\"768\" data-height=\"512\" aria-label=\"\" role=\"img\" ><\/div>\n\t\t\t\t\t\t\t\t\t\t\t\t\t\t<\/a>\n\t\t\t\t\t\t\t<a class=\"e-gallery-item elementor-gallery-item elementor-animated-content\" href=\"https:\/\/gmundner-lodge.com\/wp-content\/uploads\/\u00a9-Gmundner-LodgeTaryn-Germishuizen_Outreach_65.jpg\" data-elementor-open-lightbox=\"yes\" data-elementor-lightbox-slideshow=\"86a1af4\" data-e-action-hash=\"#elementor-action%3Aaction%3Dlightbox%26settings%3DeyJpZCI6MTU0MDksInVybCI6Imh0dHBzOlwvXC9nbXVuZG5lci1sb2RnZS5jb21cL3dwLWNvbnRlbnRcL3VwbG9hZHNcL1x1MDBhOS1HbXVuZG5lci1Mb2RnZVRhcnluLUdlcm1pc2h1aXplbl9PdXRyZWFjaF82NS5qcGciLCJzbGlkZXNob3ciOiI4NmExYWY0In0%3D\">\n\t\t\t\t\t<div class=\"e-gallery-image elementor-gallery-item__image\" data-thumbnail=\"https:\/\/gmundner-lodge.com\/wp-content\/uploads\/\u00a9-Gmundner-LodgeTaryn-Germishuizen_Outreach_65-768x432.jpg\" data-width=\"768\" data-height=\"432\" aria-label=\"\" role=\"img\" ><\/div>\n\t\t\t\t\t\t\t\t\t\t\t\t\t\t<\/a>\n\t\t\t\t\t\t\t<a class=\"e-gallery-item elementor-gallery-item elementor-animated-content\" href=\"https:\/\/gmundner-lodge.com\/wp-content\/uploads\/\u00a9-Gmundner-LodgeTaryn-Germishuizen_Outreach_15.jpg\" data-elementor-open-lightbox=\"yes\" data-elementor-lightbox-slideshow=\"86a1af4\" data-e-action-hash=\"#elementor-action%3Aaction%3Dlightbox%26settings%3DeyJpZCI6MTUzODUsInVybCI6Imh0dHBzOlwvXC9nbXVuZG5lci1sb2RnZS5jb21cL3dwLWNvbnRlbnRcL3VwbG9hZHNcL1x1MDBhOS1HbXVuZG5lci1Mb2RnZVRhcnluLUdlcm1pc2h1aXplbl9PdXRyZWFjaF8xNS5qcGciLCJzbGlkZXNob3ciOiI4NmExYWY0In0%3D\">\n\t\t\t\t\t<div class=\"e-gallery-image elementor-gallery-item__image\" data-thumbnail=\"https:\/\/gmundner-lodge.com\/wp-content\/uploads\/\u00a9-Gmundner-LodgeTaryn-Germishuizen_Outreach_15-768x1152.jpg\" data-width=\"768\" data-height=\"1152\" aria-label=\"\" role=\"img\" ><\/div>\n\t\t\t\t\t\t\t\t\t\t\t\t\t\t<\/a>\n\t\t\t\t\t\t\t<a class=\"e-gallery-item elementor-gallery-item elementor-animated-content\" href=\"https:\/\/gmundner-lodge.com\/wp-content\/uploads\/\u00a9-Gmundner-LodgeTaryn-Germishuizen_Outreach_38.jpg\" data-elementor-open-lightbox=\"yes\" data-elementor-lightbox-slideshow=\"86a1af4\" data-e-action-hash=\"#elementor-action%3Aaction%3Dlightbox%26settings%3DeyJpZCI6MTUzOTcsInVybCI6Imh0dHBzOlwvXC9nbXVuZG5lci1sb2RnZS5jb21cL3dwLWNvbnRlbnRcL3VwbG9hZHNcL1x1MDBhOS1HbXVuZG5lci1Mb2RnZVRhcnluLUdlcm1pc2h1aXplbl9PdXRyZWFjaF8zOC5qcGciLCJzbGlkZXNob3ciOiI4NmExYWY0In0%3D\">\n\t\t\t\t\t<div class=\"e-gallery-image elementor-gallery-item__image\" data-thumbnail=\"https:\/\/gmundner-lodge.com\/wp-content\/uploads\/\u00a9-Gmundner-LodgeTaryn-Germishuizen_Outreach_38-768x512.jpg\" data-width=\"768\" data-height=\"512\" aria-label=\"\" role=\"img\" ><\/div>\n\t\t\t\t\t\t\t\t\t\t\t\t\t\t<\/a>\n\t\t\t\t\t\t\t<a class=\"e-gallery-item elementor-gallery-item elementor-animated-content\" href=\"https:\/\/gmundner-lodge.com\/wp-content\/uploads\/\u00a9-Gmundner-LodgeTaryn-Germishuizen_Outreach_47.jpg\" data-elementor-open-lightbox=\"yes\" data-elementor-lightbox-slideshow=\"86a1af4\" data-e-action-hash=\"#elementor-action%3Aaction%3Dlightbox%26settings%3DeyJpZCI6MTU0MDEsInVybCI6Imh0dHBzOlwvXC9nbXVuZG5lci1sb2RnZS5jb21cL3dwLWNvbnRlbnRcL3VwbG9hZHNcL1x1MDBhOS1HbXVuZG5lci1Mb2RnZVRhcnluLUdlcm1pc2h1aXplbl9PdXRyZWFjaF80Ny5qcGciLCJzbGlkZXNob3ciOiI4NmExYWY0In0%3D\">\n\t\t\t\t\t<div class=\"e-gallery-image elementor-gallery-item__image\" data-thumbnail=\"https:\/\/gmundner-lodge.com\/wp-content\/uploads\/\u00a9-Gmundner-LodgeTaryn-Germishuizen_Outreach_47-768x512.jpg\" data-width=\"768\" data-height=\"512\" aria-label=\"\" role=\"img\" ><\/div>\n\t\t\t\t\t\t\t\t\t\t\t\t\t\t<\/a>\n\t\t\t\t\t\t\t<a class=\"e-gallery-item elementor-gallery-item elementor-animated-content\" href=\"https:\/\/gmundner-lodge.com\/wp-content\/uploads\/\u00a9-Gmundner-LodgeTaryn-Germishuizen_Outreach_24.jpg\" data-elementor-open-lightbox=\"yes\" data-elementor-lightbox-slideshow=\"86a1af4\" data-e-action-hash=\"#elementor-action%3Aaction%3Dlightbox%26settings%3DeyJpZCI6MTUzODksInVybCI6Imh0dHBzOlwvXC9nbXVuZG5lci1sb2RnZS5jb21cL3dwLWNvbnRlbnRcL3VwbG9hZHNcL1x1MDBhOS1HbXVuZG5lci1Mb2RnZVRhcnluLUdlcm1pc2h1aXplbl9PdXRyZWFjaF8yNC5qcGciLCJzbGlkZXNob3ciOiI4NmExYWY0In0%3D\">\n\t\t\t\t\t<div class=\"e-gallery-image elementor-gallery-item__image\" data-thumbnail=\"https:\/\/gmundner-lodge.com\/wp-content\/uploads\/\u00a9-Gmundner-LodgeTaryn-Germishuizen_Outreach_24-768x1152.jpg\" data-width=\"768\" data-height=\"1152\" aria-label=\"\" role=\"img\" ><\/div>\n\t\t\t\t\t\t\t\t\t\t\t\t\t\t<\/a>\n\t\t\t\t\t\t\t<a class=\"e-gallery-item elementor-gallery-item elementor-animated-content\" href=\"https:\/\/gmundner-lodge.com\/wp-content\/uploads\/0W0A8870.jpg\" data-elementor-open-lightbox=\"yes\" data-elementor-lightbox-slideshow=\"86a1af4\" data-e-action-hash=\"#elementor-action%3Aaction%3Dlightbox%26settings%3DeyJpZCI6MTU0MTQsInVybCI6Imh0dHBzOlwvXC9nbXVuZG5lci1sb2RnZS5jb21cL3dwLWNvbnRlbnRcL3VwbG9hZHNcLzBXMEE4ODcwLmpwZyIsInNsaWRlc2hvdyI6Ijg2YTFhZjQifQ%3D%3D\">\n\t\t\t\t\t<div class=\"e-gallery-image elementor-gallery-item__image\" data-thumbnail=\"https:\/\/gmundner-lodge.com\/wp-content\/uploads\/0W0A8870-768x512.jpg\" data-width=\"768\" data-height=\"512\" aria-label=\"\" role=\"img\" ><\/div>\n\t\t\t\t\t\t\t\t\t\t\t\t\t\t<\/a>\n\t\t\t\t\t\t\t<a class=\"e-gallery-item elementor-gallery-item elementor-animated-content\" href=\"https:\/\/gmundner-lodge.com\/wp-content\/uploads\/\u00a9-Gmundner-LodgeTaryn-Germishuizen_Outreach_51.jpg\" data-elementor-open-lightbox=\"yes\" data-elementor-lightbox-slideshow=\"86a1af4\" data-e-action-hash=\"#elementor-action%3Aaction%3Dlightbox%26settings%3DeyJpZCI6MTU0MDUsInVybCI6Imh0dHBzOlwvXC9nbXVuZG5lci1sb2RnZS5jb21cL3dwLWNvbnRlbnRcL3VwbG9hZHNcL1x1MDBhOS1HbXVuZG5lci1Mb2RnZVRhcnluLUdlcm1pc2h1aXplbl9PdXRyZWFjaF81MS5qcGciLCJzbGlkZXNob3ciOiI4NmExYWY0In0%3D\">\n\t\t\t\t\t<div class=\"e-gallery-image elementor-gallery-item__image\" data-thumbnail=\"https:\/\/gmundner-lodge.com\/wp-content\/uploads\/\u00a9-Gmundner-LodgeTaryn-Germishuizen_Outreach_51-768x512.jpg\" data-width=\"768\" data-height=\"512\" aria-label=\"\" role=\"img\" ><\/div>\n\t\t\t\t\t\t\t\t\t\t\t\t\t\t<\/a>\n\t\t\t\t\t\t\t<a class=\"e-gallery-item elementor-gallery-item elementor-animated-content\" href=\"https:\/\/gmundner-lodge.com\/wp-content\/uploads\/\u00a9-Gmundner-LodgeTaryn-Germishuizen_Outreach_14.jpg\" data-elementor-open-lightbox=\"yes\" data-elementor-lightbox-slideshow=\"86a1af4\" data-e-action-hash=\"#elementor-action%3Aaction%3Dlightbox%26settings%3DeyJpZCI6MTUzNzksInVybCI6Imh0dHBzOlwvXC9nbXVuZG5lci1sb2RnZS5jb21cL3dwLWNvbnRlbnRcL3VwbG9hZHNcL1x1MDBhOS1HbXVuZG5lci1Mb2RnZVRhcnluLUdlcm1pc2h1aXplbl9PdXRyZWFjaF8xNC5qcGciLCJzbGlkZXNob3ciOiI4NmExYWY0In0%3D\">\n\t\t\t\t\t<div class=\"e-gallery-image elementor-gallery-item__image\" data-thumbnail=\"https:\/\/gmundner-lodge.com\/wp-content\/uploads\/\u00a9-Gmundner-LodgeTaryn-Germishuizen_Outreach_14-768x1152.jpg\" data-width=\"768\" data-height=\"1152\" aria-label=\"\" role=\"img\" ><\/div>\n\t\t\t\t\t\t\t\t\t\t\t\t\t\t<\/a>\n\t\t\t\t\t\t\t<a class=\"e-gallery-item elementor-gallery-item elementor-animated-content\" href=\"https:\/\/gmundner-lodge.com\/wp-content\/uploads\/\u00a9-Gmundner-LodgeTaryn-Germishuizen_Outreach_30.jpg\" data-elementor-open-lightbox=\"yes\" data-elementor-lightbox-slideshow=\"86a1af4\" data-e-action-hash=\"#elementor-action%3Aaction%3Dlightbox%26settings%3DeyJpZCI6MTUzOTMsInVybCI6Imh0dHBzOlwvXC9nbXVuZG5lci1sb2RnZS5jb21cL3dwLWNvbnRlbnRcL3VwbG9hZHNcL1x1MDBhOS1HbXVuZG5lci1Mb2RnZVRhcnluLUdlcm1pc2h1aXplbl9PdXRyZWFjaF8zMC5qcGciLCJzbGlkZXNob3ciOiI4NmExYWY0In0%3D\">\n\t\t\t\t\t<div class=\"e-gallery-image elementor-gallery-item__image\" data-thumbnail=\"https:\/\/gmundner-lodge.com\/wp-content\/uploads\/\u00a9-Gmundner-LodgeTaryn-Germishuizen_Outreach_30-768x1152.jpg\" data-width=\"768\" data-height=\"1152\" aria-label=\"\" role=\"img\" ><\/div>\n\t\t\t\t\t\t\t\t\t\t\t\t\t\t<\/a>\n\t\t\t\t\t<\/div>\n\t\t\t\t\t<\/div>\n\t\t\t\t<\/div>\n\t\t\t\t\t<\/div>\n\t\t<\/div>\n\t\t\t\t\t<\/div>\n\t\t<\/section>\n\t\t\t\t<\/div>\n\t\t","protected":false},"excerpt":{"rendered":"<p>Watch full video PROJETS DE RESPONSABILIT\u00c9 SOCIALE Gmundner Lodge souhaite apporter sa contribution aux communaut\u00e9s locales, c&rsquo;est pourquoi nous soutenons ces projets. RESPONSABILIT\u00c9 SOCIALE PROJET SAN ART &#038; AID Le Gmundner Lodge allie harmonieusement l&rsquo;engagement social, l&rsquo;art et la tradition. En collaboration avec des artistes San locaux des villages du Kalahari de Donkerbos et Drimiopsis, [&hellip;]<\/p>\n","protected":false},"author":5,"featured_media":9701,"parent":0,"menu_order":0,"comment_status":"closed","ping_status":"closed","template":"elementor_header_footer","meta":{"inline_featured_image":false,"footnotes":""},"class_list":["post-10502","page","type-page","status-publish","has-post-thumbnail","hentry"],"_links":{"self":[{"href":"https:\/\/gmundner-lodge.com\/fr\/wp-json\/wp\/v2\/pages\/10502","targetHints":{"allow":["GET"]}}],"collection":[{"href":"https:\/\/gmundner-lodge.com\/fr\/wp-json\/wp\/v2\/pages"}],"about":[{"href":"https:\/\/gmundner-lodge.com\/fr\/wp-json\/wp\/v2\/types\/page"}],"author":[{"embeddable":true,"href":"https:\/\/gmundner-lodge.com\/fr\/wp-json\/wp\/v2\/users\/5"}],"replies":[{"embeddable":true,"href":"https:\/\/gmundner-lodge.com\/fr\/wp-json\/wp\/v2\/comments?post=10502"}],"version-history":[{"count":0,"href":"https:\/\/gmundner-lodge.com\/fr\/wp-json\/wp\/v2\/pages\/10502\/revisions"}],"wp:featuredmedia":[{"embeddable":true,"href":"https:\/\/gmundner-lodge.com\/fr\/wp-json\/wp\/v2\/media\/9701"}],"wp:attachment":[{"href":"https:\/\/gmundner-lodge.com\/fr\/wp-json\/wp\/v2\/media?parent=10502"}],"curies":[{"name":"wp","href":"https:\/\/api.w.org\/{rel}","templated":true}]}}