{"id":10478,"date":"2022-08-19T23:52:47","date_gmt":"2022-08-19T21:52:47","guid":{"rendered":"https:\/\/gmundner-lodge.com\/our-vision\/"},"modified":"2024-05-14T10:37:56","modified_gmt":"2024-05-14T08:37:56","slug":"our-vision","status":"publish","type":"page","link":"https:\/\/gmundner-lodge.com\/fr\/our-vision\/","title":{"rendered":"Our Vision"},"content":{"rendered":"\t\t<div data-elementor-type=\"wp-page\" data-elementor-id=\"10478\" class=\"elementor elementor-10478 elementor-4697\" data-elementor-post-type=\"page\">\n\t\t\t\t\t\t<section class=\"elementor-section elementor-top-section elementor-element elementor-element-57a6e4de elementor-section-full_width elementor-section-height-min-height elementor-section-items-stretch elementor-hidden-mobile elementor-section-height-default\" data-id=\"57a6e4de\" data-element_type=\"section\" data-e-type=\"section\" data-settings=\"{&quot;motion_fx_motion_fx_scrolling&quot;:&quot;yes&quot;,&quot;background_background&quot;:&quot;slideshow&quot;,&quot;background_slideshow_gallery&quot;:[{&quot;id&quot;:5110,&quot;url&quot;:&quot;https:\\\/\\\/gmundner-lodge.com\\\/wp-content\\\/uploads\\\/2022\\\/08\\\/crowd-m-italy-srl.jpg&quot;},{&quot;id&quot;:5115,&quot;url&quot;:&quot;https:\\\/\\\/gmundner-lodge.com\\\/wp-content\\\/uploads\\\/2022\\\/08\\\/gmundner-lodge-namibia-grassland.jpeg&quot;},{&quot;id&quot;:5995,&quot;url&quot;:&quot;https:\\\/\\\/gmundner-lodge.com\\\/wp-content\\\/uploads\\\/2022\\\/08\\\/shoe.jpeg&quot;},{&quot;id&quot;:5113,&quot;url&quot;:&quot;https:\\\/\\\/gmundner-lodge.com\\\/wp-content\\\/uploads\\\/2022\\\/08\\\/tundra.jpeg&quot;}],&quot;background_slideshow_transition_duration&quot;:1000,&quot;background_slideshow_loop&quot;:&quot;yes&quot;,&quot;background_slideshow_slide_duration&quot;:5000,&quot;background_slideshow_slide_transition&quot;:&quot;fade&quot;,&quot;motion_fx_devices&quot;:[&quot;desktop&quot;,&quot;tablet&quot;,&quot;mobile&quot;]}\">\n\t\t\t\t\t\t<div class=\"elementor-container elementor-column-gap-default\">\n\t\t\t\t\t<div class=\"elementor-column elementor-col-100 elementor-top-column elementor-element elementor-element-56b28ac5\" data-id=\"56b28ac5\" data-element_type=\"column\" data-e-type=\"column\" data-settings=\"{&quot;motion_fx_motion_fx_scrolling&quot;:&quot;yes&quot;,&quot;motion_fx_range&quot;:&quot;page&quot;,&quot;motion_fx_devices&quot;:[&quot;desktop&quot;,&quot;tablet&quot;,&quot;mobile&quot;]}\">\n\t\t\t<div class=\"elementor-widget-wrap elementor-element-populated\">\n\t\t\t\t\t\t<div class=\"elementor-element elementor-element-71468dbc elementor-widget elementor-widget-spacer\" data-id=\"71468dbc\" data-element_type=\"widget\" data-e-type=\"widget\" data-widget_type=\"spacer.default\">\n\t\t\t\t<div class=\"elementor-widget-container\">\n\t\t\t\t\t\t\t<div class=\"elementor-spacer\">\n\t\t\t<div class=\"elementor-spacer-inner\"><\/div>\n\t\t<\/div>\n\t\t\t\t\t\t<\/div>\n\t\t\t\t<\/div>\n\t\t\t\t\t<\/div>\n\t\t<\/div>\n\t\t\t\t\t<\/div>\n\t\t<\/section>\n\t\t\t\t<section class=\"elementor-section elementor-top-section elementor-element elementor-element-233ce184 elementor-section-full_width elementor-section-height-min-height elementor-section-items-stretch elementor-section-height-default\" data-id=\"233ce184\" data-element_type=\"section\" data-e-type=\"section\" data-settings=\"{&quot;background_background&quot;:&quot;classic&quot;}\">\n\t\t\t\t\t\t<div class=\"elementor-container elementor-column-gap-default\">\n\t\t\t\t\t<div class=\"elementor-column elementor-col-50 elementor-top-column elementor-element elementor-element-19849662\" data-id=\"19849662\" data-element_type=\"column\" data-e-type=\"column\">\n\t\t\t<div class=\"elementor-widget-wrap elementor-element-populated\">\n\t\t\t\t\t\t<div class=\"elementor-element elementor-element-6782e3bd elementor-widget elementor-widget-heading\" data-id=\"6782e3bd\" data-element_type=\"widget\" data-e-type=\"widget\" data-widget_type=\"heading.default\">\n\t\t\t\t<div class=\"elementor-widget-container\">\n\t\t\t\t\t<h2 class=\"elementor-heading-title elementor-size-default\">NOTRE ENGAGEMENT EN FAVEUR DU D\u00c9VELOPPEMENT DURABLE<\/h2>\t\t\t\t<\/div>\n\t\t\t\t<\/div>\n\t\t\t\t\t<\/div>\n\t\t<\/div>\n\t\t\t\t<div class=\"elementor-column elementor-col-50 elementor-top-column elementor-element elementor-element-1da6fb56\" data-id=\"1da6fb56\" data-element_type=\"column\" data-e-type=\"column\">\n\t\t\t<div class=\"elementor-widget-wrap elementor-element-populated\">\n\t\t\t\t\t\t<div class=\"elementor-element elementor-element-7323736f elementor-widget elementor-widget-text-editor\" data-id=\"7323736f\" data-element_type=\"widget\" data-e-type=\"widget\" data-widget_type=\"text-editor.default\">\n\t\t\t\t<div class=\"elementor-widget-container\">\n\t\t\t\t\t\t\t\t\t<div class=\"ql-block\" data-block-id=\"block-92e442d5-c54d-43f4-a78e-f59821e5b869\">Le Gmundner Lodge a pour objectif d&rsquo;offrir \u00e0 ses h\u00f4tes une exp\u00e9rience unique et luxueuse dans la nature sauvage de la Namibie, en ramenant les gens \u00e0 la nature tout en minimisant l&rsquo;impact sur l&rsquo;environnement naturel et culturel.<\/div>\t\t\t\t\t\t\t\t<\/div>\n\t\t\t\t<\/div>\n\t\t\t\t\t<\/div>\n\t\t<\/div>\n\t\t\t\t\t<\/div>\n\t\t<\/section>\n\t\t\t\t<section class=\"elementor-section elementor-top-section elementor-element elementor-element-518bce49 elementor-section-full_width animated-slow elementor-section-height-default elementor-section-height-default elementor-invisible\" data-id=\"518bce49\" data-element_type=\"section\" data-e-type=\"section\" data-settings=\"{&quot;animation&quot;:&quot;fadeInUp&quot;}\">\n\t\t\t\t\t\t<div class=\"elementor-container elementor-column-gap-default\">\n\t\t\t\t\t<div class=\"elementor-column elementor-col-33 elementor-top-column elementor-element elementor-element-5f2cbb8d\" data-id=\"5f2cbb8d\" data-element_type=\"column\" data-e-type=\"column\" data-settings=\"{&quot;background_background&quot;:&quot;classic&quot;,&quot;background_motion_fx_motion_fx_scrolling&quot;:&quot;yes&quot;,&quot;background_motion_fx_translateY_effect&quot;:&quot;yes&quot;,&quot;background_motion_fx_translateY_direction&quot;:&quot;negative&quot;,&quot;background_motion_fx_translateY_speed&quot;:{&quot;unit&quot;:&quot;px&quot;,&quot;size&quot;:4,&quot;sizes&quot;:[]},&quot;background_motion_fx_translateY_affectedRange&quot;:{&quot;unit&quot;:&quot;%&quot;,&quot;size&quot;:&quot;&quot;,&quot;sizes&quot;:{&quot;start&quot;:0,&quot;end&quot;:100}},&quot;background_motion_fx_devices&quot;:[&quot;desktop&quot;,&quot;tablet&quot;,&quot;mobile&quot;]}\">\n\t\t\t<div class=\"elementor-widget-wrap elementor-element-populated\">\n\t\t\t\t\t\t<div class=\"elementor-element elementor-element-1d6b391a elementor-widget-divider--view-line_text elementor-widget-divider--element-align-right elementor-widget elementor-widget-divider\" data-id=\"1d6b391a\" data-element_type=\"widget\" data-e-type=\"widget\" data-widget_type=\"divider.default\">\n\t\t\t\t<div class=\"elementor-widget-container\">\n\t\t\t\t\t\t\t<div class=\"elementor-divider\">\n\t\t\t<span class=\"elementor-divider-separator\">\n\t\t\t\t\t\t\t<span class=\"elementor-divider__text elementor-divider__element\">\n\t\t\t\tLA VISION DE GMUNDNER\t\t\t\t<\/span>\n\t\t\t\t\t\t<\/span>\n\t\t<\/div>\n\t\t\t\t\t\t<\/div>\n\t\t\t\t<\/div>\n\t\t\t\t\t<\/div>\n\t\t<\/div>\n\t\t\t\t<div class=\"elementor-column elementor-col-66 elementor-top-column elementor-element elementor-element-764b6851\" data-id=\"764b6851\" data-element_type=\"column\" data-e-type=\"column\" data-settings=\"{&quot;background_background&quot;:&quot;classic&quot;,&quot;background_motion_fx_motion_fx_scrolling&quot;:&quot;yes&quot;,&quot;background_motion_fx_translateY_effect&quot;:&quot;yes&quot;,&quot;background_motion_fx_translateY_direction&quot;:&quot;negative&quot;,&quot;background_motion_fx_translateY_speed&quot;:{&quot;unit&quot;:&quot;px&quot;,&quot;size&quot;:4,&quot;sizes&quot;:[]},&quot;background_motion_fx_translateY_affectedRange&quot;:{&quot;unit&quot;:&quot;%&quot;,&quot;size&quot;:&quot;&quot;,&quot;sizes&quot;:{&quot;start&quot;:0,&quot;end&quot;:100}},&quot;background_motion_fx_devices&quot;:[&quot;desktop&quot;,&quot;tablet&quot;,&quot;mobile&quot;]}\">\n\t\t\t<div class=\"elementor-widget-wrap elementor-element-populated\">\n\t\t\t\t\t\t<div class=\"elementor-element elementor-element-4f4bbe43 elementor-widget elementor-widget-text-editor\" data-id=\"4f4bbe43\" data-element_type=\"widget\" data-e-type=\"widget\" data-widget_type=\"text-editor.default\">\n\t\t\t\t<div class=\"elementor-widget-container\">\n\t\t\t\t\t\t\t\t\t<div data-block-id=\"block-389d7b92-4d82-4e85-8440-c612c5892f53\"><em>Nous sommes conscients que les terres que nous cultivons ont une profonde signification culturelle pour le peuple namibien. En tant que gardiens de cet \u00e9cosyst\u00e8me fragile, nous avons la responsabilit\u00e9 de prot\u00e9ger et de conserver notre environnement naturel.<\/em><\/div>\t\t\t\t\t\t\t\t<\/div>\n\t\t\t\t<\/div>\n\t\t\t\t\t<\/div>\n\t\t<\/div>\n\t\t\t\t\t<\/div>\n\t\t<\/section>\n\t\t\t\t<section class=\"elementor-section elementor-top-section elementor-element elementor-element-15305fa3 elementor-section-full_width elementor-section-height-default elementor-section-height-default\" data-id=\"15305fa3\" data-element_type=\"section\" data-e-type=\"section\" data-settings=\"{&quot;background_background&quot;:&quot;classic&quot;}\">\n\t\t\t\t\t\t<div class=\"elementor-container elementor-column-gap-default\">\n\t\t\t\t\t<div class=\"elementor-column elementor-col-33 elementor-top-column elementor-element elementor-element-5b502b6b\" data-id=\"5b502b6b\" data-element_type=\"column\" data-e-type=\"column\" data-settings=\"{&quot;background_background&quot;:&quot;classic&quot;}\">\n\t\t\t<div class=\"elementor-widget-wrap elementor-element-populated\">\n\t\t\t\t\t\t<div class=\"elementor-element elementor-element-0b64742 elementor-widget elementor-widget-spacer\" data-id=\"0b64742\" data-element_type=\"widget\" data-e-type=\"widget\" data-widget_type=\"spacer.default\">\n\t\t\t\t<div class=\"elementor-widget-container\">\n\t\t\t\t\t\t\t<div class=\"elementor-spacer\">\n\t\t\t<div class=\"elementor-spacer-inner\"><\/div>\n\t\t<\/div>\n\t\t\t\t\t\t<\/div>\n\t\t\t\t<\/div>\n\t\t\t\t\t<\/div>\n\t\t<\/div>\n\t\t\t\t<div class=\"elementor-column elementor-col-66 elementor-top-column elementor-element elementor-element-96f7bd7\" data-id=\"96f7bd7\" data-element_type=\"column\" data-e-type=\"column\" data-settings=\"{&quot;background_background&quot;:&quot;classic&quot;}\">\n\t\t\t<div class=\"elementor-widget-wrap elementor-element-populated\">\n\t\t\t\t\t\t<div class=\"elementor-element elementor-element-cb7192e elementor-widget elementor-widget-heading\" data-id=\"cb7192e\" data-element_type=\"widget\" data-e-type=\"widget\" data-widget_type=\"heading.default\">\n\t\t\t\t<div class=\"elementor-widget-container\">\n\t\t\t\t\t<h2 class=\"elementor-heading-title elementor-size-default\">DURABILIT\u00c9 CULTURELLE ET AUTONOMISATION DES COMMUNAUT\u00c9S<\/h2>\t\t\t\t<\/div>\n\t\t\t\t<\/div>\n\t\t\t\t<div class=\"elementor-element elementor-element-32ceb64 elementor-widget-divider--view-line_text elementor-widget-divider--element-align-left elementor-widget elementor-widget-divider\" data-id=\"32ceb64\" data-element_type=\"widget\" data-e-type=\"widget\" data-widget_type=\"divider.default\">\n\t\t\t\t<div class=\"elementor-widget-container\">\n\t\t\t\t\t\t\t<div class=\"elementor-divider\">\n\t\t\t<span class=\"elementor-divider-separator\">\n\t\t\t\t\t\t\t<span class=\"elementor-divider__text elementor-divider__element\">\n\t\t\t\t\u00c0 PROPOS DE GMUNDNER\t\t\t\t<\/span>\n\t\t\t\t\t\t<\/span>\n\t\t<\/div>\n\t\t\t\t\t\t<\/div>\n\t\t\t\t<\/div>\n\t\t\t\t<div class=\"elementor-element elementor-element-a0d76db elementor-widget elementor-widget-text-editor\" data-id=\"a0d76db\" data-element_type=\"widget\" data-e-type=\"widget\" data-widget_type=\"text-editor.default\">\n\t\t\t\t<div class=\"elementor-widget-container\">\n\t\t\t\t\t\t\t\t\t<div data-block-id=\"block-191412ed-7872-4145-b88a-6c468c366f4f\">Nos collaborateurs sont au c\u0153ur de tout ce que nous faisons. Nous nous effor\u00e7ons de faire la diff\u00e9rence dans leur vie et celle de leurs familles.<\/div>\t\t\t\t\t\t\t\t<\/div>\n\t\t\t\t<\/div>\n\t\t\t\t<div class=\"elementor-element elementor-element-27e06e1 elementor-widget elementor-widget-text-editor\" data-id=\"27e06e1\" data-element_type=\"widget\" data-e-type=\"widget\" data-widget_type=\"text-editor.default\">\n\t\t\t\t<div class=\"elementor-widget-container\">\n\t\t\t\t\t\t\t\t\t<div data-block-id=\"block-191412ed-7872-4145-b88a-6c468c366f4f\">En investissant dans le tourisme, nous nous engageons \u00e0 cr\u00e9er des emplois, \u00e0 d\u00e9velopper les communaut\u00e9s, \u00e0 fournir des services sociaux et \u00e0 pr\u00e9server la culture et les traditions locales. Le Gmundner Lodge vise \u00e0 faire d\u00e9couvrir aux voyageurs du monde entier la diversit\u00e9 culturelle de la Namibie. Gr\u00e2ce \u00e0 divers projets communautaires importants et aux exp\u00e9riences des visiteurs, des contacts significatifs et des \u00e9changes culturels seront initi\u00e9s.<\/div>\t\t\t\t\t\t\t\t<\/div>\n\t\t\t\t<\/div>\n\t\t\t\t<div class=\"elementor-element elementor-element-f882be4 elementor-widget elementor-widget-text-editor\" data-id=\"f882be4\" data-element_type=\"widget\" data-e-type=\"widget\" data-widget_type=\"text-editor.default\">\n\t\t\t\t<div class=\"elementor-widget-container\">\n\t\t\t\t\t\t\t\t\t<div data-block-id=\"block-191412ed-7872-4145-b88a-6c468c366f4f\"><p class=\"ql-block\" data-block-id=\"block-bb6be864-f4ab-4274-bdf6-513d95aa9e1d\">Le Gmundner Lodge et ses projets associ\u00e9s cr\u00e9ent des opportunit\u00e9s pr\u00e9cieuses pour l&rsquo;\u00e9change de comp\u00e9tences et de connaissances dans les domaines suivants :<\/p><\/div>\t\t\t\t\t\t\t\t<\/div>\n\t\t\t\t<\/div>\n\t\t\t\t<div class=\"elementor-element elementor-element-7d3701b elementor-widget elementor-widget-text-editor\" data-id=\"7d3701b\" data-element_type=\"widget\" data-e-type=\"widget\" data-widget_type=\"text-editor.default\">\n\t\t\t\t<div class=\"elementor-widget-container\">\n\t\t\t\t\t\t\t\t\t<div data-block-id=\"block-191412ed-7872-4145-b88a-6c468c366f4f\"><ul><li>En Afrique australe, nous travaillons avec des groupes indig\u00e8nes dans le domaine de l&rsquo;art et de l&rsquo;artisanat. Notre objectif est de fournir un moyen de subsistance \u00e0 ces groupes tout en d\u00e9veloppant l&rsquo;art de la c\u00e9ramique par le biais de notre projet communautaire Art Aid.<\/li><li>Nous nous effor\u00e7ons d&#8217;employer du personnel local et de former les membres de l&rsquo;\u00e9quipe. Notre objectif est d&rsquo;\u00eatre un atout pour l&rsquo;industrie du tourisme et de l&rsquo;h\u00f4tellerie en Namibie en formant et en perfectionnant les chefs cuisiniers, le personnel des restaurants et des spas et les guides de safari.<\/li><li>La formation de nos ouvriers agricoles leur permet de pratiquer une agriculture durable et de cultiver des produits de haute qualit\u00e9.<\/li><li>Les communaut\u00e9s locales sont continuellement impliqu\u00e9es dans le d\u00e9veloppement de nos projets afin de s&rsquo;assurer qu&rsquo;ils apportent des avantages \u00e9conomiques et \u00e9ducatifs aux membres de la communaut\u00e9.<\/li><li>L&rsquo;exp\u00e9rience des visiteurs est enrichie par l&rsquo;int\u00e9gration continue de l&rsquo;\u00e9ducation environnementale et culturelle.<\/li><\/ul><\/div>\t\t\t\t\t\t\t\t<\/div>\n\t\t\t\t<\/div>\n\t\t\t\t\t<\/div>\n\t\t<\/div>\n\t\t\t\t\t<\/div>\n\t\t<\/section>\n\t\t\t\t<section class=\"elementor-section elementor-top-section elementor-element elementor-element-71f5eaf3 elementor-section-full_width elementor-section-height-default elementor-section-height-default\" data-id=\"71f5eaf3\" data-element_type=\"section\" data-e-type=\"section\">\n\t\t\t\t\t\t<div class=\"elementor-container elementor-column-gap-default\">\n\t\t\t\t\t<div class=\"elementor-column elementor-col-100 elementor-top-column elementor-element elementor-element-411eb828 animated-slow elementor-invisible\" data-id=\"411eb828\" data-element_type=\"column\" data-e-type=\"column\" data-settings=\"{&quot;background_background&quot;:&quot;classic&quot;,&quot;animation&quot;:&quot;fadeInUp&quot;}\">\n\t\t\t<div class=\"elementor-widget-wrap elementor-element-populated\">\n\t\t\t\t\t\t<div class=\"elementor-element elementor-element-2058bdc6 elementor-widget elementor-widget-heading\" data-id=\"2058bdc6\" data-element_type=\"widget\" data-e-type=\"widget\" data-widget_type=\"heading.default\">\n\t\t\t\t<div class=\"elementor-widget-container\">\n\t\t\t\t\t<h2 class=\"elementor-heading-title elementor-size-default\">CONSERVATION ET PROTECTION DE L'ENVIRONNEMENT<\/h2>\t\t\t\t<\/div>\n\t\t\t\t<\/div>\n\t\t\t\t<div class=\"elementor-element elementor-element-d0fc124 elementor-widget-divider--view-line_text elementor-widget-divider--element-align-left elementor-widget elementor-widget-divider\" data-id=\"d0fc124\" data-element_type=\"widget\" data-e-type=\"widget\" data-widget_type=\"divider.default\">\n\t\t\t\t<div class=\"elementor-widget-container\">\n\t\t\t\t\t\t\t<div class=\"elementor-divider\">\n\t\t\t<span class=\"elementor-divider-separator\">\n\t\t\t\t\t\t\t<span class=\"elementor-divider__text elementor-divider__element\">\n\t\t\t\tLA VISION DE GMUNDNER\t\t\t\t<\/span>\n\t\t\t\t\t\t<\/span>\n\t\t<\/div>\n\t\t\t\t\t\t<\/div>\n\t\t\t\t<\/div>\n\t\t\t\t<div class=\"elementor-element elementor-element-300ba3c0 elementor-widget elementor-widget-text-editor\" data-id=\"300ba3c0\" data-element_type=\"widget\" data-e-type=\"widget\" data-widget_type=\"text-editor.default\">\n\t\t\t\t<div class=\"elementor-widget-container\">\n\t\t\t\t\t\t\t\t\t<div data-block-id=\"block-191412ed-7872-4145-b88a-6c468c366f4f\">Pour r\u00e9duire notre impact sur l&rsquo;environnement, nous nous sommes engag\u00e9s \u00e0 respecter les protocoles suivants :<\/div>\t\t\t\t\t\t\t\t<\/div>\n\t\t\t\t<\/div>\n\t\t\t\t<div class=\"elementor-element elementor-element-2773c535 elementor-widget elementor-widget-text-editor\" data-id=\"2773c535\" data-element_type=\"widget\" data-e-type=\"widget\" data-widget_type=\"text-editor.default\">\n\t\t\t\t<div class=\"elementor-widget-container\">\n\t\t\t\t\t\t\t\t\t<div data-block-id=\"block-191412ed-7872-4145-b88a-6c468c366f4f\"><div class=\"ql-block\" data-block-id=\"block-8ee24135-dc70-4867-b39e-f436632cb654\"><ul><li class=\"ql-block\" data-block-id=\"block-5d1837a0-681c-45b2-ab79-530781812199\">Utilisation de technologies respectueuses de l&rsquo;environnement pour l&rsquo;approvisionnement durable en eau et l&rsquo;\u00e9limination s\u00fbre des d\u00e9chets solides et des eaux us\u00e9es.<\/li><li class=\"ql-block\" data-block-id=\"block-309f5c3d-aa36-45c8-90e9-e8dcc93bb873\">Utilisation de l&rsquo;\u00e9nergie solaire comme source d&rsquo;\u00e9nergie renouvelable pour cr\u00e9er un \u00e9cosyst\u00e8me autosuffisant.<\/li><li class=\"ql-block\" data-block-id=\"block-3085ec05-eb7b-482c-a746-e53cf4a293bb\">L&rsquo;eau est tir\u00e9e d&rsquo;un puits souterrain pour \u00eatre utilis\u00e9e sur la propri\u00e9t\u00e9.<\/li><li class=\"ql-block\" data-block-id=\"block-faac6cd5-c198-40f2-ac7b-ec4849bd68cf\">Dans la mesure du possible, la nourriture destin\u00e9e aux h\u00f4tes et au personnel est produite \u00e0 la ferme de Gmunden. Cette mesure favorisera l&rsquo;autosuffisance alimentaire.<\/li><li class=\"ql-block\" data-block-id=\"block-eba05044-5431-4972-a4ce-a47e011d95ee\">Utilisation de mat\u00e9riaux de construction qui s&rsquo;int\u00e8grent \u00e0 l&rsquo;environnement naturel ; mat\u00e9riaux de construction durables et respectueux de l&rsquo;environnement tels que le sable provenant d&rsquo;une rivi\u00e8re de la ferme qui ne transporte pas d&rsquo;eau tout au long de l&rsquo;ann\u00e9e et des terrasses fabriqu\u00e9es \u00e0 partir d&rsquo;Envirodeck, un mat\u00e9riau composite respectueux de l&rsquo;environnement fabriqu\u00e9 \u00e0 partir de 95 % de plastique recycl\u00e9.<\/li><li class=\"ql-block\" data-block-id=\"block-30e97ec6-489d-4cb1-a0c7-bfc403cb8b95\">La conception et l&rsquo;am\u00e9nagement paysager de Gmundner Lodge ont \u00e9t\u00e9 r\u00e9alis\u00e9s par des entrepreneurs locaux afin de minimiser l&rsquo;impact n\u00e9gatif sur le terrain.<\/li><\/ul><\/div><\/div>\t\t\t\t\t\t\t\t<\/div>\n\t\t\t\t<\/div>\n\t\t\t\t\t<\/div>\n\t\t<\/div>\n\t\t\t\t\t<\/div>\n\t\t<\/section>\n\t\t\t\t<\/div>\n\t\t","protected":false},"excerpt":{"rendered":"<p>NOTRE ENGAGEMENT EN FAVEUR DU D\u00c9VELOPPEMENT DURABLE Le Gmundner Lodge a pour objectif d&rsquo;offrir \u00e0 ses h\u00f4tes une exp\u00e9rience unique et luxueuse dans la nature sauvage de la Namibie, en ramenant les gens \u00e0 la nature tout en minimisant l&rsquo;impact sur l&rsquo;environnement naturel et culturel. LA VISION DE GMUNDNER Nous sommes conscients que les terres [&hellip;]<\/p>\n","protected":false},"author":5,"featured_media":0,"parent":0,"menu_order":0,"comment_status":"closed","ping_status":"closed","template":"elementor_header_footer","meta":{"inline_featured_image":false,"footnotes":""},"class_list":["post-10478","page","type-page","status-publish","hentry"],"_links":{"self":[{"href":"https:\/\/gmundner-lodge.com\/fr\/wp-json\/wp\/v2\/pages\/10478","targetHints":{"allow":["GET"]}}],"collection":[{"href":"https:\/\/gmundner-lodge.com\/fr\/wp-json\/wp\/v2\/pages"}],"about":[{"href":"https:\/\/gmundner-lodge.com\/fr\/wp-json\/wp\/v2\/types\/page"}],"author":[{"embeddable":true,"href":"https:\/\/gmundner-lodge.com\/fr\/wp-json\/wp\/v2\/users\/5"}],"replies":[{"embeddable":true,"href":"https:\/\/gmundner-lodge.com\/fr\/wp-json\/wp\/v2\/comments?post=10478"}],"version-history":[{"count":0,"href":"https:\/\/gmundner-lodge.com\/fr\/wp-json\/wp\/v2\/pages\/10478\/revisions"}],"wp:attachment":[{"href":"https:\/\/gmundner-lodge.com\/fr\/wp-json\/wp\/v2\/media?parent=10478"}],"curies":[{"name":"wp","href":"https:\/\/api.w.org\/{rel}","templated":true}]}}