{"id":14799,"date":"2024-02-23T11:46:44","date_gmt":"2024-02-23T09:46:44","guid":{"rendered":"https:\/\/gmundner-lodge.com\/imprint\/"},"modified":"2024-11-06T09:38:31","modified_gmt":"2024-11-06T07:38:31","slug":"imprint","status":"publish","type":"page","link":"https:\/\/gmundner-lodge.com\/es\/imprint\/","title":{"rendered":"Imprint"},"content":{"rendered":"\t\t<div data-elementor-type=\"wp-page\" data-elementor-id=\"14799\" class=\"elementor elementor-14799 elementor-14772\" data-elementor-post-type=\"page\">\n\t\t\t\t\t\t<section class=\"elementor-section elementor-top-section elementor-element elementor-element-4fff631 elementor-section-full_width elementor-section-height-min-height elementor-section-items-stretch elementor-section-height-default\" data-id=\"4fff631\" data-element_type=\"section\" data-e-type=\"section\">\n\t\t\t\t\t\t<div class=\"elementor-container elementor-column-gap-default\">\n\t\t\t\t\t<div class=\"elementor-column elementor-col-50 elementor-top-column elementor-element elementor-element-6515316\" data-id=\"6515316\" data-element_type=\"column\" data-e-type=\"column\" data-settings=\"{&quot;background_background&quot;:&quot;classic&quot;}\">\n\t\t\t<div class=\"elementor-widget-wrap elementor-element-populated\">\n\t\t\t\t\t\t<div class=\"elementor-element elementor-element-8d1e221 elementor-hidden-mobile elementor-widget elementor-widget-spacer\" data-id=\"8d1e221\" data-element_type=\"widget\" data-e-type=\"widget\" data-widget_type=\"spacer.default\">\n\t\t\t\t<div class=\"elementor-widget-container\">\n\t\t\t\t\t\t\t<div class=\"elementor-spacer\">\n\t\t\t<div class=\"elementor-spacer-inner\"><\/div>\n\t\t<\/div>\n\t\t\t\t\t\t<\/div>\n\t\t\t\t<\/div>\n\t\t\t\t\t<\/div>\n\t\t<\/div>\n\t\t\t\t<div class=\"elementor-column elementor-col-50 elementor-top-column elementor-element elementor-element-bbfa584\" data-id=\"bbfa584\" data-element_type=\"column\" data-e-type=\"column\">\n\t\t\t<div class=\"elementor-widget-wrap elementor-element-populated\">\n\t\t\t\t\t\t<div class=\"elementor-element elementor-element-94fb8ca elementor-widget elementor-widget-theme-site-logo elementor-widget-image\" data-id=\"94fb8ca\" data-element_type=\"widget\" data-e-type=\"widget\" data-widget_type=\"theme-site-logo.default\">\n\t\t\t\t<div class=\"elementor-widget-container\">\n\t\t\t\t\t\t\t\t\t\t\t<a href=\"https:\/\/gmundner-lodge.com\/es\/\">\n\t\t\t<img decoding=\"async\" width=\"90\" height=\"51\" src=\"https:\/\/gmundner-lodge.com\/wp-content\/uploads\/2021\/11\/Gmundner-Lodge-Logo-1.svg\" class=\"attachment-full size-full wp-image-7710\" alt=\"Gmundner Lodge Logo\" title=\"\">\t\t\t\t<\/a>\n\t\t\t\t\t\t\t\t\t\t\t<\/div>\n\t\t\t\t<\/div>\n\t\t\t\t<div class=\"elementor-element elementor-element-17415e9 elementor-widget elementor-widget-text-editor\" data-id=\"17415e9\" data-element_type=\"widget\" data-e-type=\"widget\" data-widget_type=\"text-editor.default\">\n\t\t\t\t<div class=\"elementor-widget-container\">\n\t\t\t\t\t\t\t\t\t<h1>Marca<\/h1>\t\t\t\t\t\t\t\t<\/div>\n\t\t\t\t<\/div>\n\t\t\t\t<div class=\"elementor-element elementor-element-28a620b elementor-widget elementor-widget-text-editor\" data-id=\"28a620b\" data-element_type=\"widget\" data-e-type=\"widget\" data-widget_type=\"text-editor.default\">\n\t\t\t\t<div class=\"elementor-widget-container\">\n\t\t\t\t\t\t\t\t\t<p>Propietario del medio<\/p><p>Gmundner Lodge (Pty) Ltd<br \/>Direcci\u00f3n postal:<br \/>PO Box 40<br \/>Windhoek<br \/>Namibia<\/p><p>\u00a0<\/p><p>Direcci\u00f3n comercial:<br \/>85 Farm Waldburg<br \/>Windhoek District<br \/>Namibia<\/p><p>Tel\u00e9fono: +264818030749<br \/>Correo electr\u00f3nico: marketing@gmundner-lodge.com<\/p><p>\u00a0<\/p><p>Beyond Digitalagentur GmbH<br \/>M\u00fchlbachweg 2<br \/>5301 Eugendorf<br \/>Tel\u00e9fono: +43 662 \/ 93 16 26<\/p><p>Correo electr\u00f3nico: hello@beyonddigital.at<br \/>Web: beyonddigital.at<\/p><p>\u00a0<\/p><p>Copyright<\/p><p>\u00a0<\/p><p>Todos los textos, datos e im\u00e1genes. Reservados todos los derechos.<\/p><p>\u00a0<\/p><p>Photo Credits:<br \/>Patricia Parinejad<br \/>BAZZOKA Creative<br \/>Moritz Ott<\/p><p>\u00a0<\/p><p>Los propios enlaces a sitios externos son solo se\u00f1alizaciones a estos sitios. El editor no se identifica con el contenido de las p\u00e1ginas conectadas y no asume responsabilidad alguna por las mismas.<\/p>\t\t\t\t\t\t\t\t<\/div>\n\t\t\t\t<\/div>\n\t\t\t\t<div class=\"elementor-element elementor-element-ad258ef elementor-widget elementor-widget-heading\" data-id=\"ad258ef\" data-element_type=\"widget\" data-e-type=\"widget\" data-widget_type=\"heading.default\">\n\t\t\t\t<div class=\"elementor-widget-container\">\n\t\t\t\t\t<p class=\"elementor-heading-title elementor-size-default\"><a href=\"https:\/\/gmundner-lodge.com\/es\">VOLVER A LA P\u00c1GINA PRINCIPAL<\/a><\/p>\t\t\t\t<\/div>\n\t\t\t\t<\/div>\n\t\t\t\t\t<\/div>\n\t\t<\/div>\n\t\t\t\t\t<\/div>\n\t\t<\/section>\n\t\t\t\t<\/div>\n\t\t","protected":false},"excerpt":{"rendered":"<p>Marca Propietario del medio Gmundner Lodge (Pty) LtdDirecci\u00f3n postal:PO Box 40WindhoekNamibia \u00a0 Direcci\u00f3n comercial:85 Farm WaldburgWindhoek DistrictNamibia Tel\u00e9fono: +264818030749Correo electr\u00f3nico: marketing@gmundner-lodge.com \u00a0 Beyond Digitalagentur GmbHM\u00fchlbachweg 25301 EugendorfTel\u00e9fono: +43 662 \/ 93 16 26 Correo electr\u00f3nico: hello@beyonddigital.atWeb: beyonddigital.at \u00a0 Copyright \u00a0 Todos los textos, datos e im\u00e1genes. Reservados todos los derechos. \u00a0 Photo Credits:Patricia ParinejadBAZZOKA CreativeMoritz [&hellip;]<\/p>\n","protected":false},"author":5,"featured_media":0,"parent":0,"menu_order":0,"comment_status":"closed","ping_status":"closed","template":"","meta":{"inline_featured_image":false,"footnotes":""},"class_list":["post-14799","page","type-page","status-publish","hentry"],"_links":{"self":[{"href":"https:\/\/gmundner-lodge.com\/es\/wp-json\/wp\/v2\/pages\/14799","targetHints":{"allow":["GET"]}}],"collection":[{"href":"https:\/\/gmundner-lodge.com\/es\/wp-json\/wp\/v2\/pages"}],"about":[{"href":"https:\/\/gmundner-lodge.com\/es\/wp-json\/wp\/v2\/types\/page"}],"author":[{"embeddable":true,"href":"https:\/\/gmundner-lodge.com\/es\/wp-json\/wp\/v2\/users\/5"}],"replies":[{"embeddable":true,"href":"https:\/\/gmundner-lodge.com\/es\/wp-json\/wp\/v2\/comments?post=14799"}],"version-history":[{"count":0,"href":"https:\/\/gmundner-lodge.com\/es\/wp-json\/wp\/v2\/pages\/14799\/revisions"}],"wp:attachment":[{"href":"https:\/\/gmundner-lodge.com\/es\/wp-json\/wp\/v2\/media?parent=14799"}],"curies":[{"name":"wp","href":"https:\/\/api.w.org\/{rel}","templated":true}]}}