{"id":11821,"date":"2023-03-20T16:32:49","date_gmt":"2023-03-20T14:32:49","guid":{"rendered":"https:\/\/gmundner-lodge.com\/preise-und-raten\/"},"modified":"2026-05-06T11:05:08","modified_gmt":"2026-05-06T09:05:08","slug":"precios-y-tasas","status":"publish","type":"page","link":"https:\/\/gmundner-lodge.com\/es\/precios-y-tasas\/","title":{"rendered":"Precios y tasas"},"content":{"rendered":"\t\t<div data-elementor-type=\"wp-page\" data-elementor-id=\"11821\" class=\"elementor elementor-11821 elementor-11351\" data-elementor-post-type=\"page\">\n\t\t\t\t\t\t<section class=\"elementor-section elementor-top-section elementor-element elementor-element-835a4ac elementor-section-full_width elementor-section-height-min-height elementor-section-items-stretch elementor-section-height-default\" data-id=\"835a4ac\" data-element_type=\"section\" data-e-type=\"section\" data-settings=\"{&quot;motion_fx_motion_fx_scrolling&quot;:&quot;yes&quot;,&quot;background_background&quot;:&quot;slideshow&quot;,&quot;background_slideshow_gallery&quot;:[{&quot;id&quot;:17387,&quot;url&quot;:&quot;https:\\\/\\\/gmundner-lodge.com\\\/wp-content\\\/uploads\\\/\\u00a9Gmundner-Lodge_Patricia-Parinejad_Suite_122.jpg&quot;}],&quot;background_slideshow_transition_duration&quot;:1000,&quot;background_slideshow_slide_duration&quot;:4000,&quot;background_slideshow_slide_transition&quot;:&quot;fade&quot;,&quot;motion_fx_devices&quot;:[&quot;desktop&quot;,&quot;tablet&quot;,&quot;mobile&quot;]}\">\n\t\t\t\t\t\t<div class=\"elementor-container elementor-column-gap-default\">\n\t\t\t\t\t<div class=\"elementor-column elementor-col-100 elementor-top-column elementor-element elementor-element-7bb7caf\" data-id=\"7bb7caf\" data-element_type=\"column\" data-e-type=\"column\" data-settings=\"{&quot;motion_fx_motion_fx_scrolling&quot;:&quot;yes&quot;,&quot;motion_fx_range&quot;:&quot;page&quot;,&quot;motion_fx_devices&quot;:[&quot;desktop&quot;,&quot;tablet&quot;,&quot;mobile&quot;]}\">\n\t\t\t<div class=\"elementor-widget-wrap elementor-element-populated\">\n\t\t\t\t\t\t<div class=\"elementor-element elementor-element-4ba68ba elementor-widget elementor-widget-spacer\" data-id=\"4ba68ba\" data-element_type=\"widget\" data-e-type=\"widget\" data-widget_type=\"spacer.default\">\n\t\t\t\t<div class=\"elementor-widget-container\">\n\t\t\t\t\t\t\t<div class=\"elementor-spacer\">\n\t\t\t<div class=\"elementor-spacer-inner\"><\/div>\n\t\t<\/div>\n\t\t\t\t\t\t<\/div>\n\t\t\t\t<\/div>\n\t\t\t\t\t<\/div>\n\t\t<\/div>\n\t\t\t\t\t<\/div>\n\t\t<\/section>\n\t\t\t\t<section class=\"elementor-section elementor-top-section elementor-element elementor-element-42a1b19 elementor-section-full_width elementor-section-height-min-height elementor-section-items-stretch elementor-section-content-middle elementor-section-height-default\" data-id=\"42a1b19\" data-element_type=\"section\" data-e-type=\"section\">\n\t\t\t\t\t\t<div class=\"elementor-container elementor-column-gap-wide\">\n\t\t\t\t\t<div class=\"elementor-column elementor-col-100 elementor-top-column elementor-element elementor-element-1c518b3\" data-id=\"1c518b3\" data-element_type=\"column\" data-e-type=\"column\">\n\t\t\t<div class=\"elementor-widget-wrap elementor-element-populated\">\n\t\t\t\t\t\t<div class=\"elementor-element elementor-element-46db2954 elementor-widget-tablet__width-auto elementor-widget elementor-widget-heading\" data-id=\"46db2954\" data-element_type=\"widget\" data-e-type=\"widget\" data-widget_type=\"heading.default\">\n\t\t\t\t<div class=\"elementor-widget-container\">\n\t\t\t\t\t<h1 class=\"elementor-heading-title elementor-size-default\">Gmundner<br> PRECIOS<\/h1>\t\t\t\t<\/div>\n\t\t\t\t<\/div>\n\t\t\t\t<div class=\"elementor-element elementor-element-b3b228e elementor-widget elementor-widget-text-editor\" data-id=\"b3b228e\" data-element_type=\"widget\" data-e-type=\"widget\" data-widget_type=\"text-editor.default\">\n\t\t\t\t<div class=\"elementor-widget-container\">\n\t\t\t\t\t\t\t\t\t<div data-block-id=\"block-191412ed-7872-4145-b88a-6c468c366f4f\"><div data-block-id=\"block-8ee24135-dc70-4867-b39e-f436632cb654\"><h4>En el Gmundner Lodge ofrecemos a nuestros hu\u00e9spedes una experiencia \u00fanica. Esto incluye los aspectos culinarios, de vida salvaje, aventura y bienestar.<\/h4><\/div><\/div>\t\t\t\t\t\t\t\t<\/div>\n\t\t\t\t<\/div>\n\t\t\t\t\t<\/div>\n\t\t<\/div>\n\t\t\t\t\t<\/div>\n\t\t<\/section>\n\t\t\t\t<section class=\"elementor-section elementor-top-section elementor-element elementor-element-6c2a0df elementor-section-full_width elementor-hidden-mobile elementor-section-height-default elementor-section-height-default\" data-id=\"6c2a0df\" data-element_type=\"section\" data-e-type=\"section\" data-settings=\"{&quot;background_background&quot;:&quot;classic&quot;}\">\n\t\t\t\t\t\t<div class=\"elementor-container elementor-column-gap-default\">\n\t\t\t\t\t<div class=\"elementor-column elementor-col-100 elementor-top-column elementor-element elementor-element-d0082dd\" data-id=\"d0082dd\" data-element_type=\"column\" data-e-type=\"column\">\n\t\t\t<div class=\"elementor-widget-wrap elementor-element-populated\">\n\t\t\t\t\t\t<div class=\"elementor-element elementor-element-3bfde77 elementor-widget elementor-widget-html\" data-id=\"3bfde77\" data-element_type=\"widget\" data-e-type=\"widget\" data-widget_type=\"html.default\">\n\t\t\t\t<div class=\"elementor-widget-container\">\n\t\t\t\t\t<style>\n.gm-2026 { font-family: 'Poppins', sans-serif; width: 100%; }\n.gm-2026 * { box-sizing: border-box; }\n.gm-2026 .gm-table { width: 100%; border-collapse: separate; border-spacing: 0; margin: 0; table-layout: fixed; }\n.gm-2026 .gm-table th { background: #D3A170; color: #FFFFFF; font-family: 'Montserrat', sans-serif; font-size: 16px; font-weight: 600; line-height: 16px; padding: 20px 15px; text-align: left; vertical-align: top; }\n.gm-2026 .gm-table td { padding: 20px 15px; vertical-align: top; color: #000; }\n.gm-2026 .gm-table tr.row-light td { background: rgba(128, 128, 128, 0.07); }\n.gm-2026 .gm-table tr.row-dark td  { background: #F2F2F2; }\n.gm-2026 .gm-table h4 { font-family: 'Cormorant Garamond', serif; font-size: 22px; font-weight: 300; line-height: 1.2; color: #000; margin: 0 0 16px 0; }\n.gm-2026 .gm-table p { font-family: 'Poppins', sans-serif; font-size: 14px; font-weight: 300; line-height: 26px; color: #000; margin: 0; }\n.gm-2026 .gm-mobile { display: none; }\n@media (max-width: 767px) {\n  .gm-2026 .gm-desktop { display: none; }\n  .gm-2026 .gm-mobile  { display: table; }\n}\n<\/style>\n\n<div class=\"gm-2026\">\n  <table class=\"gm-table gm-desktop\">\n    <thead>\n      <tr>\n        <th style=\"width:50%;\">Temporada 2026<\/th>\n        <th style=\"width:50%;\">Precio por persona \/ noche<\/th>\n      <\/tr>\n    <\/thead>\n    <tbody>\n      <tr class=\"row-light\">\n        <td>\n          <h4>Temporada 2026:<\/h4>\n          <p>8 de enero \u2013 27 de marzo 2026<br>7 de abril \u2013 23 de diciembre 2026<\/p>\n        <\/td>\n        <td>\n          <p>Ocupaci\u00f3n doble:<br>\u20ac 975 \/ NAD 19.000<\/p>\n          <p style=\"margin-top:16px;\">Ocupaci\u00f3n individual:<br>\u20ac 1.155 \/ NAD 22.500<\/p>\n        <\/td>\n      <\/tr>\n      <tr class=\"row-dark\">\n        <td>\n          <h4>Temporada alta 2026:<\/h4>\n          <p>1 de enero \u2013 7 de enero 2026<br>28 de marzo \u2013 6 de abril 2026<br>24 de diciembre \u2013 31 de diciembre 2026<\/p>\n        <\/td>\n        <td>\n          <p>Ocupaci\u00f3n doble:<br>\u20ac 1.410 \/ NAD 27.500<\/p>\n          <p style=\"margin-top:16px;\">Ocupaci\u00f3n individual:<br>\u20ac 1.695 \/ NAD 33.000<\/p>\n        <\/td>\n      <\/tr>\n      <tr class=\"row-light\">\n        <td colspan=\"2\">\n          <h4>Ni\u00f1os:<\/h4>\n          <p>Los ni\u00f1os de 0-5 a\u00f1os de edad se alojan gratis.<br>Los ni\u00f1os de 6-14 a\u00f1os pagan el 25 % del precio por persona y noche.<\/p>\n        <\/td>\n      <\/tr>\n    <\/tbody>\n  <\/table>\n\n  <table class=\"gm-table gm-mobile\">\n    <thead>\n      <tr><th>Temporada 2026<\/th><\/tr>\n    <\/thead>\n    <tbody>\n      <tr class=\"row-light\">\n        <td>\n          <h4>Temporada 2026:<\/h4>\n          <p>8 de enero \u2013 27 de marzo 2026<br>7 de abril \u2013 23 de diciembre 2026<\/p>\n          <p style=\"margin-top:16px;\"><strong>Precio por persona \/ noche:<\/strong><\/p>\n          <p>Ocupaci\u00f3n doble: \u20ac 975 \/ NAD 19.000<\/p>\n          <p>Ocupaci\u00f3n individual: \u20ac 1.155 \/ NAD 22.500<\/p>\n        <\/td>\n      <\/tr>\n      <tr class=\"row-dark\">\n        <td>\n          <h4>Temporada alta 2026:<\/h4>\n          <p>1 de enero \u2013 7 de enero 2026<br>28 de marzo \u2013 6 de abril 2026<br>24 de diciembre \u2013 31 de diciembre 2026<\/p>\n          <p style=\"margin-top:16px;\"><strong>Precio por persona \/ noche:<\/strong><\/p>\n          <p>Ocupaci\u00f3n doble: \u20ac 1.410 \/ NAD 27.500<\/p>\n          <p>Ocupaci\u00f3n individual: \u20ac 1.695 \/ NAD 33.000<\/p>\n        <\/td>\n      <\/tr>\n      <tr class=\"row-light\">\n        <td>\n          <h4>Ni\u00f1os:<\/h4>\n          <p>Los ni\u00f1os de 0-5 a\u00f1os de edad se alojan gratis.<br>Los ni\u00f1os de 6-14 a\u00f1os pagan el 25 % del precio por persona y noche.<\/p>\n        <\/td>\n      <\/tr>\n    <\/tbody>\n  <\/table>\n<\/div>\t\t\t\t<\/div>\n\t\t\t\t<\/div>\n\t\t\t\t<div class=\"elementor-element elementor-element-a88ce49 elementor-widget__width-auto elementor-widget-mobile__width-inherit elementor-widget elementor-widget-qi_addons_for_elementor_button\" data-id=\"a88ce49\" data-element_type=\"widget\" data-e-type=\"widget\" data-widget_type=\"qi_addons_for_elementor_button.default\">\n\t\t\t\t<div class=\"elementor-widget-container\">\n\t\t\t\t\t<a class=\"qodef-shortcode qodef-m qodef-qi-button qodef-html--link qodef-layout--outlined qodef-type--inner-border qodef-hover--reveal qodef--reveal-horizontal qodef-icon--left qodef-hover--icon-move-horizontal-short qodef-inner-border-hover--draw q-draw-one-point\" href=\"https:\/\/gmundner-lodge.com\/wp-content\/uploads\/Gmundner-Rate-Sheet-2026_Rack-Rates.pdf.pdf\" target=\"_blank\">\n\t<span class=\"qodef-m-text\">Fact Sheet 2026<\/span>\n\t\t<div class=\"qodef-m-inner-border\">\n\t\t\t\t\t<span class=\"qodef-m-border-top\"><\/span>\n\t\t\t<span class=\"qodef-m-border-right\"><\/span>\n\t\t\t<span class=\"qodef-m-border-bottom\"><\/span>\n\t\t\t<span class=\"qodef-m-border-left\"><\/span>\n\t\t\t\t<\/div>\n\t\t\t<div class=\"qodef-m-inner-border qodef-m-inner-border-copy\">\n\t\t\t<span class=\"qodef-m-border-top\"><\/span>\n\t\t\t<span class=\"qodef-m-border-right\"><\/span>\n\t\t\t<span class=\"qodef-m-border-bottom\"><\/span>\n\t\t\t<span class=\"qodef-m-border-left\"><\/span>\n\t\t<\/div>\n\t\t<\/a>\n\t\t\t\t<\/div>\n\t\t\t\t<\/div>\n\t\t\t\t\t<\/div>\n\t\t<\/div>\n\t\t\t\t\t<\/div>\n\t\t<\/section>\n\t\t\t\t<section class=\"elementor-section elementor-top-section elementor-element elementor-element-7be0fa1 elementor-section-full_width elementor-hidden-mobile elementor-hidden-desktop elementor-hidden-tablet elementor-section-height-default elementor-section-height-default\" data-id=\"7be0fa1\" data-element_type=\"section\" data-e-type=\"section\" data-settings=\"{&quot;background_background&quot;:&quot;classic&quot;}\">\n\t\t\t\t\t\t<div class=\"elementor-container elementor-column-gap-default\">\n\t\t\t\t\t<div class=\"elementor-column elementor-col-100 elementor-top-column elementor-element elementor-element-78dff8b\" data-id=\"78dff8b\" data-element_type=\"column\" data-e-type=\"column\">\n\t\t\t<div class=\"elementor-widget-wrap elementor-element-populated\">\n\t\t\t\t\t\t<div class=\"elementor-element elementor-element-282c939 eael-table-align-center eael-dt-th-align-left elementor-widget elementor-widget-eael-data-table\" data-id=\"282c939\" data-element_type=\"widget\" data-e-type=\"widget\" data-widget_type=\"eael-data-table.default\">\n\t\t\t\t<div class=\"elementor-widget-container\">\n\t\t\t\t\t\t\t<div class=\"eael-data-table-wrap\" data-table_id=\"282c939\" id=\"eael-data-table-wrapper-282c939\" data-custom_responsive=\"false\">\n\t\t\t<table class=\"tablesorter eael-data-table center\" id=\"eael-data-table-282c939\">\n\t\t\t    <thead>\n\t\t\t        <tr class=\"table-header\">\n\t\t\t\t\t\t\t\t\t            <th class=\"\" id=\"\" colspan=\"\">\n\t\t\t\t\t\t\t\t\t\t\t\t\t\t<span class=\"data-table-header-text\">Temporada 2025<\/span><\/th>\n\t\t\t        \t\t\t\t            <th class=\"\" id=\"\" colspan=\"\">\n\t\t\t\t\t\t\t\t\t\t\t\t\t\t<span class=\"data-table-header-text\">Precio por persona \/ noche<\/span><\/th>\n\t\t\t        \t\t\t\t        <\/tr>\n\t\t\t    <\/thead>\n\t\t\t  \t<tbody>\n\t\t\t\t\t\t\t\t\t\t\t<tr>\n\t\t\t\t\t\t\t\t\t\t\t\t\t\t\t\t   \t\t\t\t\t\t\t\t\t\t\t<td colspan=\"\" rowspan=\"\" class=\"\" id=\"\">\n\t\t\t\t\t\t\t\t\t\t\t\t<div class=\"td-content-wrapper\"><div class=\"td-content\">\n\t\t\t\t\t\t\t\t\t\t\t\t\t<h4>Temporada 2025:<\/h4><p>7 de enero &#8211; 11 de abril 2025<br \/>22 de abril &#8211; 19 de diciembre 2025<\/p>\t\t\t\t\t\t\t\t\t\t\t\t<\/div><\/div>\n\t\t\t\t\t\t\t\t\t\t\t<\/td>\n\t\t\t\t\t\t\t\t\t\t\t\t\t\t\t\t\t\t\t\t\t\t\t\t\t\t\t\t\t   \t\t\t\t\t\t\t\t\t\t\t<td colspan=\"\" rowspan=\"\" class=\"\" id=\"\">\n\t\t\t\t\t\t\t\t\t\t\t\t<div class=\"td-content-wrapper\"><div class=\"td-content\">\n\t\t\t\t\t\t\t\t\t\t\t\t\t<div class=\"qodef-e-row\"><div>\u00a0<\/div><div>\u00a0<\/div><div class=\"qodef-e-cell qodef-e-text elementor-repeater-item-1bc97a1\"><p>Ocupaci\u00f3n doble: <br \/>\u20ac 850 \/ NAD 17.500<\/p><\/div><div class=\"qodef-e-cell qodef-e-text elementor-repeater-item-1bc97a1\">Ocupaci\u00f3n individual:<br \/>\u20ac 1.000 \/ NAD 20.500<\/div><\/div>\t\t\t\t\t\t\t\t\t\t\t\t<\/div><\/div>\n\t\t\t\t\t\t\t\t\t\t\t<\/td>\n\t\t\t\t\t\t\t\t\t\t\t\t\t\t\t\t\t\t\t\t\t\t\t\t\t\t<\/tr>\n\t\t\t        \t\t\t\t\t\t<tr>\n\t\t\t\t\t\t\t\t\t\t\t\t\t\t\t\t   \t\t\t\t\t\t\t\t\t\t\t<td colspan=\"\" rowspan=\"\" class=\"\" id=\"\">\n\t\t\t\t\t\t\t\t\t\t\t\t<div class=\"td-content-wrapper\"><div class=\"td-content\">\n\t\t\t\t\t\t\t\t\t\t\t\t\t<h4 class=\"qodef-e-cell qodef-e-text elementor-repeater-item-da29661\">Temporada alta 2025:<\/h4><p>12 de abril\u00a0 &#8211; 21 de abril\u00a0 2025<br \/>20 de diciembre &#8211; 31 de diciembre 2025<\/p>\t\t\t\t\t\t\t\t\t\t\t\t<\/div><\/div>\n\t\t\t\t\t\t\t\t\t\t\t<\/td>\n\t\t\t\t\t\t\t\t\t\t\t\t\t\t\t\t\t\t\t\t\t\t\t\t\t\t\t\t\t   \t\t\t\t\t\t\t\t\t\t\t<td colspan=\"\" rowspan=\"\" class=\"\" id=\"\">\n\t\t\t\t\t\t\t\t\t\t\t\t<div class=\"td-content-wrapper\"><div class=\"td-content\">\n\t\t\t\t\t\t\t\t\t\t\t\t\t<div class=\"qodef-e-row\"><div>\u00a0<\/div><div>\u00a0<\/div><div class=\"qodef-e-cell qodef-e-text elementor-repeater-item-1bc97a1\"><div class=\"qodef-e-row\"><div class=\"qodef-e-cell qodef-e-text elementor-repeater-item-1bc97a1\"><p>Ocupaci\u00f3n doble:<br \/>\u20ac 1.250 \/ NAD 26.000<\/p><\/div><div class=\"qodef-e-cell qodef-e-text elementor-repeater-item-1bc97a1\">Ocupaci\u00f3n individual:<br \/>\u20ac 1.500 \/ NAD 31.000<\/div><\/div><\/div><\/div>\t\t\t\t\t\t\t\t\t\t\t\t<\/div><\/div>\n\t\t\t\t\t\t\t\t\t\t\t<\/td>\n\t\t\t\t\t\t\t\t\t\t\t\t\t\t\t\t\t\t\t\t\t\t\t\t\t\t<\/tr>\n\t\t\t        \t\t\t\t\t\t<tr>\n\t\t\t\t\t\t\t\t\t\t\t\t\t\t\t\t   \t\t\t\t\t\t\t\t\t\t\t<td colspan=\"\" rowspan=\"\" class=\"\" id=\"\">\n\t\t\t\t\t\t\t\t\t\t\t\t<div class=\"td-content-wrapper\"><div class=\"td-content\">\n\t\t\t\t\t\t\t\t\t\t\t\t\t<h4 class=\"qodef-e-title\">Ni\u00f1os<strong>:<\/strong><\/h4><p>Los ni\u00f1os de 0-5 a\u00f1os de edad se alojan gratis.<br \/>Los ni\u00f1os de 6-14 a\u00f1os pagan el 25 % del precio por persona y noche.<\/p>\t\t\t\t\t\t\t\t\t\t\t\t<\/div><\/div>\n\t\t\t\t\t\t\t\t\t\t\t<\/td>\n\t\t\t\t\t\t\t\t\t\t\t\t\t\t\t\t\t\t\t\t\t\t\t\t\t\t\t\t\t   \t\t\t\t\t\t\t\t\t\t\t<td colspan=\"\" rowspan=\"\" class=\"\" id=\"\">\n\t\t\t\t\t\t\t\t\t\t\t\t<div class=\"td-content-wrapper\"><div class=\"td-content\">\n\t\t\t\t\t\t\t\t\t\t\t\t\t\t\t\t\t\t\t\t\t\t\t\t\t<\/div><\/div>\n\t\t\t\t\t\t\t\t\t\t\t<\/td>\n\t\t\t\t\t\t\t\t\t\t\t\t\t\t\t\t\t\t\t\t\t\t\t\t\t\t<\/tr>\n\t\t\t        \t\t\t    <\/tbody>\n\t\t\t<\/table>\n\t\t<\/div>\n\t  \t\t\t\t\t<\/div>\n\t\t\t\t<\/div>\n\t\t\t\t<div class=\"elementor-element elementor-element-a44509f elementor-widget__width-auto elementor-widget-mobile__width-inherit elementor-widget elementor-widget-qi_addons_for_elementor_button\" data-id=\"a44509f\" data-element_type=\"widget\" data-e-type=\"widget\" data-widget_type=\"qi_addons_for_elementor_button.default\">\n\t\t\t\t<div class=\"elementor-widget-container\">\n\t\t\t\t\t<a class=\"qodef-shortcode qodef-m qodef-qi-button qodef-html--link qodef-layout--outlined qodef-type--inner-border qodef-hover--reveal qodef--reveal-horizontal qodef-icon--left qodef-hover--icon-move-horizontal-short qodef-inner-border-hover--draw q-draw-one-point\" href=\"https:\/\/gmundner-lodge.com\/wp-content\/uploads\/Fact-Sheet-2025.pdf\" target=\"_blank\">\n\t<span class=\"qodef-m-text\">Fact Sheet 2025<\/span>\n\t\t<div class=\"qodef-m-inner-border\">\n\t\t\t\t\t<span class=\"qodef-m-border-top\"><\/span>\n\t\t\t<span class=\"qodef-m-border-right\"><\/span>\n\t\t\t<span class=\"qodef-m-border-bottom\"><\/span>\n\t\t\t<span class=\"qodef-m-border-left\"><\/span>\n\t\t\t\t<\/div>\n\t\t\t<div class=\"qodef-m-inner-border qodef-m-inner-border-copy\">\n\t\t\t<span class=\"qodef-m-border-top\"><\/span>\n\t\t\t<span class=\"qodef-m-border-right\"><\/span>\n\t\t\t<span class=\"qodef-m-border-bottom\"><\/span>\n\t\t\t<span class=\"qodef-m-border-left\"><\/span>\n\t\t<\/div>\n\t\t<\/a>\n\t\t\t\t<\/div>\n\t\t\t\t<\/div>\n\t\t\t\t\t<\/div>\n\t\t<\/div>\n\t\t\t\t\t<\/div>\n\t\t<\/section>\n\t\t\t\t<section class=\"elementor-section elementor-top-section elementor-element elementor-element-bc72ddd elementor-section-full_width elementor-hidden-desktop elementor-hidden-tablet elementor-hidden-mobile elementor-section-height-default elementor-section-height-default\" data-id=\"bc72ddd\" data-element_type=\"section\" data-e-type=\"section\" data-settings=\"{&quot;background_background&quot;:&quot;classic&quot;}\">\n\t\t\t\t\t\t<div class=\"elementor-container elementor-column-gap-default\">\n\t\t\t\t\t<div class=\"elementor-column elementor-col-100 elementor-top-column elementor-element elementor-element-4f8cc2b\" data-id=\"4f8cc2b\" data-element_type=\"column\" data-e-type=\"column\">\n\t\t\t<div class=\"elementor-widget-wrap elementor-element-populated\">\n\t\t\t\t\t\t<div class=\"elementor-element elementor-element-69493ec eael-table-align-center eael-dt-th-align-left elementor-widget elementor-widget-eael-data-table\" data-id=\"69493ec\" data-element_type=\"widget\" data-e-type=\"widget\" data-widget_type=\"eael-data-table.default\">\n\t\t\t\t<div class=\"elementor-widget-container\">\n\t\t\t\t\t\t\t<div class=\"eael-data-table-wrap\" data-table_id=\"69493ec\" id=\"eael-data-table-wrapper-69493ec\" data-custom_responsive=\"false\">\n\t\t\t<table class=\"tablesorter eael-data-table center\" id=\"eael-data-table-69493ec\">\n\t\t\t    <thead>\n\t\t\t        <tr class=\"table-header\">\n\t\t\t\t\t\t\t\t\t            <th class=\"\" id=\"\" colspan=\"\">\n\t\t\t\t\t\t\t\t\t\t\t\t\t\t<span class=\"data-table-header-text\">Temporada 2025\t<\/span><\/th>\n\t\t\t        \t\t\t\t        <\/tr>\n\t\t\t    <\/thead>\n\t\t\t  \t<tbody>\n\t\t\t\t\t\t\t\t\t\t\t<tr>\n\t\t\t\t\t\t\t\t\t\t\t\t\t\t\t\t   \t\t\t\t\t\t\t\t\t\t\t<td colspan=\"\" rowspan=\"\" class=\"\" id=\"\">\n\t\t\t\t\t\t\t\t\t\t\t\t<div class=\"td-content-wrapper\"><div class=\"td-content\">\n\t\t\t\t\t\t\t\t\t\t\t\t\t<p><strong>Temporada 2025:<br \/><\/strong>7 de enero &#8211; 11 de abril 2025<br \/>22 de abril &#8211; 19 de diciembre 2025<br \/><br \/><strong>Precio por persona \/ noche:<br \/><\/strong>Ocupaci\u00f3n doble:<br \/>\u20ac 850 \/ NAD 17.500<br \/><br \/>Ocupaci\u00f3n individual:<br \/>\u20ac 1.000 \/ NAD 20.500<\/p>\t\t\t\t\t\t\t\t\t\t\t\t<\/div><\/div>\n\t\t\t\t\t\t\t\t\t\t\t<\/td>\n\t\t\t\t\t\t\t\t\t\t\t\t\t\t\t\t\t\t\t\t\t\t\t\t\t\t<\/tr>\n\t\t\t        \t\t\t\t\t\t<tr>\n\t\t\t\t\t\t\t\t\t\t\t\t\t\t\t\t   \t\t\t\t\t\t\t\t\t\t\t<td colspan=\"\" rowspan=\"\" class=\"\" id=\"\">\n\t\t\t\t\t\t\t\t\t\t\t\t<div class=\"td-content-wrapper\"><div class=\"td-content\">\n\t\t\t\t\t\t\t\t\t\t\t\t\t<p><strong>Temporada alta 2025:<br \/><\/strong>12 de abril &#8211; 21 de abril 2025<br \/>20 de diciembre &#8211; 31 de diciembre 2025<br \/><br \/><strong>Precio por persona \/ noche:<br \/><br \/><\/strong>Ocupaci\u00f3n doble:<br \/>\u20ac 1.250 \/ NAD 26.000<br \/><br \/>Ocupaci\u00f3n individual:<br \/>\u20ac 1.500 \/ NAD 31.000<\/p>\t\t\t\t\t\t\t\t\t\t\t\t<\/div><\/div>\n\t\t\t\t\t\t\t\t\t\t\t<\/td>\n\t\t\t\t\t\t\t\t\t\t\t\t\t\t\t\t\t\t\t\t\t\t\t\t\t\t<\/tr>\n\t\t\t        \t\t\t\t\t\t<tr>\n\t\t\t\t\t\t\t\t\t\t\t\t\t\t\t\t   \t\t\t\t\t\t\t\t\t\t\t<td colspan=\"\" rowspan=\"\" class=\"\" id=\"\">\n\t\t\t\t\t\t\t\t\t\t\t\t<div class=\"td-content-wrapper\"><div class=\"td-content\">\n\t\t\t\t\t\t\t\t\t\t\t\t\t<p class=\"qodef-e-title\"><strong>Ni\u00f1os:<br \/><br \/><\/strong><span>Los ni\u00f1os de 0-5 a\u00f1os de edad se alojan gratis.<br \/>Los ni\u00f1os de 6-14 a\u00f1os pagan el 25 % del precio por persona y noche.<\/span><\/p>\t\t\t\t\t\t\t\t\t\t\t\t<\/div><\/div>\n\t\t\t\t\t\t\t\t\t\t\t<\/td>\n\t\t\t\t\t\t\t\t\t\t\t\t\t\t\t\t\t\t\t\t\t\t\t\t\t\t<\/tr>\n\t\t\t        \t\t\t    <\/tbody>\n\t\t\t<\/table>\n\t\t<\/div>\n\t  \t\t\t\t\t<\/div>\n\t\t\t\t<\/div>\n\t\t\t\t<div class=\"elementor-element elementor-element-7fd694b elementor-widget__width-auto elementor-widget-mobile__width-inherit elementor-widget elementor-widget-qi_addons_for_elementor_button\" data-id=\"7fd694b\" data-element_type=\"widget\" data-e-type=\"widget\" data-widget_type=\"qi_addons_for_elementor_button.default\">\n\t\t\t\t<div class=\"elementor-widget-container\">\n\t\t\t\t\t<a class=\"qodef-shortcode qodef-m qodef-qi-button qodef-html--link qodef-layout--outlined qodef-type--inner-border qodef-hover--reveal qodef--reveal-horizontal qodef-icon--left qodef-hover--icon-move-horizontal-short qodef-inner-border-hover--draw q-draw-one-point\" href=\"https:\/\/gmundner-lodge.com\/wp-content\/uploads\/Fact-Sheet-2025.pdf\" target=\"_self\">\n\t<span class=\"qodef-m-text\">Fact Sheet 2025<\/span>\n\t\t<div class=\"qodef-m-inner-border\">\n\t\t\t\t\t<span class=\"qodef-m-border-top\"><\/span>\n\t\t\t<span class=\"qodef-m-border-right\"><\/span>\n\t\t\t<span class=\"qodef-m-border-bottom\"><\/span>\n\t\t\t<span class=\"qodef-m-border-left\"><\/span>\n\t\t\t\t<\/div>\n\t\t\t<div class=\"qodef-m-inner-border qodef-m-inner-border-copy\">\n\t\t\t<span class=\"qodef-m-border-top\"><\/span>\n\t\t\t<span class=\"qodef-m-border-right\"><\/span>\n\t\t\t<span class=\"qodef-m-border-bottom\"><\/span>\n\t\t\t<span class=\"qodef-m-border-left\"><\/span>\n\t\t<\/div>\n\t\t<\/a>\n\t\t\t\t<\/div>\n\t\t\t\t<\/div>\n\t\t\t\t\t<\/div>\n\t\t<\/div>\n\t\t\t\t\t<\/div>\n\t\t<\/section>\n\t\t\t\t<\/div>\n\t\t","protected":false},"excerpt":{"rendered":"<p>Gmundner PRECIOS En el Gmundner Lodge ofrecemos a nuestros hu\u00e9spedes una experiencia \u00fanica. Esto incluye los aspectos culinarios, de vida salvaje, aventura y bienestar. Temporada 2026 Precio por persona \/ noche Temporada 2026: 8 de enero \u2013 27 de marzo 20267 de abril \u2013 23 de diciembre 2026 Ocupaci\u00f3n doble:\u20ac 975 \/ NAD 19.000 Ocupaci\u00f3n [&hellip;]<\/p>\n","protected":false},"author":5,"featured_media":17387,"parent":0,"menu_order":0,"comment_status":"closed","ping_status":"closed","template":"","meta":{"inline_featured_image":false,"footnotes":""},"class_list":["post-11821","page","type-page","status-publish","has-post-thumbnail","hentry"],"_links":{"self":[{"href":"https:\/\/gmundner-lodge.com\/es\/wp-json\/wp\/v2\/pages\/11821","targetHints":{"allow":["GET"]}}],"collection":[{"href":"https:\/\/gmundner-lodge.com\/es\/wp-json\/wp\/v2\/pages"}],"about":[{"href":"https:\/\/gmundner-lodge.com\/es\/wp-json\/wp\/v2\/types\/page"}],"author":[{"embeddable":true,"href":"https:\/\/gmundner-lodge.com\/es\/wp-json\/wp\/v2\/users\/5"}],"replies":[{"embeddable":true,"href":"https:\/\/gmundner-lodge.com\/es\/wp-json\/wp\/v2\/comments?post=11821"}],"version-history":[{"count":3,"href":"https:\/\/gmundner-lodge.com\/es\/wp-json\/wp\/v2\/pages\/11821\/revisions"}],"predecessor-version":[{"id":18123,"href":"https:\/\/gmundner-lodge.com\/es\/wp-json\/wp\/v2\/pages\/11821\/revisions\/18123"}],"wp:featuredmedia":[{"embeddable":true,"href":"https:\/\/gmundner-lodge.com\/es\/wp-json\/wp\/v2\/media\/17387"}],"wp:attachment":[{"href":"https:\/\/gmundner-lodge.com\/es\/wp-json\/wp\/v2\/media?parent=11821"}],"curies":[{"name":"wp","href":"https:\/\/api.w.org\/{rel}","templated":true}]}}