{"id":10480,"date":"2022-08-19T23:52:47","date_gmt":"2022-08-19T21:52:47","guid":{"rendered":"https:\/\/gmundner-lodge.com\/our-vision\/"},"modified":"2024-05-15T08:03:00","modified_gmt":"2024-05-15T06:03:00","slug":"our-vision","status":"publish","type":"page","link":"https:\/\/gmundner-lodge.com\/es\/our-vision\/","title":{"rendered":"Our Vision"},"content":{"rendered":"\t\t<div data-elementor-type=\"wp-page\" data-elementor-id=\"10480\" class=\"elementor elementor-10480 elementor-4697\" data-elementor-post-type=\"page\">\n\t\t\t\t\t\t<section class=\"elementor-section elementor-top-section elementor-element elementor-element-57a6e4de elementor-section-full_width elementor-section-height-min-height elementor-section-items-stretch elementor-hidden-mobile elementor-section-height-default\" data-id=\"57a6e4de\" data-element_type=\"section\" data-e-type=\"section\" data-settings=\"{&quot;motion_fx_motion_fx_scrolling&quot;:&quot;yes&quot;,&quot;background_background&quot;:&quot;slideshow&quot;,&quot;background_slideshow_gallery&quot;:[{&quot;id&quot;:5110,&quot;url&quot;:&quot;https:\\\/\\\/gmundner-lodge.com\\\/wp-content\\\/uploads\\\/2022\\\/08\\\/crowd-m-italy-srl.jpg&quot;},{&quot;id&quot;:5115,&quot;url&quot;:&quot;https:\\\/\\\/gmundner-lodge.com\\\/wp-content\\\/uploads\\\/2022\\\/08\\\/gmundner-lodge-namibia-grassland.jpeg&quot;},{&quot;id&quot;:5995,&quot;url&quot;:&quot;https:\\\/\\\/gmundner-lodge.com\\\/wp-content\\\/uploads\\\/2022\\\/08\\\/shoe.jpeg&quot;},{&quot;id&quot;:5113,&quot;url&quot;:&quot;https:\\\/\\\/gmundner-lodge.com\\\/wp-content\\\/uploads\\\/2022\\\/08\\\/tundra.jpeg&quot;}],&quot;background_slideshow_transition_duration&quot;:1000,&quot;background_slideshow_loop&quot;:&quot;yes&quot;,&quot;background_slideshow_slide_duration&quot;:5000,&quot;background_slideshow_slide_transition&quot;:&quot;fade&quot;,&quot;motion_fx_devices&quot;:[&quot;desktop&quot;,&quot;tablet&quot;,&quot;mobile&quot;]}\">\n\t\t\t\t\t\t<div class=\"elementor-container elementor-column-gap-default\">\n\t\t\t\t\t<div class=\"elementor-column elementor-col-100 elementor-top-column elementor-element elementor-element-56b28ac5\" data-id=\"56b28ac5\" data-element_type=\"column\" data-e-type=\"column\" data-settings=\"{&quot;motion_fx_motion_fx_scrolling&quot;:&quot;yes&quot;,&quot;motion_fx_range&quot;:&quot;page&quot;,&quot;motion_fx_devices&quot;:[&quot;desktop&quot;,&quot;tablet&quot;,&quot;mobile&quot;]}\">\n\t\t\t<div class=\"elementor-widget-wrap elementor-element-populated\">\n\t\t\t\t\t\t<div class=\"elementor-element elementor-element-71468dbc elementor-widget elementor-widget-spacer\" data-id=\"71468dbc\" data-element_type=\"widget\" data-e-type=\"widget\" data-widget_type=\"spacer.default\">\n\t\t\t\t<div class=\"elementor-widget-container\">\n\t\t\t\t\t\t\t<div class=\"elementor-spacer\">\n\t\t\t<div class=\"elementor-spacer-inner\"><\/div>\n\t\t<\/div>\n\t\t\t\t\t\t<\/div>\n\t\t\t\t<\/div>\n\t\t\t\t\t<\/div>\n\t\t<\/div>\n\t\t\t\t\t<\/div>\n\t\t<\/section>\n\t\t\t\t<section class=\"elementor-section elementor-top-section elementor-element elementor-element-233ce184 elementor-section-full_width elementor-section-height-min-height elementor-section-items-stretch elementor-section-height-default\" data-id=\"233ce184\" data-element_type=\"section\" data-e-type=\"section\" data-settings=\"{&quot;background_background&quot;:&quot;classic&quot;}\">\n\t\t\t\t\t\t<div class=\"elementor-container elementor-column-gap-default\">\n\t\t\t\t\t<div class=\"elementor-column elementor-col-50 elementor-top-column elementor-element elementor-element-19849662\" data-id=\"19849662\" data-element_type=\"column\" data-e-type=\"column\">\n\t\t\t<div class=\"elementor-widget-wrap elementor-element-populated\">\n\t\t\t\t\t\t<div class=\"elementor-element elementor-element-6782e3bd elementor-widget elementor-widget-heading\" data-id=\"6782e3bd\" data-element_type=\"widget\" data-e-type=\"widget\" data-widget_type=\"heading.default\">\n\t\t\t\t<div class=\"elementor-widget-container\">\n\t\t\t\t\t<h2 class=\"elementor-heading-title elementor-size-default\">NUESTRO COMPROMISO CON LA SOSTENIBILIDAD<\/h2>\t\t\t\t<\/div>\n\t\t\t\t<\/div>\n\t\t\t\t\t<\/div>\n\t\t<\/div>\n\t\t\t\t<div class=\"elementor-column elementor-col-50 elementor-top-column elementor-element elementor-element-1da6fb56\" data-id=\"1da6fb56\" data-element_type=\"column\" data-e-type=\"column\">\n\t\t\t<div class=\"elementor-widget-wrap elementor-element-populated\">\n\t\t\t\t\t\t<div class=\"elementor-element elementor-element-7323736f elementor-widget elementor-widget-text-editor\" data-id=\"7323736f\" data-element_type=\"widget\" data-e-type=\"widget\" data-widget_type=\"text-editor.default\">\n\t\t\t\t<div class=\"elementor-widget-container\">\n\t\t\t\t\t\t\t\t\t<div class=\"ql-block\" data-block-id=\"block-92e442d5-c54d-43f4-a78e-f59821e5b869\">Gmundner Lodge pretende brindar a los clientes una experiencia de lujo \u00fanica en el entorno natural de Namibia, llev\u00e1ndolos de regreso a la naturaleza minimizando a la vez el impacto en el entorno natural y cultural.<\/div>\t\t\t\t\t\t\t\t<\/div>\n\t\t\t\t<\/div>\n\t\t\t\t\t<\/div>\n\t\t<\/div>\n\t\t\t\t\t<\/div>\n\t\t<\/section>\n\t\t\t\t<section class=\"elementor-section elementor-top-section elementor-element elementor-element-518bce49 elementor-section-full_width animated-slow elementor-section-height-default elementor-section-height-default elementor-invisible\" data-id=\"518bce49\" data-element_type=\"section\" data-e-type=\"section\" data-settings=\"{&quot;animation&quot;:&quot;fadeInUp&quot;}\">\n\t\t\t\t\t\t<div class=\"elementor-container elementor-column-gap-default\">\n\t\t\t\t\t<div class=\"elementor-column elementor-col-33 elementor-top-column elementor-element elementor-element-5f2cbb8d\" data-id=\"5f2cbb8d\" data-element_type=\"column\" data-e-type=\"column\" data-settings=\"{&quot;background_background&quot;:&quot;classic&quot;,&quot;background_motion_fx_motion_fx_scrolling&quot;:&quot;yes&quot;,&quot;background_motion_fx_translateY_effect&quot;:&quot;yes&quot;,&quot;background_motion_fx_translateY_direction&quot;:&quot;negative&quot;,&quot;background_motion_fx_translateY_speed&quot;:{&quot;unit&quot;:&quot;px&quot;,&quot;size&quot;:4,&quot;sizes&quot;:[]},&quot;background_motion_fx_translateY_affectedRange&quot;:{&quot;unit&quot;:&quot;%&quot;,&quot;size&quot;:&quot;&quot;,&quot;sizes&quot;:{&quot;start&quot;:0,&quot;end&quot;:100}},&quot;background_motion_fx_devices&quot;:[&quot;desktop&quot;,&quot;tablet&quot;,&quot;mobile&quot;]}\">\n\t\t\t<div class=\"elementor-widget-wrap elementor-element-populated\">\n\t\t\t\t\t\t<div class=\"elementor-element elementor-element-1d6b391a elementor-widget-divider--view-line_text elementor-widget-divider--element-align-right elementor-widget elementor-widget-divider\" data-id=\"1d6b391a\" data-element_type=\"widget\" data-e-type=\"widget\" data-widget_type=\"divider.default\">\n\t\t\t\t<div class=\"elementor-widget-container\">\n\t\t\t\t\t\t\t<div class=\"elementor-divider\">\n\t\t\t<span class=\"elementor-divider-separator\">\n\t\t\t\t\t\t\t<span class=\"elementor-divider__text elementor-divider__element\">\n\t\t\t\tLA VISI\u00d3N GMUNDNER\t\t\t\t<\/span>\n\t\t\t\t\t\t<\/span>\n\t\t<\/div>\n\t\t\t\t\t\t<\/div>\n\t\t\t\t<\/div>\n\t\t\t\t\t<\/div>\n\t\t<\/div>\n\t\t\t\t<div class=\"elementor-column elementor-col-66 elementor-top-column elementor-element elementor-element-764b6851\" data-id=\"764b6851\" data-element_type=\"column\" data-e-type=\"column\" data-settings=\"{&quot;background_background&quot;:&quot;classic&quot;,&quot;background_motion_fx_motion_fx_scrolling&quot;:&quot;yes&quot;,&quot;background_motion_fx_translateY_effect&quot;:&quot;yes&quot;,&quot;background_motion_fx_translateY_direction&quot;:&quot;negative&quot;,&quot;background_motion_fx_translateY_speed&quot;:{&quot;unit&quot;:&quot;px&quot;,&quot;size&quot;:4,&quot;sizes&quot;:[]},&quot;background_motion_fx_translateY_affectedRange&quot;:{&quot;unit&quot;:&quot;%&quot;,&quot;size&quot;:&quot;&quot;,&quot;sizes&quot;:{&quot;start&quot;:0,&quot;end&quot;:100}},&quot;background_motion_fx_devices&quot;:[&quot;desktop&quot;,&quot;tablet&quot;,&quot;mobile&quot;]}\">\n\t\t\t<div class=\"elementor-widget-wrap elementor-element-populated\">\n\t\t\t\t\t\t<div class=\"elementor-element elementor-element-4f4bbe43 elementor-widget elementor-widget-text-editor\" data-id=\"4f4bbe43\" data-element_type=\"widget\" data-e-type=\"widget\" data-widget_type=\"text-editor.default\">\n\t\t\t\t<div class=\"elementor-widget-container\">\n\t\t\t\t\t\t\t\t\t<div data-block-id=\"block-389d7b92-4d82-4e85-8440-c612c5892f53\"><em>Somos conscientes de que la tierra que cultivamos tiene una gran importancia cultural para el pueblo de Namibia. Como guardianes de este fr\u00e1gil ecosistema, tenemos una obligaci\u00f3n de protecci\u00f3n y conservaci\u00f3n de nuestro entorno natural.<\/em><\/div>\t\t\t\t\t\t\t\t<\/div>\n\t\t\t\t<\/div>\n\t\t\t\t\t<\/div>\n\t\t<\/div>\n\t\t\t\t\t<\/div>\n\t\t<\/section>\n\t\t\t\t<section class=\"elementor-section elementor-top-section elementor-element elementor-element-15305fa3 elementor-section-full_width elementor-section-height-default elementor-section-height-default\" data-id=\"15305fa3\" data-element_type=\"section\" data-e-type=\"section\" data-settings=\"{&quot;background_background&quot;:&quot;classic&quot;}\">\n\t\t\t\t\t\t<div class=\"elementor-container elementor-column-gap-default\">\n\t\t\t\t\t<div class=\"elementor-column elementor-col-33 elementor-top-column elementor-element elementor-element-5b502b6b\" data-id=\"5b502b6b\" data-element_type=\"column\" data-e-type=\"column\" data-settings=\"{&quot;background_background&quot;:&quot;classic&quot;}\">\n\t\t\t<div class=\"elementor-widget-wrap elementor-element-populated\">\n\t\t\t\t\t\t<div class=\"elementor-element elementor-element-0b64742 elementor-widget elementor-widget-spacer\" data-id=\"0b64742\" data-element_type=\"widget\" data-e-type=\"widget\" data-widget_type=\"spacer.default\">\n\t\t\t\t<div class=\"elementor-widget-container\">\n\t\t\t\t\t\t\t<div class=\"elementor-spacer\">\n\t\t\t<div class=\"elementor-spacer-inner\"><\/div>\n\t\t<\/div>\n\t\t\t\t\t\t<\/div>\n\t\t\t\t<\/div>\n\t\t\t\t\t<\/div>\n\t\t<\/div>\n\t\t\t\t<div class=\"elementor-column elementor-col-66 elementor-top-column elementor-element elementor-element-96f7bd7\" data-id=\"96f7bd7\" data-element_type=\"column\" data-e-type=\"column\" data-settings=\"{&quot;background_background&quot;:&quot;classic&quot;}\">\n\t\t\t<div class=\"elementor-widget-wrap elementor-element-populated\">\n\t\t\t\t\t\t<div class=\"elementor-element elementor-element-cb7192e elementor-widget elementor-widget-heading\" data-id=\"cb7192e\" data-element_type=\"widget\" data-e-type=\"widget\" data-widget_type=\"heading.default\">\n\t\t\t\t<div class=\"elementor-widget-container\">\n\t\t\t\t\t<h2 class=\"elementor-heading-title elementor-size-default\">SOSTENIBILIDAD CULTURAL\n<\/h2>\t\t\t\t<\/div>\n\t\t\t\t<\/div>\n\t\t\t\t<div class=\"elementor-element elementor-element-32ceb64 elementor-widget-divider--view-line_text elementor-widget-divider--element-align-left elementor-widget elementor-widget-divider\" data-id=\"32ceb64\" data-element_type=\"widget\" data-e-type=\"widget\" data-widget_type=\"divider.default\">\n\t\t\t\t<div class=\"elementor-widget-container\">\n\t\t\t\t\t\t\t<div class=\"elementor-divider\">\n\t\t\t<span class=\"elementor-divider-separator\">\n\t\t\t\t\t\t\t<span class=\"elementor-divider__text elementor-divider__element\">\n\t\t\t\tACERCA DE GMUNDNER\t\t\t\t<\/span>\n\t\t\t\t\t\t<\/span>\n\t\t<\/div>\n\t\t\t\t\t\t<\/div>\n\t\t\t\t<\/div>\n\t\t\t\t<div class=\"elementor-element elementor-element-a0d76db elementor-widget elementor-widget-text-editor\" data-id=\"a0d76db\" data-element_type=\"widget\" data-e-type=\"widget\" data-widget_type=\"text-editor.default\">\n\t\t\t\t<div class=\"elementor-widget-container\">\n\t\t\t\t\t\t\t\t\t<div data-block-id=\"block-191412ed-7872-4145-b88a-6c468c366f4f\">Nuestra gente es el coraz\u00f3n de todo lo que hacemos y es por ello que procuramos marcar una diferencia en su vida y en la vida de sus familias.<\/div>\t\t\t\t\t\t\t\t<\/div>\n\t\t\t\t<\/div>\n\t\t\t\t<div class=\"elementor-element elementor-element-27e06e1 elementor-widget elementor-widget-text-editor\" data-id=\"27e06e1\" data-element_type=\"widget\" data-e-type=\"widget\" data-widget_type=\"text-editor.default\">\n\t\t\t\t<div class=\"elementor-widget-container\">\n\t\t\t\t\t\t\t\t\t<div data-block-id=\"block-191412ed-7872-4145-b88a-6c468c366f4f\">A trav\u00e9s de nuestra inversi\u00f3n en turismo, nos comprometemos con la creaci\u00f3n de empleo, el desarrollo de la comunidad, la prestaci\u00f3n de servicios sociales y la conservaci\u00f3n de la cultura y las tradiciones locales. En Gmundner Lodge, viajeros de todo el mundo se encuentran con la diversidad cultural de Namibia. A trav\u00e9s de distintos proyectos importantes de la comunidad y experiencias de los clientes, se inician contactos significativos e intercambios culturales<\/div>\t\t\t\t\t\t\t\t<\/div>\n\t\t\t\t<\/div>\n\t\t\t\t<div class=\"elementor-element elementor-element-f882be4 elementor-widget elementor-widget-text-editor\" data-id=\"f882be4\" data-element_type=\"widget\" data-e-type=\"widget\" data-widget_type=\"text-editor.default\">\n\t\t\t\t<div class=\"elementor-widget-container\">\n\t\t\t\t\t\t\t\t\t<div data-block-id=\"block-191412ed-7872-4145-b88a-6c468c366f4f\"><p class=\"ql-block\" data-block-id=\"block-bb6be864-f4ab-4274-bdf6-513d95aa9e1d\">Gmundner Lodge y los proyectos relacionados brindar\u00e1n valiosas oportunidades para el intercambio de habilidades y conocimientos en los siguientes \u00e1mbitos:<\/p><\/div>\t\t\t\t\t\t\t\t<\/div>\n\t\t\t\t<\/div>\n\t\t\t\t<div class=\"elementor-element elementor-element-7d3701b elementor-widget elementor-widget-text-editor\" data-id=\"7d3701b\" data-element_type=\"widget\" data-e-type=\"widget\" data-widget_type=\"text-editor.default\">\n\t\t\t\t<div class=\"elementor-widget-container\">\n\t\t\t\t\t\t\t\t\t<div data-block-id=\"block-191412ed-7872-4145-b88a-6c468c366f4f\"><ul><li>Trabajamos con grupos ind\u00edgenas del Sur de \u00c1frica en el campo del arte y la artesan\u00eda. Pretendemos proporcionar un medio de vida para estos grupos mediante el desarrollo del arte de la cer\u00e1mica en nuestro proyecto de ayuda al arte basado en la comunidad.<\/li><li>Procuramos dar empleo a personal local y formamos a los miembros del equipo. Queremos ser un activo del sector tur\u00edstico y de la hospitalidad de Namibia mediante la formaci\u00f3n y el desarrollo de chefs, personal de restaurante y spa y gu\u00edas de safari.<\/li><li>Formamos a nuestros agricultores en la pr\u00e1ctica agr\u00edcola sostenible y cultivamos productos de alta calidad.<\/li><li>Hacemos part\u00edcipes continuamente a las comunidades locales en el desarrollo de nuestros proyectos para asegurarnos de aportar beneficios econ\u00f3micos y educativos a los miembros de la comunidad.<\/li><li>La experiencia del visitante se ve enriquecida con la integraci\u00f3n de la educaci\u00f3n ambiental y cultural.<\/li><\/ul><\/div>\t\t\t\t\t\t\t\t<\/div>\n\t\t\t\t<\/div>\n\t\t\t\t\t<\/div>\n\t\t<\/div>\n\t\t\t\t\t<\/div>\n\t\t<\/section>\n\t\t\t\t<section class=\"elementor-section elementor-top-section elementor-element elementor-element-71f5eaf3 elementor-section-full_width elementor-section-height-default elementor-section-height-default\" data-id=\"71f5eaf3\" data-element_type=\"section\" data-e-type=\"section\">\n\t\t\t\t\t\t<div class=\"elementor-container elementor-column-gap-default\">\n\t\t\t\t\t<div class=\"elementor-column elementor-col-100 elementor-top-column elementor-element elementor-element-411eb828 animated-slow elementor-invisible\" data-id=\"411eb828\" data-element_type=\"column\" data-e-type=\"column\" data-settings=\"{&quot;background_background&quot;:&quot;classic&quot;,&quot;animation&quot;:&quot;fadeInUp&quot;}\">\n\t\t\t<div class=\"elementor-widget-wrap elementor-element-populated\">\n\t\t\t\t\t\t<div class=\"elementor-element elementor-element-2058bdc6 elementor-widget elementor-widget-heading\" data-id=\"2058bdc6\" data-element_type=\"widget\" data-e-type=\"widget\" data-widget_type=\"heading.default\">\n\t\t\t\t<div class=\"elementor-widget-container\">\n\t\t\t\t\t<h2 class=\"elementor-heading-title elementor-size-default\">CONSERVACI\u00d3N Y PROTECCI\u00d3N DEL MEDIO AMBIENTE<\/h2>\t\t\t\t<\/div>\n\t\t\t\t<\/div>\n\t\t\t\t<div class=\"elementor-element elementor-element-d0fc124 elementor-widget-divider--view-line_text elementor-widget-divider--element-align-left elementor-widget elementor-widget-divider\" data-id=\"d0fc124\" data-element_type=\"widget\" data-e-type=\"widget\" data-widget_type=\"divider.default\">\n\t\t\t\t<div class=\"elementor-widget-container\">\n\t\t\t\t\t\t\t<div class=\"elementor-divider\">\n\t\t\t<span class=\"elementor-divider-separator\">\n\t\t\t\t\t\t\t<span class=\"elementor-divider__text elementor-divider__element\">\n\t\t\t\tLA VISI\u00d3N GMUNDNER\t\t\t\t<\/span>\n\t\t\t\t\t\t<\/span>\n\t\t<\/div>\n\t\t\t\t\t\t<\/div>\n\t\t\t\t<\/div>\n\t\t\t\t<div class=\"elementor-element elementor-element-300ba3c0 elementor-widget elementor-widget-text-editor\" data-id=\"300ba3c0\" data-element_type=\"widget\" data-e-type=\"widget\" data-widget_type=\"text-editor.default\">\n\t\t\t\t<div class=\"elementor-widget-container\">\n\t\t\t\t\t\t\t\t\t<div data-block-id=\"block-191412ed-7872-4145-b88a-6c468c366f4f\">Nos hemos comprometido con los siguientes protocolos para reducir nuestro impacto en el medio ambiente:<\/div>\t\t\t\t\t\t\t\t<\/div>\n\t\t\t\t<\/div>\n\t\t\t\t<div class=\"elementor-element elementor-element-2773c535 elementor-widget elementor-widget-text-editor\" data-id=\"2773c535\" data-element_type=\"widget\" data-e-type=\"widget\" data-widget_type=\"text-editor.default\">\n\t\t\t\t<div class=\"elementor-widget-container\">\n\t\t\t\t\t\t\t\t\t<div data-block-id=\"block-191412ed-7872-4145-b88a-6c468c366f4f\"><div class=\"ql-block\" data-block-id=\"block-8ee24135-dc70-4867-b39e-f436632cb654\"><ul><li class=\"ql-block\" data-block-id=\"block-5d1837a0-681c-45b2-ab79-530781812199\">Uso de tecnolog\u00edas respetuosas con el medio ambiente para un suministro de agua sostenible y la eliminaci\u00f3n segura de los residuos s\u00f3lidos y las aguas residuales.<\/li><li class=\"ql-block\" data-block-id=\"block-309f5c3d-aa36-45c8-90e9-e8dcc93bb873\">Uso de la energ\u00eda solar como fuente de energ\u00eda renovable para garantizar un ecosistema autosuficiente.<\/li><li class=\"ql-block\" data-block-id=\"block-3085ec05-eb7b-482c-a746-e53cf4a293bb\">El agua se extrae de un pozo subterr\u00e1neo para el uso en la propiedad.<\/li><li class=\"ql-block\" data-block-id=\"block-faac6cd5-c198-40f2-ac7b-ec4849bd68cf\">Siempre que sea posible, los alimentos de los clientes y el personal se producen en la granja Gmundner. De esta forma, se contribuye a un suministro de alimentos autosuficiente.<\/li><li class=\"ql-block\" data-block-id=\"block-eba05044-5431-4972-a4ce-a47e011d95ee\">Uso de materiales de construcci\u00f3n que se combinan con el entorno natural. Los materiales de construcci\u00f3n son respetuosos con el medio ambiente y sostenibles, como la arena del r\u00edo de la granja que no lleva agua durante todo el a\u00f1o y la cubierta hecha de Envirodeck, un material ecol\u00f3gico compuesto con un 95 % de pl\u00e1stico reciclado.<\/li><li class=\"ql-block\" data-block-id=\"block-30e97ec6-489d-4cb1-a0c7-bfc403cb8b95\">El dise\u00f1o y el paisaje de Gmundner Lodge corrieron a cargo de contratistas locales para minimizar el impacto negativo en el terreno.<\/li><\/ul><\/div><\/div>\t\t\t\t\t\t\t\t<\/div>\n\t\t\t\t<\/div>\n\t\t\t\t\t<\/div>\n\t\t<\/div>\n\t\t\t\t\t<\/div>\n\t\t<\/section>\n\t\t\t\t<\/div>\n\t\t","protected":false},"excerpt":{"rendered":"<p>NUESTRO COMPROMISO CON LA SOSTENIBILIDAD Gmundner Lodge pretende brindar a los clientes una experiencia de lujo \u00fanica en el entorno natural de Namibia, llev\u00e1ndolos de regreso a la naturaleza minimizando a la vez el impacto en el entorno natural y cultural. LA VISI\u00d3N GMUNDNER Somos conscientes de que la tierra que cultivamos tiene una gran [&hellip;]<\/p>\n","protected":false},"author":5,"featured_media":0,"parent":0,"menu_order":0,"comment_status":"closed","ping_status":"closed","template":"elementor_header_footer","meta":{"inline_featured_image":false,"footnotes":""},"class_list":["post-10480","page","type-page","status-publish","hentry"],"_links":{"self":[{"href":"https:\/\/gmundner-lodge.com\/es\/wp-json\/wp\/v2\/pages\/10480","targetHints":{"allow":["GET"]}}],"collection":[{"href":"https:\/\/gmundner-lodge.com\/es\/wp-json\/wp\/v2\/pages"}],"about":[{"href":"https:\/\/gmundner-lodge.com\/es\/wp-json\/wp\/v2\/types\/page"}],"author":[{"embeddable":true,"href":"https:\/\/gmundner-lodge.com\/es\/wp-json\/wp\/v2\/users\/5"}],"replies":[{"embeddable":true,"href":"https:\/\/gmundner-lodge.com\/es\/wp-json\/wp\/v2\/comments?post=10480"}],"version-history":[{"count":0,"href":"https:\/\/gmundner-lodge.com\/es\/wp-json\/wp\/v2\/pages\/10480\/revisions"}],"wp:attachment":[{"href":"https:\/\/gmundner-lodge.com\/es\/wp-json\/wp\/v2\/media?parent=10480"}],"curies":[{"name":"wp","href":"https:\/\/api.w.org\/{rel}","templated":true}]}}