{"id":13361,"date":"2023-06-20T11:14:27","date_gmt":"2023-06-20T09:14:27","guid":{"rendered":"https:\/\/gmundner-lodge.com\/?page_id=13361"},"modified":"2023-08-16T07:30:41","modified_gmt":"2023-08-16T05:30:41","slug":"lodge-namibia","status":"publish","type":"page","link":"https:\/\/gmundner-lodge.com\/de\/lodge-namibia\/","title":{"rendered":"Lodge Namibia"},"content":{"rendered":"\t\t<div data-elementor-type=\"wp-page\" data-elementor-id=\"13361\" class=\"elementor elementor-13361\" data-elementor-post-type=\"page\">\n\t\t\t\t\t\t<section class=\"elementor-section elementor-top-section elementor-element elementor-element-835a4ac elementor-section-full_width elementor-section-height-min-height elementor-section-items-stretch elementor-section-height-default\" data-id=\"835a4ac\" data-element_type=\"section\" data-e-type=\"section\" data-settings=\"{&quot;motion_fx_motion_fx_scrolling&quot;:&quot;yes&quot;,&quot;background_background&quot;:&quot;slideshow&quot;,&quot;background_slideshow_gallery&quot;:[{&quot;id&quot;:10122,&quot;url&quot;:&quot;https:\\\/\\\/gmundner-lodge.com\\\/wp-content\\\/uploads\\\/2022\\\/09\\\/Gmundner-Main-Lodge-and-Pool-Area-6.jpeg&quot;}],&quot;background_slideshow_transition_duration&quot;:1000,&quot;background_slideshow_slide_duration&quot;:4000,&quot;background_slideshow_loop&quot;:&quot;yes&quot;,&quot;background_slideshow_slide_transition&quot;:&quot;fade&quot;,&quot;motion_fx_devices&quot;:[&quot;desktop&quot;,&quot;tablet&quot;,&quot;mobile&quot;]}\">\n\t\t\t\t\t\t<div class=\"elementor-container elementor-column-gap-default\">\n\t\t\t\t\t<div class=\"elementor-column elementor-col-100 elementor-top-column elementor-element elementor-element-7bb7caf\" data-id=\"7bb7caf\" data-element_type=\"column\" data-e-type=\"column\" data-settings=\"{&quot;motion_fx_motion_fx_scrolling&quot;:&quot;yes&quot;,&quot;motion_fx_range&quot;:&quot;page&quot;,&quot;motion_fx_devices&quot;:[&quot;desktop&quot;,&quot;tablet&quot;,&quot;mobile&quot;]}\">\n\t\t\t<div class=\"elementor-widget-wrap elementor-element-populated\">\n\t\t\t\t\t\t<div class=\"elementor-element elementor-element-4ba68ba elementor-widget elementor-widget-spacer\" data-id=\"4ba68ba\" data-element_type=\"widget\" data-e-type=\"widget\" data-widget_type=\"spacer.default\">\n\t\t\t\t<div class=\"elementor-widget-container\">\n\t\t\t\t\t\t\t<div class=\"elementor-spacer\">\n\t\t\t<div class=\"elementor-spacer-inner\"><\/div>\n\t\t<\/div>\n\t\t\t\t\t\t<\/div>\n\t\t\t\t<\/div>\n\t\t\t\t\t<\/div>\n\t\t<\/div>\n\t\t\t\t\t<\/div>\n\t\t<\/section>\n\t\t\t\t<section class=\"elementor-section elementor-top-section elementor-element elementor-element-674b421 elementor-section-content-middle elementor-section-boxed elementor-section-height-default elementor-section-height-default\" data-id=\"674b421\" data-element_type=\"section\" data-e-type=\"section\" data-settings=\"{&quot;background_background&quot;:&quot;classic&quot;}\">\n\t\t\t\t\t\t<div class=\"elementor-container elementor-column-gap-no\">\n\t\t\t\t\t<div class=\"elementor-column elementor-col-100 elementor-top-column elementor-element elementor-element-79e1d0a\" data-id=\"79e1d0a\" data-element_type=\"column\" data-e-type=\"column\">\n\t\t\t<div class=\"elementor-widget-wrap elementor-element-populated\">\n\t\t\t\t\t\t<div class=\"elementor-element elementor-element-5288529 elementor-view-default elementor-widget elementor-widget-icon\" data-id=\"5288529\" data-element_type=\"widget\" data-e-type=\"widget\" data-widget_type=\"icon.default\">\n\t\t\t\t<div class=\"elementor-widget-container\">\n\t\t\t\t\t\t\t<div class=\"elementor-icon-wrapper\">\n\t\t\t<div class=\"elementor-icon\">\n\t\t\t<svg xmlns=\"http:\/\/www.w3.org\/2000\/svg\" width=\"99.999\" height=\"100\" viewBox=\"0 0 99.999 100\"><path d=\"M60.427,20.763c-5.117-5.051-14.347-2.424-18.948-.58C34.636,22.918,29.6,27.954,25.1,33.6c-.371.467-1.073,1.535-1.376,1.992a17.938,17.938,0,0,1-5.8-3.54c-.132-.2,2.06-2.873,2.265-3.139a35.222,35.222,0,0,0,3.288-5.489,40.7,40.7,0,0,0,4.2-12.8,27.44,27.44,0,0,0-1.81-14.611,14.1,14.1,0,0,0-10.4-8.433,13.822,13.822,0,0,0-4.446-.14A14.118,14.118,0,0,0,3.5-9.091C-4.207-2.146-3.081,10.94.515,19.639c.042.1.084.2.124.3A53.144,53.144,0,0,0,7.878,32.048a17.866,17.866,0,0,1-5.8,3.54c-.3-.456-1-1.525-1.373-1.992-5.893-7.344-12.916-13.213-22.313-15.233a18.147,18.147,0,0,0-8.4-.121,9.493,9.493,0,0,0-6.406,5.125,9.806,9.806,0,0,0,.471,7.937c4.175,8.786,14.976,13.02,24.06,13.877.671.063,1.342.111,2.015.137a30.058,30.058,0,0,0,5.422-.272C-3.9,44.965-3.31,44.9-3.31,44.9c.552,1.675,1.326,4.584,1.731,6.481-.61.2-1.447.411-2.578.667-8.1,1.82-15.226,4.888-20.39,11.968a11.86,11.86,0,0,0-1.789,3.527c-2.975,9.828,3,17.831,10.88,19.44,8.4,1.717,18.009-3.2,21.771-11.627A37.574,37.574,0,0,0,9.072,64.848a62.308,62.308,0,0,0,.1-11.245h7.46a62.55,62.55,0,0,0,.1,11.245,37.574,37.574,0,0,0,2.757,10.506C24.038,85.539,37.128,90.6,46.311,85.006c7.5-4.574,8.76-15.128,3.272-22-5.088-6.368-11.911-9.23-19.622-10.96-1.129-.256-1.965-.472-2.578-.667.405-1.9,1.179-4.806,1.734-6.481,0,0,.587.066,1.139.148,8.336,1.2,16.754-1.414,23.113-5,5.616-3.168,13.737-12.685,7.058-19.285M-30.2,33.105c-2.912-2.569-5.343-9.277.526-11.517,3.906-1.49,7.455-.214,10.956,1.195,4.63,1.86,11.4,9.488,13.106,14.611-9.433,1.812-16.81,2.451-24.588-4.289m19.427,44.36c-3.825,1.857-7.287,1.6-9.373-.915-2.42-2.915-2.247-6.827.113-10.279C-15.487,59.631-8.487,57.386-1.14,55.2c.918,10.986-2.525,18.818-9.633,22.268M4.3-.3c.647-4.9,4-9.121,8.473-9.121.045,0,.087.008.132.011s.089-.011.134-.011c4.472,0,7.826,4.223,8.471,9.121A33.42,33.42,0,0,1,17.5,20.212a40.061,40.061,0,0,1-4.59,6.7c.005-.008-2.8-3.7-3.038-4.07a39.089,39.089,0,0,1-2.531-4.513,33.751,33.751,0,0,1-3.033-9.8A32.726,32.726,0,0,1,4.3-.3M16.922,49.528c-.426.008-2.186.021-4.02.029-1.828-.008-3.591-.021-4.02-.029A27.126,27.126,0,0,0,5.971,41.77,25.334,25.334,0,0,0,12.9,37.415a25.309,25.309,0,0,0,6.934,4.355,27.127,27.127,0,0,0-2.915,7.758M45.835,66.27c2.362,3.453,2.536,7.365.116,10.279-2.081,2.511-5.548,2.772-9.373.915-7.105-3.45-10.551-11.282-9.633-22.268,7.353,2.189,14.35,4.434,18.89,11.073M56,33.105c-7.781,6.74-15.155,6.1-24.586,4.289,1.707-5.123,8.478-12.751,13.1-14.611,3.5-1.409,7.055-2.685,10.959-1.195,5.869,2.239,3.441,8.947.526,11.517\" transform=\"translate(37.058 12.678)\"><\/path><\/svg>\t\t\t<\/div>\n\t\t<\/div>\n\t\t\t\t\t\t<\/div>\n\t\t\t\t<\/div>\n\t\t\t\t<div class=\"elementor-element elementor-element-33eaa03 elementor-widget elementor-widget-heading\" data-id=\"33eaa03\" data-element_type=\"widget\" data-e-type=\"widget\" data-widget_type=\"heading.default\">\n\t\t\t\t<div class=\"elementor-widget-container\">\n\t\t\t\t\t<h1 class=\"elementor-heading-title elementor-size-default\">LODGE NAMIBIA<\/h1>\t\t\t\t<\/div>\n\t\t\t\t<\/div>\n\t\t\t\t<div class=\"elementor-element elementor-element-b84db4a elementor-widget elementor-widget-heading\" data-id=\"b84db4a\" data-element_type=\"widget\" data-e-type=\"widget\" data-widget_type=\"heading.default\">\n\t\t\t\t<div class=\"elementor-widget-container\">\n\t\t\t\t\t<h2 class=\"elementor-heading-title elementor-size-default\">Exklusiver Luxus inmitten der atemberaubenden Wildnis Namibias<\/h2>\t\t\t\t<\/div>\n\t\t\t\t<\/div>\n\t\t\t\t<div class=\"elementor-element elementor-element-b367b0c elementor-widget elementor-widget-text-editor\" data-id=\"b367b0c\" data-element_type=\"widget\" data-e-type=\"widget\" data-widget_type=\"text-editor.default\">\n\t\t\t\t<div class=\"elementor-widget-container\">\n\t\t\t\t\t\t\t\t\t<p><span style=\"font-weight: 400;\">Erleben Sie die unvergleichliche Sch\u00f6nheit und Magie Namibias in unserer exklusiven Lodge im S\u00fcdosten von Windhoek &#8211; eingebettet zwischen der Kalahari-W\u00fcste im Osten und dem Khomas-Bergplateau im Westen. Tauchen Sie ein in eine Welt, die von majest\u00e4tischen W\u00fcstenlandschaften, einer vielf\u00e4ltigen Tierwelt und einer reichen kulturellen Geschichte gepr\u00e4gt ist.\u00a0<\/span><\/p>\t\t\t\t\t\t\t\t<\/div>\n\t\t\t\t<\/div>\n\t\t\t\t<div class=\"elementor-element elementor-element-d29829a elementor-widget elementor-widget-heading\" data-id=\"d29829a\" data-element_type=\"widget\" data-e-type=\"widget\" data-widget_type=\"heading.default\">\n\t\t\t\t<div class=\"elementor-widget-container\">\n\t\t\t\t\t<h2 class=\"elementor-heading-title elementor-size-default\">Atemberaubender Ausblick<\/h2>\t\t\t\t<\/div>\n\t\t\t\t<\/div>\n\t\t\t\t<div class=\"elementor-element elementor-element-1ab03b5 elementor-widget elementor-widget-text-editor\" data-id=\"1ab03b5\" data-element_type=\"widget\" data-e-type=\"widget\" data-widget_type=\"text-editor.default\">\n\t\t\t\t<div class=\"elementor-widget-container\">\n\t\t\t\t\t\t\t\t\t<p><span style=\"font-weight: 400;\">Unsere exquisit eingerichteten <a href=\"https:\/\/gmundner-lodge.com\/de\/gmundner-luxury-suites\/\"><span style=\"color: #856514;\">Suiten<\/span><\/a> bieten Ihnen nicht nur ein H\u00f6chstma\u00df an Luxus, sondern auch einen atemberaubenden Ausblick auf die umliegende Natur. Genie\u00dfen Sie die Ruhe und Privatsph\u00e4re Ihrer eigenen Oase inmitten dieser unber\u00fchrten Wildnis.\u00a0<\/span><\/p>\t\t\t\t\t\t\t\t<\/div>\n\t\t\t\t<\/div>\n\t\t\t\t\t<\/div>\n\t\t<\/div>\n\t\t\t\t\t<\/div>\n\t\t<\/section>\n\t\t\t\t<section class=\"elementor-section elementor-top-section elementor-element elementor-element-30294916 elementor-section-full_width elementor-section-height-min-height elementor-section-items-stretch elementor-section-stretched elementor-section-height-default\" data-id=\"30294916\" data-element_type=\"section\" data-e-type=\"section\" data-settings=\"{&quot;stretch_section&quot;:&quot;section-stretched&quot;,&quot;background_background&quot;:&quot;classic&quot;}\">\n\t\t\t\t\t\t<div class=\"elementor-container elementor-column-gap-default\">\n\t\t\t\t\t<div class=\"elementor-column elementor-col-50 elementor-top-column elementor-element elementor-element-42671e2\" data-id=\"42671e2\" data-element_type=\"column\" data-e-type=\"column\" data-settings=\"{&quot;background_background&quot;:&quot;classic&quot;,&quot;background_motion_fx_translateY_speed&quot;:{&quot;unit&quot;:&quot;px&quot;,&quot;size&quot;:2,&quot;sizes&quot;:[]},&quot;background_motion_fx_motion_fx_scrolling&quot;:&quot;yes&quot;,&quot;background_motion_fx_translateY_effect&quot;:&quot;yes&quot;,&quot;background_motion_fx_translateY_affectedRange&quot;:{&quot;unit&quot;:&quot;%&quot;,&quot;size&quot;:&quot;&quot;,&quot;sizes&quot;:{&quot;start&quot;:29,&quot;end&quot;:100}},&quot;background_motion_fx_devices&quot;:[&quot;desktop&quot;,&quot;tablet&quot;,&quot;mobile&quot;]}\">\n\t\t\t<div class=\"elementor-widget-wrap elementor-element-populated\">\n\t\t\t\t\t\t<div class=\"elementor-element elementor-element-c1cf17c elementor-widget elementor-widget-spacer\" data-id=\"c1cf17c\" data-element_type=\"widget\" data-e-type=\"widget\" data-widget_type=\"spacer.default\">\n\t\t\t\t<div class=\"elementor-widget-container\">\n\t\t\t\t\t\t\t<div class=\"elementor-spacer\">\n\t\t\t<div class=\"elementor-spacer-inner\"><\/div>\n\t\t<\/div>\n\t\t\t\t\t\t<\/div>\n\t\t\t\t<\/div>\n\t\t\t\t\t<\/div>\n\t\t<\/div>\n\t\t\t\t<div class=\"elementor-column elementor-col-50 elementor-top-column elementor-element elementor-element-d961777\" data-id=\"d961777\" data-element_type=\"column\" data-e-type=\"column\" data-settings=\"{&quot;background_background&quot;:&quot;classic&quot;}\">\n\t\t\t<div class=\"elementor-widget-wrap elementor-element-populated\">\n\t\t\t\t\t\t<div class=\"elementor-element elementor-element-3bbc606 elementor-widget elementor-widget-heading\" data-id=\"3bbc606\" data-element_type=\"widget\" data-e-type=\"widget\" data-widget_type=\"heading.default\">\n\t\t\t\t<div class=\"elementor-widget-container\">\n\t\t\t\t\t<h2 class=\"elementor-heading-title elementor-size-default\">Magie unter dem sternen\u00fcbers\u00e4ten Himmel<\/h2>\t\t\t\t<\/div>\n\t\t\t\t<\/div>\n\t\t\t\t<div class=\"elementor-element elementor-element-08fb91a elementor-widget-divider--view-line_text elementor-widget-divider--element-align-left elementor-hidden-mobile elementor-widget elementor-widget-divider\" data-id=\"08fb91a\" data-element_type=\"widget\" data-e-type=\"widget\" data-widget_type=\"divider.default\">\n\t\t\t\t<div class=\"elementor-widget-container\">\n\t\t\t\t\t\t\t<div class=\"elementor-divider\">\n\t\t\t<span class=\"elementor-divider-separator\">\n\t\t\t\t\t\t<\/span>\n\t\t<\/div>\n\t\t\t\t\t\t<\/div>\n\t\t\t\t<\/div>\n\t\t\t\t<div class=\"elementor-element elementor-element-1436acb elementor-widget elementor-widget-text-editor\" data-id=\"1436acb\" data-element_type=\"widget\" data-e-type=\"widget\" data-widget_type=\"text-editor.default\">\n\t\t\t\t<div class=\"elementor-widget-container\">\n\t\t\t\t\t\t\t\t\t<p><span style=\"font-weight: 400;\">Wenn die Dunkelheit hereinbricht, verwandelt sich die Lodge in einen magischen Ort. Flackernde Laternen und Kerzen h\u00fcllen die Umgebung in warmes Licht und schaffen eine romantische Atmosph\u00e4re. Unter einem unvorstellbar tiefen, sternen\u00fcbers\u00e4ten Onyxhimmel k\u00f6nnen Sie diesen Anblick am besten von der gro\u00dfen Terrasse oder dem Feuer der Boma aus bewundern.<\/span><\/p>\t\t\t\t\t\t\t\t<\/div>\n\t\t\t\t<\/div>\n\t\t\t\t<div class=\"elementor-element elementor-element-6f57169 elementor-widget__width-auto elementor-widget-mobile__width-inherit elementor-widget elementor-widget-qi_addons_for_elementor_button\" data-id=\"6f57169\" data-element_type=\"widget\" data-e-type=\"widget\" data-widget_type=\"qi_addons_for_elementor_button.default\">\n\t\t\t\t<div class=\"elementor-widget-container\">\n\t\t\t\t\t<a class=\"qodef-shortcode qodef-m qodef-qi-button qodef-html--link qodef-layout--outlined qodef-type--inner-border qodef-hover--reveal qodef--reveal-horizontal qodef-icon--left qodef-hover--icon-move-horizontal-short qodef-inner-border-hover--draw q-draw-one-point\" href=\"https:\/\/gmundner-lodge.com\/reservations\/\" target=\"_self\">\n\t<span class=\"qodef-m-text\">JETZT BUCHEN<\/span>\n\t\t<div class=\"qodef-m-inner-border\">\n\t\t\t\t\t<span class=\"qodef-m-border-top\"><\/span>\n\t\t\t<span class=\"qodef-m-border-right\"><\/span>\n\t\t\t<span class=\"qodef-m-border-bottom\"><\/span>\n\t\t\t<span class=\"qodef-m-border-left\"><\/span>\n\t\t\t\t<\/div>\n\t\t\t<div class=\"qodef-m-inner-border qodef-m-inner-border-copy\">\n\t\t\t<span class=\"qodef-m-border-top\"><\/span>\n\t\t\t<span class=\"qodef-m-border-right\"><\/span>\n\t\t\t<span class=\"qodef-m-border-bottom\"><\/span>\n\t\t\t<span class=\"qodef-m-border-left\"><\/span>\n\t\t<\/div>\n\t\t<\/a>\n\t\t\t\t<\/div>\n\t\t\t\t<\/div>\n\t\t\t\t\t<\/div>\n\t\t<\/div>\n\t\t\t\t\t<\/div>\n\t\t<\/section>\n\t\t\t\t<section class=\"elementor-section elementor-top-section elementor-element elementor-element-66695f7 elementor-section-full_width elementor-section-height-min-height elementor-section-items-stretch elementor-section-stretched elementor-reverse-mobile elementor-section-height-default\" data-id=\"66695f7\" data-element_type=\"section\" data-e-type=\"section\" data-settings=\"{&quot;stretch_section&quot;:&quot;section-stretched&quot;,&quot;background_background&quot;:&quot;classic&quot;}\">\n\t\t\t\t\t\t<div class=\"elementor-container elementor-column-gap-default\">\n\t\t\t\t\t<div class=\"elementor-column elementor-col-50 elementor-top-column elementor-element elementor-element-3ebbb440\" data-id=\"3ebbb440\" data-element_type=\"column\" data-e-type=\"column\" data-settings=\"{&quot;background_background&quot;:&quot;classic&quot;}\">\n\t\t\t<div class=\"elementor-widget-wrap elementor-element-populated\">\n\t\t\t\t\t\t<div class=\"elementor-element elementor-element-1811f8f elementor-widget elementor-widget-heading\" data-id=\"1811f8f\" data-element_type=\"widget\" data-e-type=\"widget\" data-widget_type=\"heading.default\">\n\t\t\t\t<div class=\"elementor-widget-container\">\n\t\t\t\t\t<h2 class=\"elementor-heading-title elementor-size-default\">Unvergessliche Abenteuer in der namibischen Wildnis<\/h2>\t\t\t\t<\/div>\n\t\t\t\t<\/div>\n\t\t\t\t<div class=\"elementor-element elementor-element-b3c8758 elementor-widget-divider--view-line_text elementor-widget-divider--element-align-left elementor-hidden-mobile elementor-widget elementor-widget-divider\" data-id=\"b3c8758\" data-element_type=\"widget\" data-e-type=\"widget\" data-widget_type=\"divider.default\">\n\t\t\t\t<div class=\"elementor-widget-container\">\n\t\t\t\t\t\t\t<div class=\"elementor-divider\">\n\t\t\t<span class=\"elementor-divider-separator\">\n\t\t\t\t\t\t<\/span>\n\t\t<\/div>\n\t\t\t\t\t\t<\/div>\n\t\t\t\t<\/div>\n\t\t\t\t<div class=\"elementor-element elementor-element-542bb2d elementor-widget elementor-widget-text-editor\" data-id=\"542bb2d\" data-element_type=\"widget\" data-e-type=\"widget\" data-widget_type=\"text-editor.default\">\n\t\t\t\t<div class=\"elementor-widget-container\">\n\t\t\t\t\t\t\t\t\t<p>Namibia ist ein Paradies f\u00fcr Abenteuer- und Naturliebhaber gleicherma\u00dfen. Bei uns haben Sie die M\u00f6glichkeit, die&nbsp;einzigartige Tierwelt Namibias zu erkunden. Erleben Sie unvergessliche Pirschfahrten und beobachten Sie majest\u00e4tische Tiere in ihrer nat\u00fcrlichen Umgebung. Tauchen Sie ein in die faszinierende Kultur und Geschichte Namibias, w\u00e4hrend Sie bei einem Ausflug die malerischen D\u00fcnen von Sossusvlei oder den Etosha Nationalpark erkunden. Unser erfahrenes Team steht Ihnen zur Verf\u00fcgung, um Ihre Abenteuer in der Wildnis nach Ihren W\u00fcnschen zu gestalten.<\/p>\t\t\t\t\t\t\t\t<\/div>\n\t\t\t\t<\/div>\n\t\t\t\t<div class=\"elementor-element elementor-element-5aa81a9 elementor-widget__width-auto elementor-widget-mobile__width-inherit elementor-widget elementor-widget-qi_addons_for_elementor_button\" data-id=\"5aa81a9\" data-element_type=\"widget\" data-e-type=\"widget\" data-widget_type=\"qi_addons_for_elementor_button.default\">\n\t\t\t\t<div class=\"elementor-widget-container\">\n\t\t\t\t\t<a class=\"qodef-shortcode qodef-m qodef-qi-button qodef-html--link qodef-layout--outlined qodef-type--inner-border qodef-hover--reveal qodef--reveal-horizontal qodef-icon--left qodef-hover--icon-move-horizontal-short qodef-inner-border-hover--draw q-draw-one-point\" href=\"https:\/\/gmundner-lodge.com\/reservations\/\" target=\"_self\">\n\t<span class=\"qodef-m-text\">JETZT BUCHEN<\/span>\n\t\t<div class=\"qodef-m-inner-border\">\n\t\t\t\t\t<span class=\"qodef-m-border-top\"><\/span>\n\t\t\t<span class=\"qodef-m-border-right\"><\/span>\n\t\t\t<span class=\"qodef-m-border-bottom\"><\/span>\n\t\t\t<span class=\"qodef-m-border-left\"><\/span>\n\t\t\t\t<\/div>\n\t\t\t<div class=\"qodef-m-inner-border qodef-m-inner-border-copy\">\n\t\t\t<span class=\"qodef-m-border-top\"><\/span>\n\t\t\t<span class=\"qodef-m-border-right\"><\/span>\n\t\t\t<span class=\"qodef-m-border-bottom\"><\/span>\n\t\t\t<span class=\"qodef-m-border-left\"><\/span>\n\t\t<\/div>\n\t\t<\/a>\n\t\t\t\t<\/div>\n\t\t\t\t<\/div>\n\t\t\t\t\t<\/div>\n\t\t<\/div>\n\t\t\t\t<div class=\"elementor-column elementor-col-50 elementor-top-column elementor-element elementor-element-db754dd\" data-id=\"db754dd\" data-element_type=\"column\" data-e-type=\"column\" data-settings=\"{&quot;background_background&quot;:&quot;classic&quot;,&quot;background_motion_fx_translateY_speed&quot;:{&quot;unit&quot;:&quot;px&quot;,&quot;size&quot;:2,&quot;sizes&quot;:[]},&quot;background_motion_fx_motion_fx_scrolling&quot;:&quot;yes&quot;,&quot;background_motion_fx_translateY_effect&quot;:&quot;yes&quot;,&quot;background_motion_fx_translateY_affectedRange&quot;:{&quot;unit&quot;:&quot;%&quot;,&quot;size&quot;:&quot;&quot;,&quot;sizes&quot;:{&quot;start&quot;:29,&quot;end&quot;:100}},&quot;background_motion_fx_devices&quot;:[&quot;desktop&quot;,&quot;tablet&quot;,&quot;mobile&quot;]}\">\n\t\t\t<div class=\"elementor-widget-wrap elementor-element-populated\">\n\t\t\t\t\t\t<div class=\"elementor-element elementor-element-4d831539 elementor-widget elementor-widget-spacer\" data-id=\"4d831539\" data-element_type=\"widget\" data-e-type=\"widget\" data-widget_type=\"spacer.default\">\n\t\t\t\t<div class=\"elementor-widget-container\">\n\t\t\t\t\t\t\t<div class=\"elementor-spacer\">\n\t\t\t<div class=\"elementor-spacer-inner\"><\/div>\n\t\t<\/div>\n\t\t\t\t\t\t<\/div>\n\t\t\t\t<\/div>\n\t\t\t\t\t<\/div>\n\t\t<\/div>\n\t\t\t\t\t<\/div>\n\t\t<\/section>\n\t\t\t\t<section class=\"elementor-section elementor-top-section elementor-element elementor-element-3cd7827 elementor-section-content-middle elementor-section-boxed elementor-section-height-default elementor-section-height-default\" data-id=\"3cd7827\" data-element_type=\"section\" data-e-type=\"section\" data-settings=\"{&quot;background_background&quot;:&quot;classic&quot;}\">\n\t\t\t\t\t\t<div class=\"elementor-container elementor-column-gap-no\">\n\t\t\t\t\t<div class=\"elementor-column elementor-col-100 elementor-top-column elementor-element elementor-element-ef1a58a\" data-id=\"ef1a58a\" data-element_type=\"column\" data-e-type=\"column\">\n\t\t\t<div class=\"elementor-widget-wrap elementor-element-populated\">\n\t\t\t\t\t\t<div class=\"elementor-element elementor-element-dafcd9a elementor-widget elementor-widget-heading\" data-id=\"dafcd9a\" data-element_type=\"widget\" data-e-type=\"widget\" data-widget_type=\"heading.default\">\n\t\t\t\t<div class=\"elementor-widget-container\">\n\t\t\t\t\t<h2 class=\"elementor-heading-title elementor-size-default\">Ein kulinarisches Erlebnis inmitten der Natur<\/h2>\t\t\t\t<\/div>\n\t\t\t\t<\/div>\n\t\t\t\t<div class=\"elementor-element elementor-element-ee77b0d elementor-widget elementor-widget-text-editor\" data-id=\"ee77b0d\" data-element_type=\"widget\" data-e-type=\"widget\" data-widget_type=\"text-editor.default\">\n\t\t\t\t<div class=\"elementor-widget-container\">\n\t\t\t\t\t\t\t\t\t<p>Unsere Lodge in Namibia zeichnet sich durch unser ALL EMBRACING Konzept aus. Hier bleiben keine W\u00fcnsche offen, da alle Leistungen im Bereich Kulinarik, Aktivit\u00e4ten und Spa im N\u00e4chtigungspreis enthalten sind. Erleben Sie das vollumf\u00e4ngliche Erlebnis unserer Lodge in Namibia und tauchen Sie ein in die faszinierende Welt Afrikas.<\/p>\t\t\t\t\t\t\t\t<\/div>\n\t\t\t\t<\/div>\n\t\t\t\t<div class=\"elementor-element elementor-element-a4b5f12 elementor-widget elementor-widget-heading\" data-id=\"a4b5f12\" data-element_type=\"widget\" data-e-type=\"widget\" data-widget_type=\"heading.default\">\n\t\t\t\t<div class=\"elementor-widget-container\">\n\t\t\t\t\t<h2 class=\"elementor-heading-title elementor-size-default\">Erholung und Entspannung<\/h2>\t\t\t\t<\/div>\n\t\t\t\t<\/div>\n\t\t\t\t<div class=\"elementor-element elementor-element-c7920d1 elementor-widget elementor-widget-text-editor\" data-id=\"c7920d1\" data-element_type=\"widget\" data-e-type=\"widget\" data-widget_type=\"text-editor.default\">\n\t\t\t\t<div class=\"elementor-widget-container\">\n\t\t\t\t\t\t\t\t\t<p><span style=\"font-weight: 400;\">Entspannen Sie sich nach aufregenden Abenteuern und Erkundungstouren in unserer Lodge. Genie\u00dfen Sie eine erfrischende Massage, oder entspannen Sie am Pool. Wir bieten Ihnen alle Annehmlichkeiten, um K\u00f6rper, Geist und Seele zu revitalisieren und Ihnen ein Gef\u00fchl von ultimativem Luxus zu vermitteln.<\/span><\/p>\t\t\t\t\t\t\t\t<\/div>\n\t\t\t\t<\/div>\n\t\t\t\t<div class=\"elementor-element elementor-element-b76fb87 elementor-widget elementor-widget-heading\" data-id=\"b76fb87\" data-element_type=\"widget\" data-e-type=\"widget\" data-widget_type=\"heading.default\">\n\t\t\t\t<div class=\"elementor-widget-container\">\n\t\t\t\t\t<h2 class=\"elementor-heading-title elementor-size-default\">Buchen Sie Ihren exklusiven Aufenthalt<\/h2>\t\t\t\t<\/div>\n\t\t\t\t<\/div>\n\t\t\t\t<div class=\"elementor-element elementor-element-2bb6788 elementor-widget elementor-widget-text-editor\" data-id=\"2bb6788\" data-element_type=\"widget\" data-e-type=\"widget\" data-widget_type=\"text-editor.default\">\n\t\t\t\t<div class=\"elementor-widget-container\">\n\t\t\t\t\t\t\t\t\t<p><span style=\"font-weight: 400;\">Genie\u00dfen Sie Ihren Aufenthalt in unserer Lodge in Namibia, wo Luxus, Entspannung und unvergessliche Erlebnisse in der Wildnis Hand in Hand gehen. Buchen Sie jetzt und lassen Sie sich von der faszinierenden Natur und der einzigartigen Atmosph\u00e4re unserer Lodge in Namibia verzaubern.<\/span><\/p>\t\t\t\t\t\t\t\t<\/div>\n\t\t\t\t<\/div>\n\t\t\t\t<div class=\"elementor-element elementor-element-a35c957 elementor-widget__width-auto elementor-widget-mobile__width-inherit elementor-widget elementor-widget-qi_addons_for_elementor_button\" data-id=\"a35c957\" data-element_type=\"widget\" data-e-type=\"widget\" data-widget_type=\"qi_addons_for_elementor_button.default\">\n\t\t\t\t<div class=\"elementor-widget-container\">\n\t\t\t\t\t<a class=\"qodef-shortcode qodef-m qodef-qi-button qodef-html--link qodef-layout--outlined qodef-type--inner-border qodef-hover--reveal qodef--reveal-horizontal qodef-icon--left qodef-hover--icon-move-horizontal-short qodef-inner-border-hover--draw q-draw-one-point\" href=\"https:\/\/gmundner-lodge.com\/reservations\/\" target=\"_self\">\n\t<span class=\"qodef-m-text\">JETZT BUCHEN<\/span>\n\t\t<div class=\"qodef-m-inner-border\">\n\t\t\t\t\t<span class=\"qodef-m-border-top\"><\/span>\n\t\t\t<span class=\"qodef-m-border-right\"><\/span>\n\t\t\t<span class=\"qodef-m-border-bottom\"><\/span>\n\t\t\t<span class=\"qodef-m-border-left\"><\/span>\n\t\t\t\t<\/div>\n\t\t\t<div class=\"qodef-m-inner-border qodef-m-inner-border-copy\">\n\t\t\t<span class=\"qodef-m-border-top\"><\/span>\n\t\t\t<span class=\"qodef-m-border-right\"><\/span>\n\t\t\t<span class=\"qodef-m-border-bottom\"><\/span>\n\t\t\t<span class=\"qodef-m-border-left\"><\/span>\n\t\t<\/div>\n\t\t<\/a>\n\t\t\t\t<\/div>\n\t\t\t\t<\/div>\n\t\t\t\t\t<\/div>\n\t\t<\/div>\n\t\t\t\t\t<\/div>\n\t\t<\/section>\n\t\t\t\t<\/div>\n\t\t","protected":false},"excerpt":{"rendered":"<p>LODGE NAMIBIA Exklusiver Luxus inmitten der atemberaubenden Wildnis Namibias Erleben Sie die unvergleichliche Sch\u00f6nheit und Magie Namibias in unserer exklusiven Lodge im S\u00fcdosten von Windhoek &#8211; eingebettet zwischen der Kalahari-W\u00fcste im Osten und dem Khomas-Bergplateau im Westen. Tauchen Sie ein in eine Welt, die von majest\u00e4tischen W\u00fcstenlandschaften, einer vielf\u00e4ltigen Tierwelt und einer reichen kulturellen Geschichte [&hellip;]<\/p>\n","protected":false},"author":5,"featured_media":10532,"parent":0,"menu_order":0,"comment_status":"closed","ping_status":"closed","template":"elementor_header_footer","meta":{"inline_featured_image":false,"footnotes":""},"class_list":["post-13361","page","type-page","status-publish","has-post-thumbnail","hentry"],"_links":{"self":[{"href":"https:\/\/gmundner-lodge.com\/de\/wp-json\/wp\/v2\/pages\/13361","targetHints":{"allow":["GET"]}}],"collection":[{"href":"https:\/\/gmundner-lodge.com\/de\/wp-json\/wp\/v2\/pages"}],"about":[{"href":"https:\/\/gmundner-lodge.com\/de\/wp-json\/wp\/v2\/types\/page"}],"author":[{"embeddable":true,"href":"https:\/\/gmundner-lodge.com\/de\/wp-json\/wp\/v2\/users\/5"}],"replies":[{"embeddable":true,"href":"https:\/\/gmundner-lodge.com\/de\/wp-json\/wp\/v2\/comments?post=13361"}],"version-history":[{"count":0,"href":"https:\/\/gmundner-lodge.com\/de\/wp-json\/wp\/v2\/pages\/13361\/revisions"}],"wp:featuredmedia":[{"embeddable":true,"href":"https:\/\/gmundner-lodge.com\/de\/wp-json\/wp\/v2\/media\/10532"}],"wp:attachment":[{"href":"https:\/\/gmundner-lodge.com\/de\/wp-json\/wp\/v2\/media?parent=13361"}],"curies":[{"name":"wp","href":"https:\/\/api.w.org\/{rel}","templated":true}]}}