{"id":11631,"date":"2023-03-23T09:42:11","date_gmt":"2023-03-23T07:42:11","guid":{"rendered":"https:\/\/gmundner-lodge.com\/?page_id=11631"},"modified":"2025-03-27T16:52:24","modified_gmt":"2025-03-27T14:52:24","slug":"special-transfers","status":"publish","type":"page","link":"https:\/\/gmundner-lodge.com\/de\/special-transfers\/","title":{"rendered":"Special Transfers"},"content":{"rendered":"\t\t<div data-elementor-type=\"wp-page\" data-elementor-id=\"11631\" class=\"elementor elementor-11631\" data-elementor-post-type=\"page\">\n\t\t\t\t\t\t<section class=\"elementor-section elementor-top-section elementor-element elementor-element-4733af1 elementor-section-full_width elementor-section-height-min-height elementor-section-items-stretch elementor-section-height-default\" data-id=\"4733af1\" data-element_type=\"section\" data-e-type=\"section\" data-settings=\"{&quot;motion_fx_motion_fx_scrolling&quot;:&quot;yes&quot;,&quot;background_background&quot;:&quot;slideshow&quot;,&quot;background_slideshow_gallery&quot;:[{&quot;id&quot;:17821,&quot;url&quot;:&quot;https:\\\/\\\/gmundner-lodge.com\\\/wp-content\\\/uploads\\\/\\u00a9Gmundner_Lodge_GeorgeWaid_031-1-scaled.jpg&quot;}],&quot;background_slideshow_transition_duration&quot;:1000,&quot;background_slideshow_slide_duration&quot;:4000,&quot;background_slideshow_slide_transition&quot;:&quot;fade&quot;,&quot;motion_fx_devices&quot;:[&quot;desktop&quot;,&quot;tablet&quot;,&quot;mobile&quot;]}\">\n\t\t\t\t\t\t<div class=\"elementor-container elementor-column-gap-default\">\n\t\t\t\t\t<div class=\"elementor-column elementor-col-100 elementor-top-column elementor-element elementor-element-befc705\" data-id=\"befc705\" data-element_type=\"column\" data-e-type=\"column\" data-settings=\"{&quot;motion_fx_motion_fx_scrolling&quot;:&quot;yes&quot;,&quot;motion_fx_range&quot;:&quot;page&quot;,&quot;motion_fx_devices&quot;:[&quot;desktop&quot;,&quot;tablet&quot;,&quot;mobile&quot;]}\">\n\t\t\t<div class=\"elementor-widget-wrap\">\n\t\t\t\t\t\t\t<\/div>\n\t\t<\/div>\n\t\t\t\t\t<\/div>\n\t\t<\/section>\n\t\t\t\t<section class=\"elementor-section elementor-top-section elementor-element elementor-element-4d6b60f elementor-section-full_width elementor-section-height-default elementor-section-height-default\" data-id=\"4d6b60f\" data-element_type=\"section\" data-e-type=\"section\">\n\t\t\t\t\t\t<div class=\"elementor-container elementor-column-gap-default\">\n\t\t\t\t\t<div class=\"elementor-column elementor-col-50 elementor-top-column elementor-element elementor-element-4213eda\" data-id=\"4213eda\" data-element_type=\"column\" data-e-type=\"column\" data-settings=\"{&quot;background_background&quot;:&quot;classic&quot;,&quot;background_motion_fx_motion_fx_scrolling&quot;:&quot;yes&quot;,&quot;background_motion_fx_translateY_effect&quot;:&quot;yes&quot;,&quot;background_motion_fx_translateY_direction&quot;:&quot;negative&quot;,&quot;background_motion_fx_translateY_speed&quot;:{&quot;unit&quot;:&quot;px&quot;,&quot;size&quot;:4,&quot;sizes&quot;:[]},&quot;background_motion_fx_translateY_affectedRange&quot;:{&quot;unit&quot;:&quot;%&quot;,&quot;size&quot;:&quot;&quot;,&quot;sizes&quot;:{&quot;start&quot;:0,&quot;end&quot;:100}},&quot;background_motion_fx_devices&quot;:[&quot;desktop&quot;,&quot;tablet&quot;,&quot;mobile&quot;]}\">\n\t\t\t<div class=\"elementor-widget-wrap\">\n\t\t\t\t\t\t\t<\/div>\n\t\t<\/div>\n\t\t\t\t<div class=\"elementor-column elementor-col-50 elementor-top-column elementor-element elementor-element-7370773\" data-id=\"7370773\" data-element_type=\"column\" data-e-type=\"column\" data-settings=\"{&quot;background_background&quot;:&quot;classic&quot;,&quot;background_motion_fx_motion_fx_scrolling&quot;:&quot;yes&quot;,&quot;background_motion_fx_translateY_effect&quot;:&quot;yes&quot;,&quot;background_motion_fx_translateY_direction&quot;:&quot;negative&quot;,&quot;background_motion_fx_translateY_speed&quot;:{&quot;unit&quot;:&quot;px&quot;,&quot;size&quot;:4,&quot;sizes&quot;:[]},&quot;background_motion_fx_translateY_affectedRange&quot;:{&quot;unit&quot;:&quot;%&quot;,&quot;size&quot;:&quot;&quot;,&quot;sizes&quot;:{&quot;start&quot;:0,&quot;end&quot;:100}},&quot;background_motion_fx_devices&quot;:[&quot;desktop&quot;,&quot;tablet&quot;,&quot;mobile&quot;]}\">\n\t\t\t<div class=\"elementor-widget-wrap elementor-element-populated\">\n\t\t\t\t\t\t<div class=\"elementor-element elementor-element-cf2d448 elementor-widget-tablet__width-auto elementor-widget elementor-widget-heading\" data-id=\"cf2d448\" data-element_type=\"widget\" data-e-type=\"widget\" data-widget_type=\"heading.default\">\n\t\t\t\t<div class=\"elementor-widget-container\">\n\t\t\t\t\t<h1 class=\"elementor-heading-title elementor-size-default\">Air-Service<\/h1>\t\t\t\t<\/div>\n\t\t\t\t<\/div>\n\t\t\t\t<div class=\"elementor-element elementor-element-19c4eca elementor-widget elementor-widget-text-editor\" data-id=\"19c4eca\" data-element_type=\"widget\" data-e-type=\"widget\" data-widget_type=\"text-editor.default\">\n\t\t\t\t<div class=\"elementor-widget-container\">\n\t\t\t\t\t\t\t\t\t<h2 data-block-id=\"block-389d7b92-4d82-4e85-8440-c612c5892f53\">Neben unseren inkludierten Aktivit\u00e4ten bieten wir unseren G\u00e4sten zus\u00e4tzliche Erlebnisse:<\/h2>\t\t\t\t\t\t\t\t<\/div>\n\t\t\t\t<\/div>\n\t\t\t\t<div class=\"elementor-element elementor-element-b030c34 elementor-widget elementor-widget-text-editor\" data-id=\"b030c34\" data-element_type=\"widget\" data-e-type=\"widget\" data-widget_type=\"text-editor.default\">\n\t\t\t\t<div class=\"elementor-widget-container\">\n\t\t\t\t\t\t\t\t\t<div data-block-id=\"block-191412ed-7872-4145-b88a-6c468c366f4f\"><div data-block-id=\"block-8ee24135-dc70-4867-b39e-f436632cb654\"><h4><img decoding=\"async\" class=\"wp-image-11690 alignleft\" src=\"https:\/\/gmundner-lodge.com\/wp-content\/uploads\/pad-300x300.png\" alt=\"\" width=\"27\" height=\"27\" title=\"\" srcset=\"https:\/\/gmundner-lodge.com\/wp-content\/uploads\/pad-300x300.png 300w, https:\/\/gmundner-lodge.com\/wp-content\/uploads\/pad-150x150.png 150w, https:\/\/gmundner-lodge.com\/wp-content\/uploads\/pad.png 512w\" sizes=\"(max-width: 27px) 100vw, 27px\" \/><\/h4><h4>HELIKOPTER-TRANSFER<\/h4><p><span data-sheets-formula-bar-text-style=\"font-size:15px;color:#000000;font-weight:normal;text-decoration:none;font-family:'Arial';font-style:normal;text-decoration-skip-ink:none;\">Transfer von und zum Internationalen Flughafen Hosea Kutako in Windhoek. <\/span><span data-sheets-formula-bar-text-style=\"font-size:15px;color:#000000;font-weight:bold;text-decoration:none;font-family:''Arial'';font-style:normal;text-decoration-skip-ink:none;\">Preis: 1.610 Euro. <span style=\"color: #d3a170;\"><a style=\"color: #d3a170;\" href=\"https:\/\/gmundner-lodge.com\/de\/tours-de\/namibia-flughafentransfer\/\">Hier mehr erfahren.<\/a><\/span><\/span><\/p><\/div><\/div>\t\t\t\t\t\t\t\t<\/div>\n\t\t\t\t<\/div>\n\t\t\t\t<div class=\"elementor-element elementor-element-7bc9a71 elementor-widget elementor-widget-text-editor\" data-id=\"7bc9a71\" data-element_type=\"widget\" data-e-type=\"widget\" data-widget_type=\"text-editor.default\">\n\t\t\t\t<div class=\"elementor-widget-container\">\n\t\t\t\t\t\t\t\t\t<div data-block-id=\"block-191412ed-7872-4145-b88a-6c468c366f4f\"><div data-block-id=\"block-8ee24135-dc70-4867-b39e-f436632cb654\"><h4><img decoding=\"async\" class=\"wp-image-11738 alignleft\" src=\"https:\/\/gmundner-lodge.com\/wp-content\/uploads\/helicopter-plane-300x300.png\" alt=\"\" width=\"27\" height=\"27\" title=\"\" srcset=\"https:\/\/gmundner-lodge.com\/wp-content\/uploads\/helicopter-plane-300x300.png 300w, https:\/\/gmundner-lodge.com\/wp-content\/uploads\/helicopter-plane-150x150.png 150w, https:\/\/gmundner-lodge.com\/wp-content\/uploads\/helicopter-plane.png 512w\" sizes=\"(max-width: 27px) 100vw, 27px\" \/><\/h4><h4>HELIKOPTER RUNDFL\u00dcGE<\/h4><p><span data-sheets-formula-bar-text-style=\"font-size:15px;color:#000000;font-weight:normal;text-decoration:none;font-family:'Arial';font-style:normal;text-decoration-skip-ink:none;\">Atemberaubende Helikopterfl\u00fcge &#8211; Ihr Einstieg in die luxuri\u00f6se Art, Namibia zu bereisen. <\/span><span style=\"color: #d3a170;\"><a style=\"color: #d3a170;\" href=\"https:\/\/gmundner-lodge.com\/de\/lodge-helicopter\/\">Hier mehr erfahren.<\/a><\/span><\/p><\/div><\/div>\t\t\t\t\t\t\t\t<\/div>\n\t\t\t\t<\/div>\n\t\t\t\t<div class=\"elementor-element elementor-element-a4b2be8 elementor-widget elementor-widget-text-editor\" data-id=\"a4b2be8\" data-element_type=\"widget\" data-e-type=\"widget\" data-widget_type=\"text-editor.default\">\n\t\t\t\t<div class=\"elementor-widget-container\">\n\t\t\t\t\t\t\t\t\t<div data-block-id=\"block-191412ed-7872-4145-b88a-6c468c366f4f\"><div data-block-id=\"block-8ee24135-dc70-4867-b39e-f436632cb654\"><h4><img decoding=\"async\" class=\"wp-image-11734  alignleft\" src=\"https:\/\/gmundner-lodge.com\/wp-content\/uploads\/small-plane-300x300.png\" alt=\"\" width=\"31\" height=\"31\" title=\"\" srcset=\"https:\/\/gmundner-lodge.com\/wp-content\/uploads\/small-plane-300x300.png 300w, https:\/\/gmundner-lodge.com\/wp-content\/uploads\/small-plane-150x150.png 150w, https:\/\/gmundner-lodge.com\/wp-content\/uploads\/small-plane.png 512w\" sizes=\"(max-width: 31px) 100vw, 31px\" \/><\/h4><h4>CHARTER AUSFL\u00dcGE<\/h4><p>Unser 2.200 m langer Runway erm\u00f6glicht es Ihnen direkt von der Lodge einen Ausflug Ihrer Wahl innerhalb Namibias zu erleben<\/p><\/div><\/div>\t\t\t\t\t\t\t\t<\/div>\n\t\t\t\t<\/div>\n\t\t\t\t\t<\/div>\n\t\t<\/div>\n\t\t\t\t\t<\/div>\n\t\t<\/section>\n\t\t\t\t<section class=\"elementor-section elementor-top-section elementor-element elementor-element-b8c1f04 elementor-section-full_width elementor-section-height-default elementor-section-height-default\" data-id=\"b8c1f04\" data-element_type=\"section\" data-e-type=\"section\">\n\t\t\t\t\t\t<div class=\"elementor-container elementor-column-gap-default\">\n\t\t\t\t\t<div class=\"elementor-column elementor-col-100 elementor-top-column elementor-element elementor-element-e70a5dd\" data-id=\"e70a5dd\" data-element_type=\"column\" data-e-type=\"column\" data-settings=\"{&quot;background_background&quot;:&quot;classic&quot;,&quot;background_motion_fx_motion_fx_scrolling&quot;:&quot;yes&quot;,&quot;background_motion_fx_translateY_effect&quot;:&quot;yes&quot;,&quot;background_motion_fx_translateY_direction&quot;:&quot;negative&quot;,&quot;background_motion_fx_translateY_speed&quot;:{&quot;unit&quot;:&quot;px&quot;,&quot;size&quot;:4,&quot;sizes&quot;:[]},&quot;background_motion_fx_translateY_affectedRange&quot;:{&quot;unit&quot;:&quot;%&quot;,&quot;size&quot;:&quot;&quot;,&quot;sizes&quot;:{&quot;start&quot;:0,&quot;end&quot;:100}},&quot;background_motion_fx_devices&quot;:[&quot;desktop&quot;,&quot;tablet&quot;,&quot;mobile&quot;]}\">\n\t\t\t<div class=\"elementor-widget-wrap elementor-element-populated\">\n\t\t\t\t\t\t<section class=\"elementor-section elementor-inner-section elementor-element elementor-element-3a5dc4c elementor-section-content-top elementor-section-boxed elementor-section-height-default elementor-section-height-default\" data-id=\"3a5dc4c\" data-element_type=\"section\" data-e-type=\"section\">\n\t\t\t\t\t\t<div class=\"elementor-container elementor-column-gap-default\">\n\t\t\t\t\t<div class=\"elementor-column elementor-col-100 elementor-inner-column elementor-element elementor-element-2b2115e\" data-id=\"2b2115e\" data-element_type=\"column\" data-e-type=\"column\">\n\t\t\t<div class=\"elementor-widget-wrap elementor-element-populated\">\n\t\t\t\t\t\t<div class=\"elementor-element elementor-element-8668fb2 elementor-widget elementor-widget-text-editor\" data-id=\"8668fb2\" data-element_type=\"widget\" data-e-type=\"widget\" data-widget_type=\"text-editor.default\">\n\t\t\t\t<div class=\"elementor-widget-container\">\n\t\t\t\t\t\t\t\t\t<p>Air Service-Anfrage<\/p>\t\t\t\t\t\t\t\t<\/div>\n\t\t\t\t<\/div>\n\t\t\t\t<div class=\"elementor-element elementor-element-bfcdb62 fluentform-widget-submit-button-left fluent-form-widget-step-header-yes fluent-form-widget-step-progressbar-yes fluentform-widget-submit-button-custom elementor-widget elementor-widget-fluent-form-widget\" data-id=\"bfcdb62\" data-element_type=\"widget\" data-e-type=\"widget\" data-widget_type=\"fluent-form-widget.default\">\n\t\t\t\t<div class=\"elementor-widget-container\">\n\t\t\t\t\t\n            <div class=\"fluentform-widget-wrapper hide-fluent-form-labels\">\n\n            \n            <div class='fluentform ff-default fluentform_wrapper_8 ffs_default_wrap'><form data-form_id=\"8\" id=\"fluentform_8\" class=\"frm-fluent-form fluent_form_8 ff-el-form-top ff_form_instance_8_1 ff-form-loading ffs_default\" data-form_instance=\"ff_form_instance_8_1\" method=\"POST\" ><fieldset  style=\"border: none!important;margin: 0!important;padding: 0!important;background-color: transparent!important;box-shadow: none!important;outline: none!important; min-inline-size: 100%;\">\n                    <legend class=\"ff_screen_reader_title\" style=\"display: block; margin: 0!important;padding: 0!important;height: 0!important;text-indent: -999999px;width: 0!important;overflow:hidden;\">Helicopter Enquiry<\/legend>        <div\n                style=\"display: none!important; position: absolute!important; transform: translateX(1000%)!important;\"\n                class=\"ff-el-group ff-hpsf-container\"\n        >\n            <div class=\"ff-el-input--label asterisk-right\">\n                <label for=\"ff_8_item_sf\" aria-label=\"Subscribe\">\n                    Subscribe                <\/label>\n            <\/div>\n            <div class=\"ff-el-input--content\">\n                <input type=\"text\"\n                       name=\"item_8__fluent_sf\"\n                       class=\"ff-el-form-control\"\n                       id=\"ff_8_item_sf\"\n                \/>\n            <\/div>\n        <\/div>\n        <input type='hidden' name='__fluent_form_embded_post_id' value='11631' \/><input type=\"hidden\" id=\"_fluentform_8_fluentformnonce\" name=\"_fluentform_8_fluentformnonce\" value=\"2cf0e486f0\" \/><input type=\"hidden\" name=\"_wp_http_referer\" value=\"\/de\/wp-json\/wp\/v2\/pages\/11631\" \/><div data-type=\"name-element\" data-name=\"names\" class=\" ff-field_container ff-name-field-wrapper\" ><div class='ff-t-container'><div class='ff-t-cell '><div class='ff-el-group  ff-el-form-hide_label'><div class=\"ff-el-input--label asterisk-right\"><label for='ff_8_names_first_name_' id='label_ff_8_names_first_name_' >First Name<\/label><\/div><div class='ff-el-input--content'><input type=\"text\" name=\"names[first_name]\" id=\"ff_8_names_first_name_\" class=\"ff-el-form-control\" placeholder=\"First Name\" aria-invalid=\"false\" aria-required=false><\/div><\/div><\/div><div class='ff-t-cell '><div class='ff-el-group  ff-el-form-hide_label'><div class=\"ff-el-input--label asterisk-right\"><label for='ff_8_names_last_name_' id='label_ff_8_names_last_name_' >Last Name<\/label><\/div><div class='ff-el-input--content'><input type=\"text\" name=\"names[last_name]\" id=\"ff_8_names_last_name_\" class=\"ff-el-form-control\" placeholder=\"Last Name\" aria-invalid=\"false\" aria-required=false><\/div><\/div><\/div><\/div><\/div><div data-name=\"ff_cn_id_1\"  class='ff-t-container ff-column-container ff_columns_total_2 '><div class='ff-t-cell ff-t-column-1' style='flex-basis: 49.38%;'><div class='ff-el-group ff-el-form-hide_label'><div class=\"ff-el-input--label ff-el-is-required asterisk-right\"><label for='ff_8_email' id='label_ff_8_email' aria-label=\"Email\">Email<\/label><\/div><div class='ff-el-input--content'><input type=\"email\" name=\"email\" id=\"ff_8_email\" class=\"ff-el-form-control\" placeholder=\"Email Address\" data-name=\"email\"  aria-invalid=\"false\" aria-required=true><\/div><\/div><\/div><div class='ff-t-cell ff-t-column-2' style='flex-basis: 50.62%;'><div class='ff-el-group ff-el-form-hide_label'><div class=\"ff-el-input--label asterisk-right\"><label for='ff_8_phone' id='label_ff_8_phone' aria-label=\"Phone\/Mobile\">Phone\/Mobile<\/label><\/div><div class='ff-el-input--content'><input name=\"phone\" class=\"ff-el-form-control ff-el-phone\" type=\"tel\" placeholder=\"Mobile Number\" data-name=\"phone\" id=\"ff_8_phone\" inputmode=\"tel\"  aria-invalid='false' aria-required=false><\/div><\/div><\/div><\/div><div class='ff-el-group ff-el-form-hide_label'><div class=\"ff-el-input--label ff-el-is-required asterisk-right\"><label for='ff_8_message' id='label_ff_8_message' aria-label=\"Your Message\">Your Message<\/label><\/div><div class='ff-el-input--content'><textarea aria-required=\"true\" aria-labelledby=\"label_ff_8_message\" name=\"message\" id=\"ff_8_message\" class=\"ff-el-form-control\" placeholder=\"How can we assist?\" rows=\"3\" cols=\"2\" data-name=\"message\" ><\/textarea><\/div><\/div><div class='ff-el-group ff-text-left ff_submit_btn_wrapper'><button type=\"submit\" class=\"ff-btn ff-btn-submit ff-btn-md ff_btn_style\"  aria-label=\"Submit Enquiry\">Submit Enquiry<\/button><\/div><\/fieldset><\/form><div id='fluentform_8_errors' class='ff-errors-in-stack ff_form_instance_8_1 ff-form-loading_errors ff_form_instance_8_1_errors'><\/div><\/div>            <script type=\"text\/javascript\">\n                window.fluent_form_ff_form_instance_8_1 = {\"id\":\"8\",\"settings\":{\"layout\":{\"labelPlacement\":\"top\",\"helpMessagePlacement\":\"with_label\",\"errorMessagePlacement\":\"inline\",\"asteriskPlacement\":\"asterisk-right\"},\"id\":\"39\",\"restrictions\":{\"denyEmptySubmission\":{\"enabled\":false}}},\"form_instance\":\"ff_form_instance_8_1\",\"form_id_selector\":\"fluentform_8\",\"rules\":{\"names[first_name]\":{\"required\":{\"value\":false,\"message\":\"This field is required\",\"global\":false,\"global_message\":\"This field is required\"}},\"names[middle_name]\":{\"required\":{\"value\":false,\"message\":\"This field is required\",\"global\":false,\"global_message\":\"This field is required\"}},\"names[last_name]\":{\"required\":{\"value\":false,\"message\":\"This field is required\",\"global\":false,\"global_message\":\"This field is required\"}},\"email\":{\"required\":{\"value\":true,\"message\":\"This field is required\",\"global\":false,\"global_message\":\"This field is required\"},\"email\":{\"value\":true,\"message\":\"This field must contain a valid email\",\"global\":false,\"global_message\":\"This field must contain a valid email\"}},\"phone\":{\"required\":{\"value\":false,\"message\":\"This field is required\",\"global\":false,\"global_message\":\"This field is required\"},\"valid_phone_number\":{\"value\":false,\"message\":\"Phone number is not valid\",\"global\":false,\"global_message\":\"Phone number is not valid\"}},\"message\":{\"required\":{\"value\":true,\"message\":\"This field is required\",\"global\":false,\"global_message\":\"This field is required\"}}},\"debounce_time\":300};\n                            <\/script>\n                        <\/div>\n\n            \t\t\t\t<\/div>\n\t\t\t\t<\/div>\n\t\t\t\t\t<\/div>\n\t\t<\/div>\n\t\t\t\t\t<\/div>\n\t\t<\/section>\n\t\t\t\t\t<\/div>\n\t\t<\/div>\n\t\t\t\t\t<\/div>\n\t\t<\/section>\n\t\t\t\t<\/div>\n\t\t","protected":false},"excerpt":{"rendered":"<p>Air-Service Neben unseren inkludierten Aktivit\u00e4ten bieten wir unseren G\u00e4sten zus\u00e4tzliche Erlebnisse: HELIKOPTER-TRANSFER Transfer von und zum Internationalen Flughafen Hosea Kutako in Windhoek. Preis: 1.610 Euro. Hier mehr erfahren. HELIKOPTER RUNDFL\u00dcGE Atemberaubende Helikopterfl\u00fcge &#8211; Ihr Einstieg in die luxuri\u00f6se Art, Namibia zu bereisen. Hier mehr erfahren. CHARTER AUSFL\u00dcGE Unser 2.200 m langer Runway erm\u00f6glicht es Ihnen [&hellip;]<\/p>\n","protected":false},"author":5,"featured_media":10526,"parent":0,"menu_order":0,"comment_status":"closed","ping_status":"closed","template":"","meta":{"inline_featured_image":false,"footnotes":""},"class_list":["post-11631","page","type-page","status-publish","has-post-thumbnail","hentry"],"_links":{"self":[{"href":"https:\/\/gmundner-lodge.com\/de\/wp-json\/wp\/v2\/pages\/11631","targetHints":{"allow":["GET"]}}],"collection":[{"href":"https:\/\/gmundner-lodge.com\/de\/wp-json\/wp\/v2\/pages"}],"about":[{"href":"https:\/\/gmundner-lodge.com\/de\/wp-json\/wp\/v2\/types\/page"}],"author":[{"embeddable":true,"href":"https:\/\/gmundner-lodge.com\/de\/wp-json\/wp\/v2\/users\/5"}],"replies":[{"embeddable":true,"href":"https:\/\/gmundner-lodge.com\/de\/wp-json\/wp\/v2\/comments?post=11631"}],"version-history":[{"count":3,"href":"https:\/\/gmundner-lodge.com\/de\/wp-json\/wp\/v2\/pages\/11631\/revisions"}],"predecessor-version":[{"id":17830,"href":"https:\/\/gmundner-lodge.com\/de\/wp-json\/wp\/v2\/pages\/11631\/revisions\/17830"}],"wp:featuredmedia":[{"embeddable":true,"href":"https:\/\/gmundner-lodge.com\/de\/wp-json\/wp\/v2\/media\/10526"}],"wp:attachment":[{"href":"https:\/\/gmundner-lodge.com\/de\/wp-json\/wp\/v2\/media?parent=11631"}],"curies":[{"name":"wp","href":"https:\/\/api.w.org\/{rel}","templated":true}]}}