{"id":10786,"date":"2022-07-28T14:03:45","date_gmt":"2022-07-28T12:03:45","guid":{"rendered":"https:\/\/gmundner-lodge.com\/terms-and-conditions\/"},"modified":"2025-02-04T22:12:20","modified_gmt":"2025-02-04T20:12:20","slug":"terms-and-conditions","status":"publish","type":"page","link":"https:\/\/gmundner-lodge.com\/de\/terms-and-conditions\/","title":{"rendered":"Terms and conditions"},"content":{"rendered":"\t\t<div data-elementor-type=\"wp-page\" data-elementor-id=\"10786\" class=\"elementor elementor-10786 elementor-3349\" data-elementor-post-type=\"page\">\n\t\t\t\t\t\t<section class=\"elementor-section elementor-top-section elementor-element elementor-element-108c4d0 elementor-section-full_width elementor-section-height-default elementor-section-height-default\" data-id=\"108c4d0\" data-element_type=\"section\" data-e-type=\"section\">\n\t\t\t\t\t\t<div class=\"elementor-container elementor-column-gap-default\">\n\t\t\t\t\t<div class=\"elementor-column elementor-col-50 elementor-top-column elementor-element elementor-element-1043ac8\" data-id=\"1043ac8\" data-element_type=\"column\" data-e-type=\"column\" data-settings=\"{&quot;background_background&quot;:&quot;classic&quot;}\">\n\t\t\t<div class=\"elementor-widget-wrap elementor-element-populated\">\n\t\t\t\t\t\t<div class=\"elementor-element elementor-element-f92c6e9 elementor-widget elementor-widget-heading\" data-id=\"f92c6e9\" data-element_type=\"widget\" data-e-type=\"widget\" data-settings=\"{&quot;sticky&quot;:&quot;top&quot;,&quot;sticky_offset&quot;:162,&quot;sticky_on&quot;:[&quot;desktop&quot;,&quot;tablet&quot;,&quot;mobile&quot;],&quot;sticky_effects_offset&quot;:0,&quot;sticky_anchor_link_offset&quot;:0}\" data-widget_type=\"heading.default\">\n\t\t\t\t<div class=\"elementor-widget-container\">\n\t\t\t\t\t<h1 class=\"elementor-heading-title elementor-size-default\">Terms and <br \/>conditions<\/h1>\t\t\t\t<\/div>\n\t\t\t\t<\/div>\n\t\t\t\t<div class=\"elementor-element elementor-element-a9645a3 elementor-widget elementor-widget-spacer\" data-id=\"a9645a3\" data-element_type=\"widget\" data-e-type=\"widget\" data-widget_type=\"spacer.default\">\n\t\t\t\t<div class=\"elementor-widget-container\">\n\t\t\t\t\t\t\t<div class=\"elementor-spacer\">\n\t\t\t<div class=\"elementor-spacer-inner\"><\/div>\n\t\t<\/div>\n\t\t\t\t\t\t<\/div>\n\t\t\t\t<\/div>\n\t\t\t\t\t<\/div>\n\t\t<\/div>\n\t\t\t\t<div class=\"elementor-column elementor-col-50 elementor-top-column elementor-element elementor-element-d95840b\" data-id=\"d95840b\" data-element_type=\"column\" data-e-type=\"column\">\n\t\t\t<div class=\"elementor-widget-wrap elementor-element-populated\">\n\t\t\t\t\t\t<div class=\"elementor-element elementor-element-8a402a1 elementor-widget elementor-widget-text-editor\" data-id=\"8a402a1\" data-element_type=\"widget\" data-e-type=\"widget\" data-widget_type=\"text-editor.default\">\n\t\t\t\t<div class=\"elementor-widget-container\">\n\t\t\t\t\t\t\t\t\t<h1 style=\"text-align: center;\">Allgemeine Gesch\u00e4fts- und Buchungsbedingungen Gmundner Lodge Pty Ltd<br \/>Namibia Stand 01 \/2025<\/h1><p>\u00a0<\/p><h3>1. Allgemein<\/h3><p><br \/>Diese Allgemeinen Gesch\u00e4fts- und Buchungsbedingungen (nachfolgend \u201eAGB&#8220;) gelten f\u00fcr s\u00e4mtliche Vertrags- und Buchungsverh\u00e4ltnisse, die zwischen der Gmundner Lodge Pty Ltd, Farm Waldburg 82, Khomas Region, Dordabis District, Namibia (nachfolgend kurz \u201eGmundner\u201c) einerseits und dem Gast (nachfolgend kurz \u201eGast\u201c) andererseits abgeschlossen werden. Vertragsverh\u00e4ltnisse kommen ausschlie\u00dflich auf Grundlage dieser AGBs zustande. Ma\u00dfgeblich ist jeweils die zum Zeitpunkt des Vertragsabschlusses geltenden AGBs.<\/p><p>\u00a0<\/p><h3>2. Buchung, Vertragsabschluss, Anzahlung und Zahlungskonditionen<\/h3><p><br \/>2.1. Die Reservierungs- und Buchungsanfrage durch den Gast ist grunds\u00e4tzlich unverbindlich. Nach erfolgter elektronischer und\/oder telefonischer Buchungsanfrage durch den Gast sind 50% des Buchungsbetrages als Anzahlung zu leisten. Erst nach Einlangen der Anzahlung (oder des gesamten Buchungsbetrages bei kurzfristigen Buchungen) sowie durch schriftliche R\u00fcckbest\u00e4tigung bzw. Annahmebest\u00e4tigung der Buchung durch Gmundner kommt eine verbindliche Buchung zu Stande. Festgehalten wird, dass eine fernm\u00fcndliche Buchungsbest\u00e4tigung ausgeschlossen ist.<\/p><p>2.2. Der restliche Gesamtpreis ist 30 Tage vor Leistungsbeginn f\u00e4llig. Sollte der Gast die f\u00e4lligen Zahlungen nicht in voller H\u00f6he und\/oder fristgerecht leisten, kann Gmundner von der Buchung bzw. Vertragsverh\u00e4ltnis zur\u00fccktreten und kommen in diesem Fall die R\u00fccktritts- und Stornierungsbedingungen lt. Pkt. 4 dieser AGBs zur Anwendung.<\/p><p>2.3. Alle angegebenen Preise der Gmundner verstehen sich grunds\u00e4tzlich als Bruttopreis in NAD. Allf\u00e4llig get\u00e4tigte Angaben zu Umrechnungskursen bzw. die Angabe von Preisen in einer Fremdw\u00e4hrung erfolgen ohne jegliche Gew\u00e4hr.<\/p><p>2.4. Festgehalten wird, dass lokale Abgaben wie bspw. die N\u00e4chtigungstaxen ebenso bereits im Preis enthalten sind.<\/p><p>2.5. Die Kosten (insb. Zeitaufwand), welche durch unrichtige, unvollst\u00e4ndige oder nachtr\u00e4glich abge\u00e4nderte Angaben des Gastes entstehen, werden nach tats\u00e4chlichen Zeitmehraufwand mit netto NAD 2,300.00 pro Stunde (15-Minuten-Taktung) verrechnet.<\/p><p>2.6. Gmundner ist berechtigt, dem Gast Rechnungen auch in elektronischer Form zu \u00fcbermitteln. Der Gast erkl\u00e4rt sich mit der Zusendung von Rechnungen in elektronischer Form durch Gmundner ausdr\u00fccklich einverstanden.<\/p><p>2.7. Der Gast ist nicht berechtigt, mit eigenen Forderungen gegen Forderungen von Gmundner aufzurechnen. Ein Recht zur Aufrechnung steht dem Gast nur dann zu, wenn seine Gegenanspr\u00fcche rechtskr\u00e4ftig festgestellt oder von Gmundner rechtswirksam anerkannt wurde.<\/p><p>\u00a0<\/p><h3>3. Leistungsumfang, Zusatz- und Nebenleistungen<\/h3><p><br \/>3.1. Der Umfang der durch Gmundner gegen\u00fcber dem Gast zu erbringenden Leistungen ergibt sich aus der jeweiligen verbindlichen Buchung und der darin enthaltenen Leistungsbeschreibung. Alle Leistungen von Gmundner, die nicht ausdr\u00fccklich durch den vereinbarten Preis abgegolten sind, werden gegen\u00fcber dem Gast gesondert verrechnet.<\/p><p>3.2. Gmundner wird den Gast \u00fcber \u00c4nderungen wesentlicher Leistungen unverz\u00fcglich informieren und ist die Vornahme von \u00c4nderungen des Leistungsumfangs durch Gmundner nur gestattet, sofern diese nicht erheblich sind und den Gesamtumfang der Leistung nicht wesentlich beeintr\u00e4chtigen.<\/p><p>3.3. Sonderanfragen (bspw. Zimmerw\u00fcnsche, benachbarte Zimmer, Sonderkost, Zustellbetten, Lage, etc.) sind fr\u00fchestm\u00f6glich, sp\u00e4testens 30 Tage vor Reisebeginn, schriftlich an Gmundner zu stellen. Sollte keine schriftliche R\u00fcckbest\u00e4tigung jener Sonderanfragen bis 14 Tage vor dem Reiseantritt erfolgen, ist dies als Ablehnung durch Gmundner zu werten.<\/p><p>3.4. Kosten f\u00fcr Nebenleistungen, wie bspw. Beantragung Visum, sind nicht im Preis enthalt. Es obliegt dem Gast sich rechtzeitig vor der Anreise \u00fcber die geltenden Ein- und Ausreisebedingungen (u.a. Passbestimmungen, Zoll-, Ein- sowie Ausreisebestimmungen, gesundheitliche Vorgaben samt gesundheitspolizeiliche Formalit\u00e4ten wie allenfalls notwendige Impfungen, etc) zu informieren und entsprechende Ma\u00dfnahmen zu ergreifen. Der Gast ist f\u00fcr die Einhaltung aller f\u00fcr die Durchf\u00fchrung der Leistung wichtigen Vorschriften und Formalit\u00e4ten selbst verantwortlich. Alle Nachteile, die aufgrund der Nichtbefolgung jener Vorschriften dem Gast erwachsen, gehen zu seinen Lasten (ausgenommen Falsch- \/Nichtinformation schuldhaft durch Gmundner bedingt).<\/p><p>3.5. Kostenpflichtige Zusatzleistungen (bspw. Helikopterflug, Helikopter-Transfer, Charterfl\u00fcge, Green Fees) sind nicht im Leistungsumfang enthalten. Jene Zusatzleistungen k\u00f6nnen bei Anfrage von Gmundner f\u00fcr den Gast gebucht werden. Diese werden dann gesondert an den Gast verrechnet.<\/p><p>\u00a0<\/p><h3>4. Storno- und\/oder R\u00fccktrittsbedingungen<\/h3><p><br \/>4.1. Die Stornierung bzw. der R\u00fccktritt m\u00fcssen gegen\u00fcber Gmundner vom Kunden schriftlich angezeigt werden. In einem solchen Fall gelten nachfolgende Storno- und\/oder R\u00fccktrittsbedingungen als vereinbart, sofern Gmundner den R\u00fccktritt nicht schuldhaft zu vertreten hat und\/oder am Bestimmungsort oder in dessen unmittelbarer N\u00e4he au\u00dfergew\u00f6hnliche Umst\u00e4nde auftreten, die die Durchf\u00fchrung der gebuchten Leistung erheblich beeintr\u00e4chtigen. Umst\u00e4nde sind unvermeidbar und au\u00dfergew\u00f6hnlich, wenn sie nicht der Kontrolle von Gmundner unterliegen und sich ihre Folgen auch dann nicht h\u00e4tten vermeiden lassen, wenn alle zumutbaren Vorkehrungen getroffen worden w\u00e4ren.<\/p><p>4.2. Der Gast hat im Falle des R\u00fccktritts einer Buchung bzw. Stornierung einer Buchung \u2013 sofern Gmundner den R\u00fccktritt bzw. Stornierung nicht zu vertreten hat und am Bestimmungsort keine au\u00dfergew\u00f6hnlichen Umst\u00e4nde aufgetreten sind, welche die Durchf\u00fchrung der gebuchten Leistungen in einem erheblichen Ma\u00dfe beeintr\u00e4chtigen (unvorhergesehene und au\u00dfergew\u00f6hnliche Ereignisse) \u2013 nachfolgende Entsch\u00e4digung an Gmundner zu leisten:<\/p><p>\u2022 Bis 30 Tage vor Reisebeginn: 25 % des Gesamtpreises<br \/>\u2022 Vom 29. Tag bis 15. Tag vor Reisebeginn: 75% des Gesamtpreises<br \/>\u2022 Ab 14. Tag vor Reisebeginn \/ Nichtantritt: 100% des Gesamtpreises<\/p><p>4.3. Die Verrechnung der Stornogeb\u00fchr erfolgt unmittelbar nach erfolgtem R\u00fccktritt \/ Stornierung. Der Kunde ist in einem solchen Fall mit der Gegenverrechnung der erfolgten Anzahlung ausdr\u00fccklich einverstanden.<\/p><p>4.4. Gmundner empfiehlt den Abschluss einer umfassenden Reiseversicherung, bestenfalls beinhaltend eine Reiser\u00fccktritts- und Stornoversicherung. Der Gast ist f\u00fcr den Abschluss und den Leistungsinhalt einer allf\u00e4lligen Reiseversicherung selbst verantwortlich und k\u00f6nnen hieraus keinerlei Anspr\u00fcche gegen\u00fcber Gmundner abgeleitet werden.<\/p><p>\u00a0<\/p><h3>5. K\u00fcndigung und Vertragsr\u00fccktritt durch Gmundner<\/h3><p><br \/>5.1. Gmundner beh\u00e4lt sich das Recht vor, den Vertrag bzw. Buchung gegen\u00fcber dem Gast aus wichtigem Grund ohne Einhaltung einer K\u00fcndigungsfrist zu k\u00fcndigen. Ein wichtiger Grund ist<br \/>u.a. wenn der Gast in seiner Person und\/oder seinem Verhalten einen derart schwerwiegenden Grund gesetzt hat, der die Fortf\u00fchrung des Vertragsverh\u00e4ltnisses f\u00fcr Gmundner unzumutbar macht (Nachweispflicht Gmundner). Beispiele: Buchung des Gastes unter falschen und\/oder irref\u00fchrende Angaben (insb. Identit\u00e4t der G\u00e4ste); Gef\u00e4hrdung des reibungslosen Gesch\u00e4ftsbetriebs oder Gef\u00e4hrdung der Sicherheit des Hotelbetriebs oder anderer G\u00e4ste, Gef\u00e4hrdung des Ansehens von Gmundner in der \u00d6ffentlichkeit, unbefugte Weiter- \/Untervermietung, usw. In einem solchen Fall steht Gmundner die Verrechnung des Gesamtpreises zu.<\/p><p>5.2. Weiters kann Gmundner vor Leistungsbeginn vom Vertrag zur\u00fccktreten, wenn Gmundner aufgrund unvermeidbarer, au\u00dfergew\u00f6hnlicher Umst\u00e4nde an der Erf\u00fcllung des Vertrages gehindert ist. In diesem Fall hat Gmundner den R\u00fccktritt unverz\u00fcglich nach Kenntnis des R\u00fccktrittsgrunds gegen\u00fcber dem Gast zu erkl\u00e4ren. In einem solchen Fall verliert Gmundner ihren Anspruch auf Zahlung des Reisepreises.<\/p><p>5.3. Zudem ist Gmundner zur K\u00fcndigung bzw. R\u00fccktritt des Vertrages ohne Setzung einer Nachfrist berechtigt, wenn der Gast nicht rechtzeitig und\/oder vollst\u00e4ndig die f\u00e4lligen (An-)Zahlungen an Gmundner leistet. Gmundner wird den Gast \u00fcber die Aus\u00fcbung des R\u00fccktritts unverz\u00fcglich in Kenntnis setzen.<\/p><p>\u00a0<\/p><h3>6. M\u00e4ngel und Gew\u00e4hrleistung<\/h3><p><br \/>6.1. Der Gast hat allf\u00e4llige M\u00e4ngel unverz\u00fcglich unter Beschreibung des Mangels samt Beif\u00fcgung entsprechender Nachweise anzuzeigen. Der Gast ist verpflichtet, dass ihm Zumutbare beizutragen, um den Schaden \/ Mangel zu beheben und einen m\u00f6glichen Schaden so gering wie m\u00f6glich zu halten. Gmundner wird \u2013 sofern m\u00f6glich und verh\u00e4ltnism\u00e4\u00dfig \u2013 ehestm\u00f6glich die Verbesserung<\/p><p>des Mangels vornehmen. Gmundner ist berechtigt, die Verbesserung der Leistung zu verweigern, wenn diese unm\u00f6glich oder f\u00fcr Gmundner mit einem unverh\u00e4ltnism\u00e4\u00dfig hohen Aufwand verbunden ist. In diesem Fall stehen dem Gast die gesetzlichen Gew\u00e4hrleistungs- und Preisminderungsrechte zu.<\/p><p>Sollte Gmundner den Mangel nicht beheben bzw. die Behebung des Mangels verweigern, stehen dem Gast die gesetzlichen Gew\u00e4hrleistungsanspr\u00fcche zu.<\/p><p>Sollte der Gast den Mangel nicht anzeigen und Gmundner daher nicht in die Lage versetzt werden, diesen Mangel beheben zu k\u00f6nnen, kann dieses Vers\u00e4umnis des Gastes im Falle der Geltendmachung von Gew\u00e4hrleistungs- und\/oder Schadenersatzanspr\u00fcchen entsprechend ber\u00fccksichtigt werden, insb. wenn durch die Anzeige des Gastes der Mangel \/ Schaden h\u00e4tte behoben und\/oder verhindert h\u00e4tte werden k\u00f6nnen.<\/p><p>\u00a0<\/p><h3>7. Haftung<\/h3><p><br \/>7.1. In F\u00e4llen leichter Fahrl\u00e4ssigkeit ist \u2013 sofern es sich um keine vertragliche Hauptpflicht handelt \u2013 eine Haftung von Gmundner und die ihrer Angestellten oder sonstigen Erf\u00fcllungsgehilfen f\u00fcr Sach- oder Verm\u00f6genssch\u00e4den des Gastes ausgeschlossen, gleichg\u00fcltig ob es sich um unmittelbare oder mittelbare Sch\u00e4den, entgangenen Gewinn oder Mangelfolgesch\u00e4den, Sch\u00e4den wegen Verzugs oder Unm\u00f6glichkeit handelt. Diese Haftungseinschr\u00e4nkung gilt nicht f\u00fcr Personensch\u00e4den.<\/p><p>7.2. Gmundner haftet f\u00fcr eingebrachte Sache und Wertgegenst\u00e4nde lediglich nach den gesetzlichen Bestimmungen. Die Haftung ist auf NAD 10,500.00 beschr\u00e4nkt, sofern Gmundner den Schaden nicht verschuldet hat bzw. die Sache in Kenntnis ihrer Beschaffenheit \u00fcbernommen hat. Ein Diebstahl ist Gmundner unverz\u00fcglich anzuzeigen, sodass die \u00f6rtliche Polizei informiert werden kann. Andernfalls erl\u00f6schen allf\u00e4llige Haftungsanspr\u00fcche gegen\u00fcber Gmundner. Dies gilt nicht, sofern der Verlust, die Zerst\u00f6rung oder die Besch\u00e4digung des Gegentands von Gmundner oder ihren Erf\u00fcllungsgehilfen verschuldet wurde oder der Gegenstand von Gmundner zur Aufbewahrung \u00fcbernommen wurde.<\/p><p>7.3. Es wird keine Haftung f\u00fcr vom Gast in Anspruch genommene Fremdleistungen \u00fcbernommen.<\/p><p>\u00a0<\/p><h3>8. Datenschutz<\/h3><p><br \/>8.1. Der Schutz der personenbezogenen Daten der G\u00e4ste ist Gmundner besonders wichtig und werden die geltenden datenschutzrechtlichen Bestimmungen eingehalten. Die Gmundner Lodge Pty Ltd, Farm Waldburg 82, Khomas Region, Dordabis District, Namibia, ist Verantwortliche, welche \u00fcber die Verwaltung bzw. Verarbeitung der personenbezogenen Daten entscheidet.<\/p><p>8.2. Zur Vornahme und Bearbeitung der Buchung werden von Gmundner nachfolgende personenbezogene Daten erhoben, verarbeitet und gespeichert: Name, Geburtsdatum, Titel, Anrede, ggf. Geschlecht, Adressdaten, Nationalit\u00e4t, Kopie des Reisepasses, E-Mail-Adresse, Telefonnummer, Zahlungsmethode und Bankdaten, mitreisende Personen und deren vorangef\u00fchrten personenbezogenen Daten sowie Daten iZm dem gebuchten Reiseaufenthalt (bspw. Unvertr\u00e4glichkeiten iZm Essen, Allergien, etc). Zudem werden im Rahmen der Online- Buchung die IP-Adresse, Name und Version des Webbrowsers, Website die vor Zugriff auf Webshop besucht wurde, weitere vom Gast freiwillig zur Verf\u00fcgung gestellte Informationen,<\/p><p>gespeichert und verarbeitet. Diese Daten werden zur Durchf\u00fchrung des Buchungsvorgangs, zur Bearbeitung der Buchung sowie zur Erf\u00fcllung unserer vertraglichen und rechtlichen Verpflichtungen ben\u00f6tigt. Die Verarbeitung und Speicherung erfolgt auf Grundlage der gesetzlichen datenschutzrechtlichen Bestimmungen. Die Daten werden so lange aufbewahrt, wie es einen berechtigten Grund oder einen anderen Rechtsgrund daf\u00fcr gibt. Danach werden die Daten im gesetzlich vorgesehen Umfang gel\u00f6scht bzw. vollumf\u00e4nglich anonymisiert. Wenn der Gast sich allenfalls f\u00fcr den Newsletter registriert hat, werden jene Daten so lange gespeichert, wie der Account besteht und die Newsletter-Bestellung aufrecht ist. Es besteht keine Verpflichtung Gmundner die personenbezogenen Daten, welche f\u00fcr die Durchf\u00fchrung der Buchung notwendig sind, zur Verf\u00fcgung zu stellen. Allerdings kann in einem solchen Fall keine Buchung angefragt und\/oder vorgenommen werden. Sollte die Bereitstellung Ihrer Daten in manchen F\u00e4llen gesetzlich verpflichtend sein, werden wir Sie gesondert darauf hinweisen.<\/p><p>8.3. Sofern dies zu den vorstehend angef\u00fchrten Verarbeitungs- und\/oder Speicherungszwecken notwendig ist, werden die Daten des Gastes an folgende Kategorien von Empf\u00e4ngern weiterleiten: IT-Dienstleister iZm Buchungsplattform, Hotelgesellschaft, Transportgesellschaft iZm Transfer, allenfalls Flughafengesellschaft sowie Airline, Buchhaltung \/ Steuerberater, bei Buchung von Zusatzleistungen an entsprechende Dienstleister, sofern gesetzlich vorgeschrieben an die jeweiligen Landesstellen \/ Regierungsstellen (u.a. Registrierung von G\u00e4sten zur Erhebung von N\u00e4chtigungstaxen) und innerhalb des Unternehmens zur Bearbeitung allf\u00e4lliger Anfragen \/ Ansuchen.<\/p><p>8.4. Betroffenenrechte: Der Gast kann jederzeit einen formlosen Antrag auf Auskunft seiner Daten, einen Antrag auf Berichtigung seiner, L\u00f6schung seiner Daten, Daten\u00fcbertragbarkeit, Einschr\u00e4nkung der Datenverarbeitung oder sein Widerspruchsrecht gem\u00e4\u00df gesetzlichen Vorgaben an folgende Kontaktadresse senden: reservations@gmundner.africa. Gmundner wird den Antrag innerhalb eines Monats bearbeiten und den Gast \u00fcber die durchgef\u00fchrten Ma\u00dfnahmen informieren. Gmundner bittet um Verst\u00e4ndnis, dass es aufgrund der Komplexit\u00e4t einzelner Antr\u00e4ge oder der Vielzahl von eingelangten Antr\u00e4gen bei der Bearbeitung von Antr\u00e4gen zu einer \u00dcberschreitung der Ein-Monatsfrist kommen kann; der Antrag wird nach Ablauf der Ein-Monats- Frist innerhalb weiterer zwei Monate vollst\u00e4ndig bearbeitet und der Gst \u00fcber die erfolgten Ma\u00dfnahmen nach Abschluss des Bearbeitungsprozesses informiert. Grunds\u00e4tzlich sind Antr\u00e4ge geb\u00fchrenfrei. Gmundner beh\u00e4lt sich jedoch das Recht vor, bei exzessiven oder offensichtlich unbegr\u00fcndeten Antr\u00e4gen, diese nicht oder nur gegen eine Kostengeb\u00fchr in H\u00f6he von NAD 2,300.00 je ben\u00f6tigter Arbeitsstunde zu bearbeiten. Sollten Daten f\u00fcr die Geltendmachung, Aus\u00fcbung oder Verteidigung von Rechtsanspr\u00fcchen oder zur Erf\u00fcllung der Vertragsverpflichtung notwendig sein, kann der Antrag auf L\u00f6schung erst nach Wegfall der zwingend notwendigen Speicherungsgr\u00fcnde bearbeitet werden. In Zweifelsf\u00e4llen beh\u00e4lt sich Gmundner das Recht vor, aus Sicherheitsgr\u00fcnden einen Identit\u00e4tsnachweis zu fordern.<\/p><p>\u00a0<\/p><h3>9. Anwendbares Recht, Gerichtsstandsvereinbarung<\/h3><p><br \/>9.1. Das Vertragsverh\u00e4ltnis zwischen dem Gast und Gmundner (einschlie\u00dflich des Zustandekommens des Vertragsverh\u00e4ltnisses sowie der sich hieraus ergebenden Rechten und Pflichten) unterliegt ausschlie\u00dflich dem namibianischen Rechts, unter Ausschluss der Kollisionsnormen des Internationalen Privatrechts (\u201eIPRG\u201c) sowie des UN-Kaufrechts (\u201eCISG\u201c). Zwingende<\/p><p>Schutzvorschriften des Rechts jenes Staates, in denen der Gast als Verbraucher seinen gew\u00f6hnlichen Aufenthalt hat, bleiben anwendbar.<\/p><p>9.2. Sollte es sich bei der Buchung um ein zweiseitiges Unternehmergesch\u00e4ft handeln, gilt f\u00fcr alle Streitigkeiten aus dieser Gesch\u00e4ftsbeziehung das f\u00fcr den Sitz der Gmundner Lodge Pty Ltd, Farm Waldburg 82, Khomas Region, Dordabis District, Namibia sachlich zust\u00e4ndige Gericht als vereinbart. Ungeachtet dessen ist Gmundner berechtigt, den Gast auch an seinem allgemeinen Gerichtsstand zu klagen. Die vorstehende Gerichtsstandvereinbarung gilt nicht, wenn es sich bei dem Gast um einen Verbraucher handelt.<\/p><p>\u00a0<\/p><h3>10. Sonstiges<\/h3><p><br \/>10.1. Sollten einzelne Bestimmungen dieser Allgemeinen Gesch\u00e4ftsbedingungen unwirksam sein, so ber\u00fchrt dies die Verbindlichkeit der \u00fcbrigen Bestimmungen und der unter ihrer Zugrundelegung geschlossenen Vertr\u00e4ge nicht. Die unwirksame Bestimmung ist durch eine wirksame, die dem Sinn und Zweck am n\u00e4chsten kommt, zu ersetzen.<\/p><p>10.2. Das Rauchen in den Suiten bzw. geschlossenen R\u00e4umen ist untersagt und ist bei Zuwiderhandeln Gmundner berechtigt, einen Schadenersatz f\u00fcr die gesonderten Reinigungskosten iHv NAD 38,200.00 zu verlangen.<\/p><p>10.3. Der Check-In ist am Anreisetag ab 15:00 Uhr m\u00f6glich. Das Zimmer ist am Abreisetag bis l\u00e4ngstens 11:00 Uhr ger\u00e4umt zur\u00fcckzustellen (Check-Out). Es besteht die M\u00f6glichkeit, mit Gmundner ge\u00e4nderte An- und Abreisezeiten zu vereinbaren. Im Falle eines Late-Check-Outs (nach 11:00 Uhr) ist Gmundner berechtigt, f\u00fcr die zus\u00e4tzliche Nutzung des Zimmers eine Geb\u00fchr in H\u00f6he 50% des Tagespreises in Rechnung zu stellen. Eine Zus\u00e4tzliche Nutzung \u00fcber 18:00 Uhr hinaus wird mit 100% des Tagespreises in Abrechnung gebracht. Ein Anspruch auf Late-Check-Out besteht jedenfalls nicht.<\/p><p>10.4. Die Hausordnung ist vom Gast sowie seinen mitreisenden Personen verpflichtend einzuhalten.<\/p>\t\t\t\t\t\t\t\t<\/div>\n\t\t\t\t<\/div>\n\t\t\t\t\t<\/div>\n\t\t<\/div>\n\t\t\t\t\t<\/div>\n\t\t<\/section>\n\t\t\t\t<\/div>\n\t\t","protected":false},"excerpt":{"rendered":"<p>Terms and conditions Allgemeine Gesch\u00e4fts- und Buchungsbedingungen Gmundner Lodge Pty LtdNamibia Stand 01 \/2025 \u00a0 1. Allgemein Diese Allgemeinen Gesch\u00e4fts- und Buchungsbedingungen (nachfolgend \u201eAGB&#8220;) gelten f\u00fcr s\u00e4mtliche Vertrags- und Buchungsverh\u00e4ltnisse, die zwischen der Gmundner Lodge Pty Ltd, Farm Waldburg 82, Khomas Region, Dordabis District, Namibia (nachfolgend kurz \u201eGmundner\u201c) einerseits und dem Gast (nachfolgend kurz \u201eGast\u201c) [&hellip;]<\/p>\n","protected":false},"author":5,"featured_media":0,"parent":0,"menu_order":0,"comment_status":"closed","ping_status":"closed","template":"","meta":{"inline_featured_image":false,"footnotes":""},"class_list":["post-10786","page","type-page","status-publish","hentry"],"_links":{"self":[{"href":"https:\/\/gmundner-lodge.com\/de\/wp-json\/wp\/v2\/pages\/10786","targetHints":{"allow":["GET"]}}],"collection":[{"href":"https:\/\/gmundner-lodge.com\/de\/wp-json\/wp\/v2\/pages"}],"about":[{"href":"https:\/\/gmundner-lodge.com\/de\/wp-json\/wp\/v2\/types\/page"}],"author":[{"embeddable":true,"href":"https:\/\/gmundner-lodge.com\/de\/wp-json\/wp\/v2\/users\/5"}],"replies":[{"embeddable":true,"href":"https:\/\/gmundner-lodge.com\/de\/wp-json\/wp\/v2\/comments?post=10786"}],"version-history":[{"count":0,"href":"https:\/\/gmundner-lodge.com\/de\/wp-json\/wp\/v2\/pages\/10786\/revisions"}],"wp:attachment":[{"href":"https:\/\/gmundner-lodge.com\/de\/wp-json\/wp\/v2\/media?parent=10786"}],"curies":[{"name":"wp","href":"https:\/\/api.w.org\/{rel}","templated":true}]}}