{"id":10503,"date":"2022-08-07T03:50:04","date_gmt":"2022-08-07T01:50:04","guid":{"rendered":"https:\/\/gmundner-lodge.com\/social-responsibility\/"},"modified":"2024-05-23T15:09:18","modified_gmt":"2024-05-23T13:09:18","slug":"soziale-verantwortung","status":"publish","type":"page","link":"https:\/\/gmundner-lodge.com\/de\/soziale-verantwortung\/","title":{"rendered":"Soziale Verantwortung"},"content":{"rendered":"\t\t<div data-elementor-type=\"wp-page\" data-elementor-id=\"10503\" class=\"elementor elementor-10503 elementor-3964\" data-elementor-post-type=\"page\">\n\t\t\t\t\t\t<section class=\"elementor-section elementor-top-section elementor-element elementor-element-9d1cb66 elementor-section-full_width elementor-section-height-min-height elementor-section-items-stretch elementor-hidden-mobile elementor-section-height-default\" data-id=\"9d1cb66\" data-element_type=\"section\" data-e-type=\"section\" data-settings=\"{&quot;motion_fx_motion_fx_scrolling&quot;:&quot;yes&quot;,&quot;background_background&quot;:&quot;video&quot;,&quot;background_video_link&quot;:&quot;https:\\\/\\\/youtu.be\\\/NgSTRaOGHgk&quot;,&quot;background_video_start&quot;:6,&quot;background_play_on_mobile&quot;:&quot;yes&quot;,&quot;motion_fx_devices&quot;:[&quot;desktop&quot;,&quot;tablet&quot;,&quot;mobile&quot;]}\">\n\t\t\t\t\t\t\t\t<div class=\"elementor-background-video-container\">\n\t\t\t\t\t\t\t\t\t\t\t\t\t<div class=\"elementor-background-video-embed\" role=\"presentation\"><\/div>\n\t\t\t\t\t\t\t\t\t\t\t\t<\/div>\n\t\t\t\t\t\t\t\t<div class=\"elementor-container elementor-column-gap-default\">\n\t\t\t\t\t<div class=\"elementor-column elementor-col-100 elementor-top-column elementor-element elementor-element-d95b68a\" data-id=\"d95b68a\" data-element_type=\"column\" data-e-type=\"column\" data-settings=\"{&quot;motion_fx_motion_fx_scrolling&quot;:&quot;yes&quot;,&quot;motion_fx_range&quot;:&quot;page&quot;,&quot;motion_fx_devices&quot;:[&quot;desktop&quot;,&quot;tablet&quot;,&quot;mobile&quot;]}\">\n\t\t\t<div class=\"elementor-widget-wrap elementor-element-populated\">\n\t\t\t\t\t\t<div class=\"elementor-element elementor-element-c1d6bd2 elementor-widget__width-auto elementor-widget elementor-widget-qi_addons_for_elementor_button\" data-id=\"c1d6bd2\" data-element_type=\"widget\" data-e-type=\"widget\" data-widget_type=\"qi_addons_for_elementor_button.default\">\n\t\t\t\t<div class=\"elementor-widget-container\">\n\t\t\t\t\t<a class=\"qodef-shortcode qodef-m qodef-qi-button qodef-html--link qodef-layout--outlined qodef-type--inner-border qodef-hover--reveal qodef--reveal-horizontal qodef-icon--left qodef-hover--icon-move-horizontal-short qodef-inner-border-hover--draw q-draw-one-point\" href=\"https:\/\/vimeo.com\/manage\/videos\/741519538\/bbdb587d60\" target=\"_blank\" rel=\"noopener\">\n\t<span class=\"qodef-m-text\">Watch full video<\/span>\n\t\t<div class=\"qodef-m-inner-border\">\n\t\t\t\t\t<span class=\"qodef-m-border-top\"><\/span>\n\t\t\t<span class=\"qodef-m-border-right\"><\/span>\n\t\t\t<span class=\"qodef-m-border-bottom\"><\/span>\n\t\t\t<span class=\"qodef-m-border-left\"><\/span>\n\t\t\t\t<\/div>\n\t\t\t<div class=\"qodef-m-inner-border qodef-m-inner-border-copy\">\n\t\t\t<span class=\"qodef-m-border-top\"><\/span>\n\t\t\t<span class=\"qodef-m-border-right\"><\/span>\n\t\t\t<span class=\"qodef-m-border-bottom\"><\/span>\n\t\t\t<span class=\"qodef-m-border-left\"><\/span>\n\t\t<\/div>\n\t\t<\/a>\n\t\t\t\t<\/div>\n\t\t\t\t<\/div>\n\t\t\t\t\t<\/div>\n\t\t<\/div>\n\t\t\t\t\t<\/div>\n\t\t<\/section>\n\t\t\t\t<section class=\"elementor-section elementor-top-section elementor-element elementor-element-2b6db142 elementor-section-full_width elementor-section-height-min-height elementor-section-items-stretch elementor-section-height-default\" data-id=\"2b6db142\" data-element_type=\"section\" data-e-type=\"section\">\n\t\t\t\t\t\t<div class=\"elementor-container elementor-column-gap-default\">\n\t\t\t\t\t<div class=\"elementor-column elementor-col-50 elementor-top-column elementor-element elementor-element-146140a7\" data-id=\"146140a7\" data-element_type=\"column\" data-e-type=\"column\">\n\t\t\t<div class=\"elementor-widget-wrap elementor-element-populated\">\n\t\t\t\t\t\t<div class=\"elementor-element elementor-element-70955100 elementor-widget elementor-widget-heading\" data-id=\"70955100\" data-element_type=\"widget\" data-e-type=\"widget\" data-widget_type=\"heading.default\">\n\t\t\t\t<div class=\"elementor-widget-container\">\n\t\t\t\t\t<h1 class=\"elementor-heading-title elementor-size-default\">SOZIALE VERANTWORTUNG <\/h1>\t\t\t\t<\/div>\n\t\t\t\t<\/div>\n\t\t\t\t\t<\/div>\n\t\t<\/div>\n\t\t\t\t<div class=\"elementor-column elementor-col-50 elementor-top-column elementor-element elementor-element-2002aaf2\" data-id=\"2002aaf2\" data-element_type=\"column\" data-e-type=\"column\">\n\t\t\t<div class=\"elementor-widget-wrap elementor-element-populated\">\n\t\t\t\t\t\t<div class=\"elementor-element elementor-element-31741aea elementor-widget elementor-widget-text-editor\" data-id=\"31741aea\" data-element_type=\"widget\" data-e-type=\"widget\" data-widget_type=\"text-editor.default\">\n\t\t\t\t<div class=\"elementor-widget-container\">\n\t\t\t\t\t\t\t\t\t<h2 data-block-id=\"block-92e442d5-c54d-43f4-a78e-f59821e5b869\">Die Gmundner Lodge m\u00f6chte den Gemeinden vor Ort etwas zur\u00fcckgeben, deshalb unterst\u00fctzen wir diese Projekte.<\/h2>\t\t\t\t\t\t\t\t<\/div>\n\t\t\t\t<\/div>\n\t\t\t\t\t<\/div>\n\t\t<\/div>\n\t\t\t\t\t<\/div>\n\t\t<\/section>\n\t\t\t\t<section class=\"elementor-section elementor-top-section elementor-element elementor-element-1a10637 elementor-section-full_width animated-slow elementor-reverse-mobile elementor-section-height-default elementor-section-height-default elementor-invisible\" data-id=\"1a10637\" data-element_type=\"section\" data-e-type=\"section\" data-settings=\"{&quot;animation&quot;:&quot;fadeInUp&quot;}\">\n\t\t\t\t\t\t<div class=\"elementor-container elementor-column-gap-default\">\n\t\t\t\t\t<div class=\"elementor-column elementor-col-50 elementor-top-column elementor-element elementor-element-cb55fad\" data-id=\"cb55fad\" data-element_type=\"column\" data-e-type=\"column\" data-settings=\"{&quot;background_background&quot;:&quot;classic&quot;,&quot;background_motion_fx_motion_fx_scrolling&quot;:&quot;yes&quot;,&quot;background_motion_fx_translateY_effect&quot;:&quot;yes&quot;,&quot;background_motion_fx_translateY_direction&quot;:&quot;negative&quot;,&quot;background_motion_fx_translateY_speed&quot;:{&quot;unit&quot;:&quot;px&quot;,&quot;size&quot;:4,&quot;sizes&quot;:[]},&quot;background_motion_fx_translateY_affectedRange&quot;:{&quot;unit&quot;:&quot;%&quot;,&quot;size&quot;:&quot;&quot;,&quot;sizes&quot;:{&quot;start&quot;:0,&quot;end&quot;:100}},&quot;background_motion_fx_devices&quot;:[&quot;desktop&quot;,&quot;tablet&quot;,&quot;mobile&quot;]}\">\n\t\t\t<div class=\"elementor-widget-wrap elementor-element-populated\">\n\t\t\t\t\t\t<div class=\"elementor-element elementor-element-e016675 elementor-widget-divider--view-line_text elementor-widget-divider--element-align-right elementor-widget elementor-widget-divider\" data-id=\"e016675\" data-element_type=\"widget\" data-e-type=\"widget\" data-widget_type=\"divider.default\">\n\t\t\t\t<div class=\"elementor-widget-container\">\n\t\t\t\t\t\t\t<div class=\"elementor-divider\">\n\t\t\t<span class=\"elementor-divider-separator\">\n\t\t\t\t\t\t\t<span class=\"elementor-divider__text elementor-divider__element\">\n\t\t\t\tSOZIALE VERANTWORTUNG<span style=\"background-color: var( --e-global-color-4b69bb9 ); color: var( --e-global-color-accent );\"><\/span>\t\t\t\t<\/span>\n\t\t\t\t\t\t<\/span>\n\t\t<\/div>\n\t\t\t\t\t\t<\/div>\n\t\t\t\t<\/div>\n\t\t\t\t\t<\/div>\n\t\t<\/div>\n\t\t\t\t<div class=\"elementor-column elementor-col-50 elementor-top-column elementor-element elementor-element-7cde34a\" data-id=\"7cde34a\" data-element_type=\"column\" data-e-type=\"column\" data-settings=\"{&quot;background_background&quot;:&quot;classic&quot;,&quot;background_motion_fx_motion_fx_scrolling&quot;:&quot;yes&quot;,&quot;background_motion_fx_translateY_effect&quot;:&quot;yes&quot;,&quot;background_motion_fx_translateY_direction&quot;:&quot;negative&quot;,&quot;background_motion_fx_translateY_speed&quot;:{&quot;unit&quot;:&quot;px&quot;,&quot;size&quot;:4,&quot;sizes&quot;:[]},&quot;background_motion_fx_translateY_affectedRange&quot;:{&quot;unit&quot;:&quot;%&quot;,&quot;size&quot;:&quot;&quot;,&quot;sizes&quot;:{&quot;start&quot;:0,&quot;end&quot;:100}},&quot;background_motion_fx_devices&quot;:[&quot;desktop&quot;,&quot;tablet&quot;,&quot;mobile&quot;]}\">\n\t\t\t<div class=\"elementor-widget-wrap elementor-element-populated\">\n\t\t\t\t\t\t<div class=\"elementor-element elementor-element-ba35863 elementor-widget elementor-widget-heading\" data-id=\"ba35863\" data-element_type=\"widget\" data-e-type=\"widget\" data-widget_type=\"heading.default\">\n\t\t\t\t<div class=\"elementor-widget-container\">\n\t\t\t\t\t<h2 class=\"elementor-heading-title elementor-size-default\">SAN ART &amp; AID-PROJEKT<\/h2>\t\t\t\t<\/div>\n\t\t\t\t<\/div>\n\t\t\t\t<div class=\"elementor-element elementor-element-488dd7e elementor-widget elementor-widget-text-editor\" data-id=\"488dd7e\" data-element_type=\"widget\" data-e-type=\"widget\" data-widget_type=\"text-editor.default\">\n\t\t\t\t<div class=\"elementor-widget-container\">\n\t\t\t\t\t\t\t\t\t<div data-block-id=\"block-389d7b92-4d82-4e85-8440-c612c5892f53\"><div data-block-id=\"block-389d7b92-4d82-4e85-8440-c612c5892f53\">In der Gmundner Lodge gehen soziales Engagement, Kunst und Tradition Hand in Hand. In Zusammenarbeit mit indigenen San-K\u00fcnstlern aus den Kalahari-Siedlungen Donkerbos und Drimiopsis hat Gmundner Keramik eine einzigartige Kollektion geschaffen, die vom reichen k\u00fcnstlerischen Erbe der San, der indigenen Volksgruppe im s\u00fcdlichen Afrika, inspiriert ist.<\/div><\/div>\t\t\t\t\t\t\t\t<\/div>\n\t\t\t\t<\/div>\n\t\t\t\t<div class=\"elementor-element elementor-element-97ef68f elementor-widget elementor-widget-text-editor\" data-id=\"97ef68f\" data-element_type=\"widget\" data-e-type=\"widget\" data-widget_type=\"text-editor.default\">\n\t\t\t\t<div class=\"elementor-widget-container\">\n\t\t\t\t\t\t\t\t\t<p>Anl\u00e4sslich der Er\u00f6ffnung der Gmundner Lodge haben wir uns mit den San in Namibia zusammengetan und ein soziales Projekt ins Leben gerufen, um die traditionelle Handwerkskunst der San zu pr\u00e4sentieren und ihre Gemeinschaft zu unterst\u00fctzen.<\/p><p>Mit den von Gmundner zur Verf\u00fcgung gestellten Materialien bemalte eine Gruppe talentierter San-K\u00fcnstler Papier und Keramik mit einer Vielzahl von Motiven, Pflanzen, V\u00f6geln und Tieren, die wir dann direkt von den K\u00fcnstlern kauften, um sie im Rahmen der Gmundner Keramik-Kooperation zu verkaufen. Neben der finanziellen Unterst\u00fctzung der Gemeinde spendete die Gmundner Lodge \u00fcber einen Zeitraum von zwei Monaten Lebensmittel und Hygieneartikel, um den Lebensunterhalt in der schlechten Erntezeit zu sichern.<\/p><p>Wir k\u00f6nnen nun auf drei erfolgreiche Workshops mit den SAN zur\u00fcckblicken. Die Unterst\u00fctzung der San ist eine kontinuierliche soziale Initiative, die mit der Gmundner Keramik und unserer Keramikakademie in \u00d6sterreich verbunden ist.<\/p><p>Die Partnerschaft sichert nicht nur eine nachhaltige Lebensgrundlage f\u00fcr die San, sondern f\u00f6rdert auch die k\u00fcnstlerischen Bestrebungen der Gmundner Keramik. Die daraus entstandene SAN Edition spiegelt die Sch\u00f6nheit und Vielfalt Namibias wider und bringt den G\u00e4sten der Gmundner Lodge ein St\u00fcck afrikanisches Ambiente nach Hause. Diese Initiative geht \u00fcber das Angebot einer luxuri\u00f6sen Unterkunft in der namibischen Wildnis hinaus und dient als Plattform f\u00fcr kulturellen Austausch und soziales Engagement, unterst\u00fctzt die lokale Gemeinschaft und bewahrt gleichzeitig k\u00fcnstlerische Traditionen.<\/p>\t\t\t\t\t\t\t\t<\/div>\n\t\t\t\t<\/div>\n\t\t\t\t<div class=\"elementor-element elementor-element-86a1af4 elementor-widget elementor-widget-gallery\" data-id=\"86a1af4\" data-element_type=\"widget\" data-e-type=\"widget\" data-settings=\"{&quot;gallery_layout&quot;:&quot;justified&quot;,&quot;gap&quot;:{&quot;unit&quot;:&quot;px&quot;,&quot;size&quot;:5,&quot;sizes&quot;:[]},&quot;gap_mobile&quot;:{&quot;unit&quot;:&quot;px&quot;,&quot;size&quot;:5,&quot;sizes&quot;:[]},&quot;image_hover_animation&quot;:&quot;move-contained-top&quot;,&quot;content_hover_animation&quot;:&quot;enter-from-top&quot;,&quot;content_sequenced_animation&quot;:&quot;yes&quot;,&quot;ideal_row_height_mobile&quot;:{&quot;unit&quot;:&quot;px&quot;,&quot;size&quot;:130,&quot;sizes&quot;:[]},&quot;lazyload&quot;:&quot;yes&quot;,&quot;ideal_row_height&quot;:{&quot;unit&quot;:&quot;px&quot;,&quot;size&quot;:200,&quot;sizes&quot;:[]},&quot;ideal_row_height_tablet&quot;:{&quot;unit&quot;:&quot;px&quot;,&quot;size&quot;:150,&quot;sizes&quot;:[]},&quot;gap_tablet&quot;:{&quot;unit&quot;:&quot;px&quot;,&quot;size&quot;:10,&quot;sizes&quot;:[]},&quot;link_to&quot;:&quot;file&quot;}\" data-widget_type=\"gallery.default\">\n\t\t\t\t<div class=\"elementor-widget-container\">\n\t\t\t\t\t\t\t<div class=\"elementor-gallery__container\">\n\t\t\t\t\t\t\t<a class=\"e-gallery-item elementor-gallery-item elementor-animated-content\" href=\"https:\/\/gmundner-lodge.com\/wp-content\/uploads\/\u00a9-Gmundner-LodgeTaryn-Germishuizen_Outreach_24.jpg\" data-elementor-open-lightbox=\"yes\" data-elementor-lightbox-slideshow=\"86a1af4\" data-e-action-hash=\"#elementor-action%3Aaction%3Dlightbox%26settings%3DeyJpZCI6MTUzOTAsInVybCI6Imh0dHBzOlwvXC9nbXVuZG5lci1sb2RnZS5jb21cL3dwLWNvbnRlbnRcL3VwbG9hZHNcL1x1MDBhOS1HbXVuZG5lci1Mb2RnZVRhcnluLUdlcm1pc2h1aXplbl9PdXRyZWFjaF8yNC5qcGciLCJzbGlkZXNob3ciOiI4NmExYWY0In0%3D\">\n\t\t\t\t\t<div class=\"e-gallery-image elementor-gallery-item__image\" data-thumbnail=\"https:\/\/gmundner-lodge.com\/wp-content\/uploads\/\u00a9-Gmundner-LodgeTaryn-Germishuizen_Outreach_24-768x1152.jpg\" data-width=\"768\" data-height=\"1152\" aria-label=\"\" role=\"img\" ><\/div>\n\t\t\t\t\t\t\t\t\t\t\t\t\t\t<\/a>\n\t\t\t\t\t\t\t<a class=\"e-gallery-item elementor-gallery-item elementor-animated-content\" href=\"https:\/\/gmundner-lodge.com\/wp-content\/uploads\/\u00a9-Gmundner-LodgeTaryn-Germishuizen_Outreach_51.jpg\" data-elementor-open-lightbox=\"yes\" data-elementor-lightbox-slideshow=\"86a1af4\" data-e-action-hash=\"#elementor-action%3Aaction%3Dlightbox%26settings%3DeyJpZCI6MTU0MDYsInVybCI6Imh0dHBzOlwvXC9nbXVuZG5lci1sb2RnZS5jb21cL3dwLWNvbnRlbnRcL3VwbG9hZHNcL1x1MDBhOS1HbXVuZG5lci1Mb2RnZVRhcnluLUdlcm1pc2h1aXplbl9PdXRyZWFjaF81MS5qcGciLCJzbGlkZXNob3ciOiI4NmExYWY0In0%3D\">\n\t\t\t\t\t<div class=\"e-gallery-image elementor-gallery-item__image\" data-thumbnail=\"https:\/\/gmundner-lodge.com\/wp-content\/uploads\/\u00a9-Gmundner-LodgeTaryn-Germishuizen_Outreach_51-768x512.jpg\" data-width=\"768\" data-height=\"512\" aria-label=\"\" role=\"img\" ><\/div>\n\t\t\t\t\t\t\t\t\t\t\t\t\t\t<\/a>\n\t\t\t\t\t\t\t<a class=\"e-gallery-item elementor-gallery-item elementor-animated-content\" href=\"https:\/\/gmundner-lodge.com\/wp-content\/uploads\/\u00a9-Gmundner-LodgeTaryn-Germishuizen_Outreach_65.jpg\" data-elementor-open-lightbox=\"yes\" data-elementor-lightbox-slideshow=\"86a1af4\" data-e-action-hash=\"#elementor-action%3Aaction%3Dlightbox%26settings%3DeyJpZCI6MTU0MTAsInVybCI6Imh0dHBzOlwvXC9nbXVuZG5lci1sb2RnZS5jb21cL3dwLWNvbnRlbnRcL3VwbG9hZHNcL1x1MDBhOS1HbXVuZG5lci1Mb2RnZVRhcnluLUdlcm1pc2h1aXplbl9PdXRyZWFjaF82NS5qcGciLCJzbGlkZXNob3ciOiI4NmExYWY0In0%3D\">\n\t\t\t\t\t<div class=\"e-gallery-image elementor-gallery-item__image\" data-thumbnail=\"https:\/\/gmundner-lodge.com\/wp-content\/uploads\/\u00a9-Gmundner-LodgeTaryn-Germishuizen_Outreach_65-768x432.jpg\" data-width=\"768\" data-height=\"432\" aria-label=\"\" role=\"img\" ><\/div>\n\t\t\t\t\t\t\t\t\t\t\t\t\t\t<\/a>\n\t\t\t\t\t\t\t<a class=\"e-gallery-item elementor-gallery-item elementor-animated-content\" href=\"https:\/\/gmundner-lodge.com\/wp-content\/uploads\/0W0A8870.jpg\" data-elementor-open-lightbox=\"yes\" data-elementor-lightbox-slideshow=\"86a1af4\" data-e-action-hash=\"#elementor-action%3Aaction%3Dlightbox%26settings%3DeyJpZCI6MTU0MTIsInVybCI6Imh0dHBzOlwvXC9nbXVuZG5lci1sb2RnZS5jb21cL3dwLWNvbnRlbnRcL3VwbG9hZHNcLzBXMEE4ODcwLmpwZyIsInNsaWRlc2hvdyI6Ijg2YTFhZjQifQ%3D%3D\">\n\t\t\t\t\t<div class=\"e-gallery-image elementor-gallery-item__image\" data-thumbnail=\"https:\/\/gmundner-lodge.com\/wp-content\/uploads\/0W0A8870-768x512.jpg\" data-width=\"768\" data-height=\"512\" aria-label=\"\" role=\"img\" ><\/div>\n\t\t\t\t\t\t\t\t\t\t\t\t\t\t<\/a>\n\t\t\t\t\t\t\t<a class=\"e-gallery-item elementor-gallery-item elementor-animated-content\" href=\"https:\/\/gmundner-lodge.com\/wp-content\/uploads\/\u00a9-Gmundner-LodgeTaryn-Germishuizen_Outreach_15.jpg\" data-elementor-open-lightbox=\"yes\" data-elementor-lightbox-slideshow=\"86a1af4\" data-e-action-hash=\"#elementor-action%3Aaction%3Dlightbox%26settings%3DeyJpZCI6MTUzODYsInVybCI6Imh0dHBzOlwvXC9nbXVuZG5lci1sb2RnZS5jb21cL3dwLWNvbnRlbnRcL3VwbG9hZHNcL1x1MDBhOS1HbXVuZG5lci1Mb2RnZVRhcnluLUdlcm1pc2h1aXplbl9PdXRyZWFjaF8xNS5qcGciLCJzbGlkZXNob3ciOiI4NmExYWY0In0%3D\">\n\t\t\t\t\t<div class=\"e-gallery-image elementor-gallery-item__image\" data-thumbnail=\"https:\/\/gmundner-lodge.com\/wp-content\/uploads\/\u00a9-Gmundner-LodgeTaryn-Germishuizen_Outreach_15-768x1152.jpg\" data-width=\"768\" data-height=\"1152\" aria-label=\"\" role=\"img\" ><\/div>\n\t\t\t\t\t\t\t\t\t\t\t\t\t\t<\/a>\n\t\t\t\t\t\t\t<a class=\"e-gallery-item elementor-gallery-item elementor-animated-content\" href=\"https:\/\/gmundner-lodge.com\/wp-content\/uploads\/\u00a9-Gmundner-LodgeTaryn-Germishuizen_Outreach_30.jpg\" data-elementor-open-lightbox=\"yes\" data-elementor-lightbox-slideshow=\"86a1af4\" data-e-action-hash=\"#elementor-action%3Aaction%3Dlightbox%26settings%3DeyJpZCI6MTUzOTQsInVybCI6Imh0dHBzOlwvXC9nbXVuZG5lci1sb2RnZS5jb21cL3dwLWNvbnRlbnRcL3VwbG9hZHNcL1x1MDBhOS1HbXVuZG5lci1Mb2RnZVRhcnluLUdlcm1pc2h1aXplbl9PdXRyZWFjaF8zMC5qcGciLCJzbGlkZXNob3ciOiI4NmExYWY0In0%3D\">\n\t\t\t\t\t<div class=\"e-gallery-image elementor-gallery-item__image\" data-thumbnail=\"https:\/\/gmundner-lodge.com\/wp-content\/uploads\/\u00a9-Gmundner-LodgeTaryn-Germishuizen_Outreach_30-768x1152.jpg\" data-width=\"768\" data-height=\"1152\" aria-label=\"\" role=\"img\" ><\/div>\n\t\t\t\t\t\t\t\t\t\t\t\t\t\t<\/a>\n\t\t\t\t\t\t\t<a class=\"e-gallery-item elementor-gallery-item elementor-animated-content\" href=\"https:\/\/gmundner-lodge.com\/wp-content\/uploads\/\u00a9-Gmundner-LodgeTaryn-Germishuizen_Outreach_14.jpg\" data-elementor-open-lightbox=\"yes\" data-elementor-lightbox-slideshow=\"86a1af4\" data-e-action-hash=\"#elementor-action%3Aaction%3Dlightbox%26settings%3DeyJpZCI6MTUzODAsInVybCI6Imh0dHBzOlwvXC9nbXVuZG5lci1sb2RnZS5jb21cL3dwLWNvbnRlbnRcL3VwbG9hZHNcL1x1MDBhOS1HbXVuZG5lci1Mb2RnZVRhcnluLUdlcm1pc2h1aXplbl9PdXRyZWFjaF8xNC5qcGciLCJzbGlkZXNob3ciOiI4NmExYWY0In0%3D\">\n\t\t\t\t\t<div class=\"e-gallery-image elementor-gallery-item__image\" data-thumbnail=\"https:\/\/gmundner-lodge.com\/wp-content\/uploads\/\u00a9-Gmundner-LodgeTaryn-Germishuizen_Outreach_14-768x1152.jpg\" data-width=\"768\" data-height=\"1152\" aria-label=\"\" role=\"img\" ><\/div>\n\t\t\t\t\t\t\t\t\t\t\t\t\t\t<\/a>\n\t\t\t\t\t\t\t<a class=\"e-gallery-item elementor-gallery-item elementor-animated-content\" href=\"https:\/\/gmundner-lodge.com\/wp-content\/uploads\/\u00a9-Gmundner-LodgeTaryn-Germishuizen_Outreach_38.jpg\" data-elementor-open-lightbox=\"yes\" data-elementor-lightbox-slideshow=\"86a1af4\" data-e-action-hash=\"#elementor-action%3Aaction%3Dlightbox%26settings%3DeyJpZCI6MTUzOTgsInVybCI6Imh0dHBzOlwvXC9nbXVuZG5lci1sb2RnZS5jb21cL3dwLWNvbnRlbnRcL3VwbG9hZHNcL1x1MDBhOS1HbXVuZG5lci1Mb2RnZVRhcnluLUdlcm1pc2h1aXplbl9PdXRyZWFjaF8zOC5qcGciLCJzbGlkZXNob3ciOiI4NmExYWY0In0%3D\">\n\t\t\t\t\t<div class=\"e-gallery-image elementor-gallery-item__image\" data-thumbnail=\"https:\/\/gmundner-lodge.com\/wp-content\/uploads\/\u00a9-Gmundner-LodgeTaryn-Germishuizen_Outreach_38-768x512.jpg\" data-width=\"768\" data-height=\"512\" aria-label=\"\" role=\"img\" ><\/div>\n\t\t\t\t\t\t\t\t\t\t\t\t\t\t<\/a>\n\t\t\t\t\t\t\t<a class=\"e-gallery-item elementor-gallery-item elementor-animated-content\" href=\"https:\/\/gmundner-lodge.com\/wp-content\/uploads\/\u00a9-Gmundner-LodgeTaryn-Germishuizen_Outreach_47.jpg\" data-elementor-open-lightbox=\"yes\" data-elementor-lightbox-slideshow=\"86a1af4\" data-e-action-hash=\"#elementor-action%3Aaction%3Dlightbox%26settings%3DeyJpZCI6MTU0MDIsInVybCI6Imh0dHBzOlwvXC9nbXVuZG5lci1sb2RnZS5jb21cL3dwLWNvbnRlbnRcL3VwbG9hZHNcL1x1MDBhOS1HbXVuZG5lci1Mb2RnZVRhcnluLUdlcm1pc2h1aXplbl9PdXRyZWFjaF80Ny5qcGciLCJzbGlkZXNob3ciOiI4NmExYWY0In0%3D\">\n\t\t\t\t\t<div class=\"e-gallery-image elementor-gallery-item__image\" data-thumbnail=\"https:\/\/gmundner-lodge.com\/wp-content\/uploads\/\u00a9-Gmundner-LodgeTaryn-Germishuizen_Outreach_47-768x512.jpg\" data-width=\"768\" data-height=\"512\" aria-label=\"\" role=\"img\" ><\/div>\n\t\t\t\t\t\t\t\t\t\t\t\t\t\t<\/a>\n\t\t\t\t\t\t\t<a class=\"e-gallery-item elementor-gallery-item elementor-animated-content\" href=\"https:\/\/gmundner-lodge.com\/wp-content\/uploads\/\u00a9-Gmundner-LodgeTaryn-Germishuizen_Outreach_12.jpg\" data-elementor-open-lightbox=\"yes\" data-elementor-lightbox-slideshow=\"86a1af4\" data-e-action-hash=\"#elementor-action%3Aaction%3Dlightbox%26settings%3DeyJpZCI6MTUzNzYsInVybCI6Imh0dHBzOlwvXC9nbXVuZG5lci1sb2RnZS5jb21cL3dwLWNvbnRlbnRcL3VwbG9hZHNcL1x1MDBhOS1HbXVuZG5lci1Mb2RnZVRhcnluLUdlcm1pc2h1aXplbl9PdXRyZWFjaF8xMi5qcGciLCJzbGlkZXNob3ciOiI4NmExYWY0In0%3D\">\n\t\t\t\t\t<div class=\"e-gallery-image elementor-gallery-item__image\" data-thumbnail=\"https:\/\/gmundner-lodge.com\/wp-content\/uploads\/\u00a9-Gmundner-LodgeTaryn-Germishuizen_Outreach_12-768x512.jpg\" data-width=\"768\" data-height=\"512\" aria-label=\"\" role=\"img\" ><\/div>\n\t\t\t\t\t\t\t\t\t\t\t\t\t\t<\/a>\n\t\t\t\t\t<\/div>\n\t\t\t\t\t<\/div>\n\t\t\t\t<\/div>\n\t\t\t\t\t<\/div>\n\t\t<\/div>\n\t\t\t\t\t<\/div>\n\t\t<\/section>\n\t\t\t\t<\/div>\n\t\t","protected":false},"excerpt":{"rendered":"<p>Watch full video SOZIALE VERANTWORTUNG Die Gmundner Lodge m\u00f6chte den Gemeinden vor Ort etwas zur\u00fcckgeben, deshalb unterst\u00fctzen wir diese Projekte. SOZIALE VERANTWORTUNG SAN ART &#038; AID-PROJEKT In der Gmundner Lodge gehen soziales Engagement, Kunst und Tradition Hand in Hand. In Zusammenarbeit mit indigenen San-K\u00fcnstlern aus den Kalahari-Siedlungen Donkerbos und Drimiopsis hat Gmundner Keramik eine einzigartige [&hellip;]<\/p>\n","protected":false},"author":5,"featured_media":9702,"parent":0,"menu_order":0,"comment_status":"closed","ping_status":"closed","template":"elementor_header_footer","meta":{"inline_featured_image":false,"footnotes":""},"class_list":["post-10503","page","type-page","status-publish","has-post-thumbnail","hentry"],"_links":{"self":[{"href":"https:\/\/gmundner-lodge.com\/de\/wp-json\/wp\/v2\/pages\/10503","targetHints":{"allow":["GET"]}}],"collection":[{"href":"https:\/\/gmundner-lodge.com\/de\/wp-json\/wp\/v2\/pages"}],"about":[{"href":"https:\/\/gmundner-lodge.com\/de\/wp-json\/wp\/v2\/types\/page"}],"author":[{"embeddable":true,"href":"https:\/\/gmundner-lodge.com\/de\/wp-json\/wp\/v2\/users\/5"}],"replies":[{"embeddable":true,"href":"https:\/\/gmundner-lodge.com\/de\/wp-json\/wp\/v2\/comments?post=10503"}],"version-history":[{"count":0,"href":"https:\/\/gmundner-lodge.com\/de\/wp-json\/wp\/v2\/pages\/10503\/revisions"}],"wp:featuredmedia":[{"embeddable":true,"href":"https:\/\/gmundner-lodge.com\/de\/wp-json\/wp\/v2\/media\/9702"}],"wp:attachment":[{"href":"https:\/\/gmundner-lodge.com\/de\/wp-json\/wp\/v2\/media?parent=10503"}],"curies":[{"name":"wp","href":"https:\/\/api.w.org\/{rel}","templated":true}]}}