{"id":10479,"date":"2022-08-19T23:52:47","date_gmt":"2022-08-19T21:52:47","guid":{"rendered":"https:\/\/gmundner-lodge.com\/our-vision\/"},"modified":"2024-03-28T16:04:18","modified_gmt":"2024-03-28T14:04:18","slug":"our-vision","status":"publish","type":"page","link":"https:\/\/gmundner-lodge.com\/de\/our-vision\/","title":{"rendered":"Unsere Vision"},"content":{"rendered":"\t\t<div data-elementor-type=\"wp-page\" data-elementor-id=\"10479\" class=\"elementor elementor-10479 elementor-4697\" data-elementor-post-type=\"page\">\n\t\t\t\t\t\t<section class=\"elementor-section elementor-top-section elementor-element elementor-element-57a6e4de elementor-section-full_width elementor-section-height-min-height elementor-section-items-stretch elementor-hidden-mobile elementor-section-height-default\" data-id=\"57a6e4de\" data-element_type=\"section\" data-e-type=\"section\" data-settings=\"{&quot;motion_fx_motion_fx_scrolling&quot;:&quot;yes&quot;,&quot;background_background&quot;:&quot;slideshow&quot;,&quot;background_slideshow_gallery&quot;:[{&quot;id&quot;:5110,&quot;url&quot;:&quot;https:\\\/\\\/gmundner-lodge.com\\\/wp-content\\\/uploads\\\/2022\\\/08\\\/crowd-m-italy-srl.jpg&quot;},{&quot;id&quot;:5115,&quot;url&quot;:&quot;https:\\\/\\\/gmundner-lodge.com\\\/wp-content\\\/uploads\\\/2022\\\/08\\\/gmundner-lodge-namibia-grassland.jpeg&quot;},{&quot;id&quot;:5995,&quot;url&quot;:&quot;https:\\\/\\\/gmundner-lodge.com\\\/wp-content\\\/uploads\\\/2022\\\/08\\\/shoe.jpeg&quot;},{&quot;id&quot;:5113,&quot;url&quot;:&quot;https:\\\/\\\/gmundner-lodge.com\\\/wp-content\\\/uploads\\\/2022\\\/08\\\/tundra.jpeg&quot;}],&quot;background_slideshow_transition_duration&quot;:1000,&quot;background_slideshow_loop&quot;:&quot;yes&quot;,&quot;background_slideshow_slide_duration&quot;:5000,&quot;background_slideshow_slide_transition&quot;:&quot;fade&quot;,&quot;motion_fx_devices&quot;:[&quot;desktop&quot;,&quot;tablet&quot;,&quot;mobile&quot;]}\">\n\t\t\t\t\t\t<div class=\"elementor-container elementor-column-gap-default\">\n\t\t\t\t\t<div class=\"elementor-column elementor-col-100 elementor-top-column elementor-element elementor-element-56b28ac5\" data-id=\"56b28ac5\" data-element_type=\"column\" data-e-type=\"column\" data-settings=\"{&quot;motion_fx_motion_fx_scrolling&quot;:&quot;yes&quot;,&quot;motion_fx_range&quot;:&quot;page&quot;,&quot;motion_fx_devices&quot;:[&quot;desktop&quot;,&quot;tablet&quot;,&quot;mobile&quot;]}\">\n\t\t\t<div class=\"elementor-widget-wrap elementor-element-populated\">\n\t\t\t\t\t\t<div class=\"elementor-element elementor-element-71468dbc elementor-widget elementor-widget-spacer\" data-id=\"71468dbc\" data-element_type=\"widget\" data-e-type=\"widget\" data-widget_type=\"spacer.default\">\n\t\t\t\t<div class=\"elementor-widget-container\">\n\t\t\t\t\t\t\t<div class=\"elementor-spacer\">\n\t\t\t<div class=\"elementor-spacer-inner\"><\/div>\n\t\t<\/div>\n\t\t\t\t\t\t<\/div>\n\t\t\t\t<\/div>\n\t\t\t\t\t<\/div>\n\t\t<\/div>\n\t\t\t\t\t<\/div>\n\t\t<\/section>\n\t\t\t\t<section class=\"elementor-section elementor-top-section elementor-element elementor-element-233ce184 elementor-section-full_width elementor-section-height-min-height elementor-section-items-stretch elementor-section-height-default\" data-id=\"233ce184\" data-element_type=\"section\" data-e-type=\"section\" data-settings=\"{&quot;background_background&quot;:&quot;classic&quot;}\">\n\t\t\t\t\t\t<div class=\"elementor-container elementor-column-gap-default\">\n\t\t\t\t\t<div class=\"elementor-column elementor-col-50 elementor-top-column elementor-element elementor-element-19849662\" data-id=\"19849662\" data-element_type=\"column\" data-e-type=\"column\">\n\t\t\t<div class=\"elementor-widget-wrap elementor-element-populated\">\n\t\t\t\t\t\t<div class=\"elementor-element elementor-element-6782e3bd elementor-widget elementor-widget-heading\" data-id=\"6782e3bd\" data-element_type=\"widget\" data-e-type=\"widget\" data-widget_type=\"heading.default\">\n\t\t\t\t<div class=\"elementor-widget-container\">\n\t\t\t\t\t<h2 class=\"elementor-heading-title elementor-size-default\">UNSERE VERPFLICHTUNG ZUR NACHHALTIGKEIT<\/h2>\t\t\t\t<\/div>\n\t\t\t\t<\/div>\n\t\t\t\t\t<\/div>\n\t\t<\/div>\n\t\t\t\t<div class=\"elementor-column elementor-col-50 elementor-top-column elementor-element elementor-element-1da6fb56\" data-id=\"1da6fb56\" data-element_type=\"column\" data-e-type=\"column\">\n\t\t\t<div class=\"elementor-widget-wrap elementor-element-populated\">\n\t\t\t\t\t\t<div class=\"elementor-element elementor-element-7323736f elementor-widget elementor-widget-text-editor\" data-id=\"7323736f\" data-element_type=\"widget\" data-e-type=\"widget\" data-widget_type=\"text-editor.default\">\n\t\t\t\t<div class=\"elementor-widget-container\">\n\t\t\t\t\t\t\t\t\t<div class=\"ql-block\" data-block-id=\"block-92e442d5-c54d-43f4-a78e-f59821e5b869\">Die Gmundner Lodge hat es sich zum Ziel gesetzt, ihren G\u00e4sten ein einzigartiges und luxuri\u00f6ses Erlebnis in der Wildnis Namibias zu bieten, das die Menschen zur\u00fcck zur Natur f\u00fchrt und dabei die nat\u00fcrliche Umwelt und das kulturelle Umfeld so wenig wie m\u00f6glich beeintr\u00e4chtigt.<\/div>\t\t\t\t\t\t\t\t<\/div>\n\t\t\t\t<\/div>\n\t\t\t\t\t<\/div>\n\t\t<\/div>\n\t\t\t\t\t<\/div>\n\t\t<\/section>\n\t\t\t\t<section class=\"elementor-section elementor-top-section elementor-element elementor-element-518bce49 elementor-section-full_width animated-slow elementor-section-height-default elementor-section-height-default elementor-invisible\" data-id=\"518bce49\" data-element_type=\"section\" data-e-type=\"section\" data-settings=\"{&quot;animation&quot;:&quot;fadeInUp&quot;}\">\n\t\t\t\t\t\t<div class=\"elementor-container elementor-column-gap-default\">\n\t\t\t\t\t<div class=\"elementor-column elementor-col-33 elementor-top-column elementor-element elementor-element-5f2cbb8d\" data-id=\"5f2cbb8d\" data-element_type=\"column\" data-e-type=\"column\" data-settings=\"{&quot;background_background&quot;:&quot;classic&quot;,&quot;background_motion_fx_motion_fx_scrolling&quot;:&quot;yes&quot;,&quot;background_motion_fx_translateY_effect&quot;:&quot;yes&quot;,&quot;background_motion_fx_translateY_direction&quot;:&quot;negative&quot;,&quot;background_motion_fx_translateY_speed&quot;:{&quot;unit&quot;:&quot;px&quot;,&quot;size&quot;:4,&quot;sizes&quot;:[]},&quot;background_motion_fx_translateY_affectedRange&quot;:{&quot;unit&quot;:&quot;%&quot;,&quot;size&quot;:&quot;&quot;,&quot;sizes&quot;:{&quot;start&quot;:0,&quot;end&quot;:100}},&quot;background_motion_fx_devices&quot;:[&quot;desktop&quot;,&quot;tablet&quot;,&quot;mobile&quot;]}\">\n\t\t\t<div class=\"elementor-widget-wrap elementor-element-populated\">\n\t\t\t\t\t\t<div class=\"elementor-element elementor-element-1d6b391a elementor-widget-divider--view-line_text elementor-widget-divider--element-align-right elementor-widget elementor-widget-divider\" data-id=\"1d6b391a\" data-element_type=\"widget\" data-e-type=\"widget\" data-widget_type=\"divider.default\">\n\t\t\t\t<div class=\"elementor-widget-container\">\n\t\t\t\t\t\t\t<div class=\"elementor-divider\">\n\t\t\t<span class=\"elementor-divider-separator\">\n\t\t\t\t\t\t\t<span class=\"elementor-divider__text elementor-divider__element\">\n\t\t\t\tDIE Gmundner Vision\t\t\t\t<\/span>\n\t\t\t\t\t\t<\/span>\n\t\t<\/div>\n\t\t\t\t\t\t<\/div>\n\t\t\t\t<\/div>\n\t\t\t\t\t<\/div>\n\t\t<\/div>\n\t\t\t\t<div class=\"elementor-column elementor-col-66 elementor-top-column elementor-element elementor-element-764b6851\" data-id=\"764b6851\" data-element_type=\"column\" data-e-type=\"column\" data-settings=\"{&quot;background_background&quot;:&quot;classic&quot;,&quot;background_motion_fx_motion_fx_scrolling&quot;:&quot;yes&quot;,&quot;background_motion_fx_translateY_effect&quot;:&quot;yes&quot;,&quot;background_motion_fx_translateY_direction&quot;:&quot;negative&quot;,&quot;background_motion_fx_translateY_speed&quot;:{&quot;unit&quot;:&quot;px&quot;,&quot;size&quot;:4,&quot;sizes&quot;:[]},&quot;background_motion_fx_translateY_affectedRange&quot;:{&quot;unit&quot;:&quot;%&quot;,&quot;size&quot;:&quot;&quot;,&quot;sizes&quot;:{&quot;start&quot;:0,&quot;end&quot;:100}},&quot;background_motion_fx_devices&quot;:[&quot;desktop&quot;,&quot;tablet&quot;,&quot;mobile&quot;]}\">\n\t\t\t<div class=\"elementor-widget-wrap elementor-element-populated\">\n\t\t\t\t\t\t<div class=\"elementor-element elementor-element-4f4bbe43 elementor-widget elementor-widget-text-editor\" data-id=\"4f4bbe43\" data-element_type=\"widget\" data-e-type=\"widget\" data-widget_type=\"text-editor.default\">\n\t\t\t\t<div class=\"elementor-widget-container\">\n\t\t\t\t\t\t\t\t\t<div data-block-id=\"block-389d7b92-4d82-4e85-8440-c612c5892f53\"><em>Wir sind uns bewusst, dass das Land, das wir bewirtschaften, eine tiefe kulturelle Bedeutung f\u00fcr die Menschen in Namibia hat. Als H\u00fcter dieses sensiblen \u00d6kosystems tragen wir eine gro\u00dfe Verantwortung, unsere nat\u00fcrliche Umwelt zu sch\u00fctzen und zu erhalten.<\/em><\/div>\t\t\t\t\t\t\t\t<\/div>\n\t\t\t\t<\/div>\n\t\t\t\t\t<\/div>\n\t\t<\/div>\n\t\t\t\t\t<\/div>\n\t\t<\/section>\n\t\t\t\t<section class=\"elementor-section elementor-top-section elementor-element elementor-element-15305fa3 elementor-section-full_width elementor-section-height-default elementor-section-height-default\" data-id=\"15305fa3\" data-element_type=\"section\" data-e-type=\"section\" data-settings=\"{&quot;background_background&quot;:&quot;classic&quot;}\">\n\t\t\t\t\t\t<div class=\"elementor-container elementor-column-gap-default\">\n\t\t\t\t\t<div class=\"elementor-column elementor-col-33 elementor-top-column elementor-element elementor-element-5b502b6b\" data-id=\"5b502b6b\" data-element_type=\"column\" data-e-type=\"column\" data-settings=\"{&quot;background_background&quot;:&quot;classic&quot;}\">\n\t\t\t<div class=\"elementor-widget-wrap elementor-element-populated\">\n\t\t\t\t\t\t<div class=\"elementor-element elementor-element-0b64742 elementor-widget elementor-widget-spacer\" data-id=\"0b64742\" data-element_type=\"widget\" data-e-type=\"widget\" data-widget_type=\"spacer.default\">\n\t\t\t\t<div class=\"elementor-widget-container\">\n\t\t\t\t\t\t\t<div class=\"elementor-spacer\">\n\t\t\t<div class=\"elementor-spacer-inner\"><\/div>\n\t\t<\/div>\n\t\t\t\t\t\t<\/div>\n\t\t\t\t<\/div>\n\t\t\t\t\t<\/div>\n\t\t<\/div>\n\t\t\t\t<div class=\"elementor-column elementor-col-66 elementor-top-column elementor-element elementor-element-96f7bd7\" data-id=\"96f7bd7\" data-element_type=\"column\" data-e-type=\"column\" data-settings=\"{&quot;background_background&quot;:&quot;classic&quot;}\">\n\t\t\t<div class=\"elementor-widget-wrap elementor-element-populated\">\n\t\t\t\t\t\t<div class=\"elementor-element elementor-element-cb7192e elementor-widget elementor-widget-heading\" data-id=\"cb7192e\" data-element_type=\"widget\" data-e-type=\"widget\" data-widget_type=\"heading.default\">\n\t\t\t\t<div class=\"elementor-widget-container\">\n\t\t\t\t\t<h2 class=\"elementor-heading-title elementor-size-default\">KULTURELLE NACHHALTIGKEIT UND ST\u00c4RKUNG DER GEMEINSCHAFT<\/h2>\t\t\t\t<\/div>\n\t\t\t\t<\/div>\n\t\t\t\t<div class=\"elementor-element elementor-element-32ceb64 elementor-widget-divider--view-line_text elementor-widget-divider--element-align-left elementor-widget elementor-widget-divider\" data-id=\"32ceb64\" data-element_type=\"widget\" data-e-type=\"widget\" data-widget_type=\"divider.default\">\n\t\t\t\t<div class=\"elementor-widget-container\">\n\t\t\t\t\t\t\t<div class=\"elementor-divider\">\n\t\t\t<span class=\"elementor-divider-separator\">\n\t\t\t\t\t\t\t<span class=\"elementor-divider__text elementor-divider__element\">\n\t\t\t\t\u00dcber Gmundner\t\t\t\t<\/span>\n\t\t\t\t\t\t<\/span>\n\t\t<\/div>\n\t\t\t\t\t\t<\/div>\n\t\t\t\t<\/div>\n\t\t\t\t<div class=\"elementor-element elementor-element-a0d76db elementor-widget elementor-widget-text-editor\" data-id=\"a0d76db\" data-element_type=\"widget\" data-e-type=\"widget\" data-widget_type=\"text-editor.default\">\n\t\t\t\t<div class=\"elementor-widget-container\">\n\t\t\t\t\t\t\t\t\t<div data-block-id=\"block-191412ed-7872-4145-b88a-6c468c366f4f\">Unsere Mitarbeiterinnen und Mitarbeiter stehen im Mittelpunkt unseres Handelns und wir sind bestrebt, ihr Leben und das ihrer Familien positiv zu gestalten.<\/div>\t\t\t\t\t\t\t\t<\/div>\n\t\t\t\t<\/div>\n\t\t\t\t<div class=\"elementor-element elementor-element-27e06e1 elementor-widget elementor-widget-text-editor\" data-id=\"27e06e1\" data-element_type=\"widget\" data-e-type=\"widget\" data-widget_type=\"text-editor.default\">\n\t\t\t\t<div class=\"elementor-widget-container\">\n\t\t\t\t\t\t\t\t\t<div data-block-id=\"block-191412ed-7872-4145-b88a-6c468c366f4f\">Durch unsere Investitionen in den Tourismus engagieren wir uns f\u00fcr die Schaffung von Arbeitspl\u00e4tzen, die Entwicklung der Gemeinden, die Bereitstellung sozialer Dienstleistungen und die Erhaltung der lokalen Kultur und Tradition. Die Gmundner Lodge m\u00f6chte Reisenden aus aller Welt die kulturelle Vielfalt Namibias n\u00e4her bringen. Durch verschiedene wichtige Gemeinschaftsprojekte und G\u00e4steerlebnisse sollen sinnvolle Kontakte und kultureller Austausch initiiert werden.<\/div>\t\t\t\t\t\t\t\t<\/div>\n\t\t\t\t<\/div>\n\t\t\t\t<div class=\"elementor-element elementor-element-f882be4 elementor-widget elementor-widget-text-editor\" data-id=\"f882be4\" data-element_type=\"widget\" data-e-type=\"widget\" data-widget_type=\"text-editor.default\">\n\t\t\t\t<div class=\"elementor-widget-container\">\n\t\t\t\t\t\t\t\t\t<div data-block-id=\"block-191412ed-7872-4145-b88a-6c468c366f4f\"><p class=\"ql-block\" data-block-id=\"block-bb6be864-f4ab-4274-bdf6-513d95aa9e1d\">Die Gmundner Lodge und die damit verbundenen Projekte schaffen wertvolle M\u00f6glichkeiten zum Austausch von F\u00e4higkeiten und Wissen in folgenden Bereichen:<\/p><\/div>\t\t\t\t\t\t\t\t<\/div>\n\t\t\t\t<\/div>\n\t\t\t\t<div class=\"elementor-element elementor-element-7d3701b elementor-widget elementor-widget-text-editor\" data-id=\"7d3701b\" data-element_type=\"widget\" data-e-type=\"widget\" data-widget_type=\"text-editor.default\">\n\t\t\t\t<div class=\"elementor-widget-container\">\n\t\t\t\t\t\t\t\t\t<div data-block-id=\"block-191412ed-7872-4145-b88a-6c468c366f4f\"><ul><li>Wir arbeiten mit indigenen Gruppen im s\u00fcdlichen Afrika im Bereich des Kunsthandwerks. Unser Ziel ist es, diesen Gruppen eine Lebensgrundlage zu bieten und gleichzeitig die Keramikkunst durch unser gemeindebasiertes Art Aid Project weiterzuentwickeln.<\/li><li>Wir bem\u00fchen uns, lokale Arbeitskr\u00e4fte einzustellen und Teammitglieder auszubilden. Wir wollen eine Bereicherung f\u00fcr Namibias Tourismus und Gastgewerbe sein, indem wir K\u00f6che, Restaurant- und Spa-Personal sowie Safari-Guides ausbilden und f\u00f6rdern.<\/li><li>Wir schulen unsere Farmarbeiter, um eine nachhaltige Landwirtschaft zu betreiben und hochwertige Produkte zu erzeugen.<\/li><li>Wir beziehen die lokalen Gemeinden kontinuierlich in die Entwicklung der Projekte mit ein, um sicherzustellen, dass die Projekte sowohl einen wirtschaftlichen als auch einen p\u00e4dagogischen Nutzen f\u00fcr die Mitglieder der Gemeinden haben.<\/li><li>Das Erlebnis f\u00fcr Besucher wird durch die kontinuierliche Integration von Wissensvermittlung in den Bereichen Umwelt und Kultur bereichert.<\/li><\/ul><\/div>\t\t\t\t\t\t\t\t<\/div>\n\t\t\t\t<\/div>\n\t\t\t\t\t<\/div>\n\t\t<\/div>\n\t\t\t\t\t<\/div>\n\t\t<\/section>\n\t\t\t\t<section class=\"elementor-section elementor-top-section elementor-element elementor-element-71f5eaf3 elementor-section-full_width elementor-section-height-default elementor-section-height-default\" data-id=\"71f5eaf3\" data-element_type=\"section\" data-e-type=\"section\">\n\t\t\t\t\t\t<div class=\"elementor-container elementor-column-gap-default\">\n\t\t\t\t\t<div class=\"elementor-column elementor-col-100 elementor-top-column elementor-element elementor-element-411eb828 animated-slow elementor-invisible\" data-id=\"411eb828\" data-element_type=\"column\" data-e-type=\"column\" data-settings=\"{&quot;background_background&quot;:&quot;classic&quot;,&quot;animation&quot;:&quot;fadeInUp&quot;}\">\n\t\t\t<div class=\"elementor-widget-wrap elementor-element-populated\">\n\t\t\t\t\t\t<div class=\"elementor-element elementor-element-2058bdc6 elementor-widget elementor-widget-heading\" data-id=\"2058bdc6\" data-element_type=\"widget\" data-e-type=\"widget\" data-widget_type=\"heading.default\">\n\t\t\t\t<div class=\"elementor-widget-container\">\n\t\t\t\t\t<h2 class=\"elementor-heading-title elementor-size-default\">ERHALTUNG UND SCHUTZ DER UMWELT<\/h2>\t\t\t\t<\/div>\n\t\t\t\t<\/div>\n\t\t\t\t<div class=\"elementor-element elementor-element-d0fc124 elementor-widget-divider--view-line_text elementor-widget-divider--element-align-left elementor-widget elementor-widget-divider\" data-id=\"d0fc124\" data-element_type=\"widget\" data-e-type=\"widget\" data-widget_type=\"divider.default\">\n\t\t\t\t<div class=\"elementor-widget-container\">\n\t\t\t\t\t\t\t<div class=\"elementor-divider\">\n\t\t\t<span class=\"elementor-divider-separator\">\n\t\t\t\t\t\t\t<span class=\"elementor-divider__text elementor-divider__element\">\n\t\t\t\tDie Gmundner Vision\t\t\t\t<\/span>\n\t\t\t\t\t\t<\/span>\n\t\t<\/div>\n\t\t\t\t\t\t<\/div>\n\t\t\t\t<\/div>\n\t\t\t\t<div class=\"elementor-element elementor-element-300ba3c0 elementor-widget elementor-widget-text-editor\" data-id=\"300ba3c0\" data-element_type=\"widget\" data-e-type=\"widget\" data-widget_type=\"text-editor.default\">\n\t\t\t\t<div class=\"elementor-widget-container\">\n\t\t\t\t\t\t\t\t\t<div data-block-id=\"block-191412ed-7872-4145-b88a-6c468c366f4f\">Wir haben uns zur Einhaltung der folgenden Protokolle verpflichtet, um unsere Auswirkungen auf die Umwelt zu reduzieren:<\/div>\t\t\t\t\t\t\t\t<\/div>\n\t\t\t\t<\/div>\n\t\t\t\t<div class=\"elementor-element elementor-element-2773c535 elementor-widget elementor-widget-text-editor\" data-id=\"2773c535\" data-element_type=\"widget\" data-e-type=\"widget\" data-widget_type=\"text-editor.default\">\n\t\t\t\t<div class=\"elementor-widget-container\">\n\t\t\t\t\t\t\t\t\t<div data-block-id=\"block-191412ed-7872-4145-b88a-6c468c366f4f\"><div class=\"ql-block\" data-block-id=\"block-8ee24135-dc70-4867-b39e-f436632cb654\"><ul><li class=\"ql-block\" data-block-id=\"block-5d1837a0-681c-45b2-ab79-530781812199\">Einsatz umweltfreundlicher Technologien zur nachhaltigen Wasserversorgung und sicheren Entsorgung von festen Abf\u00e4llen und Abw\u00e4ssern.<\/li><li class=\"ql-block\" data-block-id=\"block-309f5c3d-aa36-45c8-90e9-e8dcc93bb873\">Nutzung von Solarenergie als erneuerbare Energiequelle zur Schaffung eines autarken \u00d6kosystems.<\/li><li class=\"ql-block\" data-block-id=\"block-3085ec05-eb7b-482c-a746-e53cf4a293bb\">Aus einem unterirdischen Brunnen wird das Wasser f\u00fcr die Nutzung auf dem Gel\u00e4nde entnommen.<\/li><li class=\"ql-block\" data-block-id=\"block-faac6cd5-c198-40f2-ac7b-ec4849bd68cf\">Lebensmittel f\u00fcr G\u00e4ste und Mitarbeiter werden nach M\u00f6glichkeit auf der Gmundner Farm produziert. Damit soll eine autarke Lebensmittelversorgung gef\u00f6rdert werden.<\/li><li class=\"ql-block\" data-block-id=\"block-eba05044-5431-4972-a4ce-a47e011d95ee\">Verwendung von Baumaterialien, die sich in die nat\u00fcrliche Umgebung einf\u00fcgen; umweltfreundliche und nachhaltige Baumaterialien wie Sand aus einem Fluss auf der Farm, der nicht ganzj\u00e4hrig Wasser f\u00fchrt, und Terrassenbel\u00e4ge aus Envirodeck, einem umweltfreundlichen Verbundbelag aus 95\u00a0% recyceltem Kunststoff.<\/li><li class=\"ql-block\" data-block-id=\"block-30e97ec6-489d-4cb1-a0c7-bfc403cb8b95\">Planung und Landschaftsgestaltung der Gmundner Lodge wurden von lokalen Auftragnehmern durchgef\u00fchrt, um die negativen Auswirkungen auf das Land so gering wie m\u00f6glich zu halten.<\/li><\/ul><\/div><\/div>\t\t\t\t\t\t\t\t<\/div>\n\t\t\t\t<\/div>\n\t\t\t\t\t<\/div>\n\t\t<\/div>\n\t\t\t\t\t<\/div>\n\t\t<\/section>\n\t\t\t\t<\/div>\n\t\t","protected":false},"excerpt":{"rendered":"<p>UNSERE VERPFLICHTUNG ZUR NACHHALTIGKEIT Die Gmundner Lodge hat es sich zum Ziel gesetzt, ihren G\u00e4sten ein einzigartiges und luxuri\u00f6ses Erlebnis in der Wildnis Namibias zu bieten, das die Menschen zur\u00fcck zur Natur f\u00fchrt und dabei die nat\u00fcrliche Umwelt und das kulturelle Umfeld so wenig wie m\u00f6glich beeintr\u00e4chtigt. DIE Gmundner Vision Wir sind uns bewusst, dass [&hellip;]<\/p>\n","protected":false},"author":5,"featured_media":0,"parent":0,"menu_order":0,"comment_status":"closed","ping_status":"closed","template":"elementor_header_footer","meta":{"inline_featured_image":false,"footnotes":""},"class_list":["post-10479","page","type-page","status-publish","hentry"],"_links":{"self":[{"href":"https:\/\/gmundner-lodge.com\/de\/wp-json\/wp\/v2\/pages\/10479","targetHints":{"allow":["GET"]}}],"collection":[{"href":"https:\/\/gmundner-lodge.com\/de\/wp-json\/wp\/v2\/pages"}],"about":[{"href":"https:\/\/gmundner-lodge.com\/de\/wp-json\/wp\/v2\/types\/page"}],"author":[{"embeddable":true,"href":"https:\/\/gmundner-lodge.com\/de\/wp-json\/wp\/v2\/users\/5"}],"replies":[{"embeddable":true,"href":"https:\/\/gmundner-lodge.com\/de\/wp-json\/wp\/v2\/comments?post=10479"}],"version-history":[{"count":0,"href":"https:\/\/gmundner-lodge.com\/de\/wp-json\/wp\/v2\/pages\/10479\/revisions"}],"wp:attachment":[{"href":"https:\/\/gmundner-lodge.com\/de\/wp-json\/wp\/v2\/media?parent=10479"}],"curies":[{"name":"wp","href":"https:\/\/api.w.org\/{rel}","templated":true}]}}